{"id":5924,"date":"2024-10-09T14:16:35","date_gmt":"2024-10-09T14:16:35","guid":{"rendered":"https:\/\/kastenwagenzubehoer.de\/?post_type=product&#038;p=5924"},"modified":"2025-08-29T08:17:43","modified_gmt":"2025-08-29T08:17:43","slug":"teleskopleiter-halterung","status":"publish","type":"product","link":"https:\/\/kastenwagenzubehoer.de\/en\/product\/teleskopleiter-halterung\/","title":{"rendered":"Teleskopleiter-Halterung f\u00fcr 2,15m Variante"},"content":{"rendered":"<h1 data-start=\"117\" data-end=\"163\">\ud83d\udee0\ufe0f <span style=\"color: #ffffff;\">Halterung f\u00fcr Wohnmobil-Aufstelld\u00e4cher<\/span><\/h1>\n<p data-start=\"165\" data-end=\"338\">Die <strong data-start=\"169\" data-end=\"211\">Halterung f\u00fcr Wohnmobil-Aufstelld\u00e4cher<\/strong> ist die perfekte Erg\u00e4nzung f\u00fcr Ihre Teleskopleiter und sorgt f\u00fcr eine sichere und stabile Befestigung beim Auf- und Abstieg.<\/p>\n<hr data-start=\"340\" data-end=\"343\" \/>\n<h3 data-start=\"345\" data-end=\"362\">\ud83c\udf1f<span style=\"color: #ffffff;\"> Merkmale<\/span><\/h3>\n<ul data-start=\"363\" data-end=\"736\">\n<li data-start=\"363\" data-end=\"486\">\n<p data-start=\"365\" data-end=\"486\"><strong data-start=\"365\" data-end=\"384\">Kompatibilit\u00e4t:<\/strong> Passend f\u00fcr unsere <a class=\"decorated-link\" href=\"https:\/\/kastenwagenzubehoer.de\/en\/product\/teleskop-leiter\/?utm_source=chatgpt.com\" target=\"_new\" rel=\"noopener\" data-start=\"404\" data-end=\"484\">Teleskopleiter 2,15 m<\/a><\/p>\n<\/li>\n<li data-start=\"487\" data-end=\"583\">\n<p data-start=\"489\" data-end=\"583\"><strong data-start=\"489\" data-end=\"512\">Praktisch &amp; sicher:<\/strong> Gew\u00e4hrleistet eine feste Verbindung zwischen Leiter und Aufstelldach<\/p>\n<\/li>\n<li data-start=\"584\" data-end=\"666\">\n<p data-start=\"586\" data-end=\"666\"><strong data-start=\"586\" data-end=\"611\">Robuste Verarbeitung:<\/strong> Langlebig und f\u00fcr den regelm\u00e4\u00dfigen Einsatz ausgelegt<\/p>\n<\/li>\n<li data-start=\"667\" data-end=\"736\">\n<p data-start=\"669\" data-end=\"736\"><strong data-start=\"669\" data-end=\"693\">Einfache Handhabung:<\/strong> Schnell zu montieren und wieder zu l\u00f6sen<\/p>\n<\/li>\n<\/ul>\n<hr data-start=\"738\" data-end=\"741\" \/>\n<h3 data-start=\"743\" data-end=\"763\">\ud83d\udccf<span style=\"color: #ffffff;\"> Abmessungen<\/span><\/h3>\n<ul data-start=\"764\" data-end=\"826\">\n<li data-start=\"764\" data-end=\"786\">\n<p data-start=\"766\" data-end=\"786\">L\u00e4nge: <strong data-start=\"773\" data-end=\"784\">37,4 cm<\/strong><\/p>\n<\/li>\n<li data-start=\"787\" data-end=\"807\">\n<p data-start=\"789\" data-end=\"807\">Breite: <strong data-start=\"797\" data-end=\"805\">2 cm<\/strong><\/p>\n<\/li>\n<li data-start=\"808\" data-end=\"826\">\n<p data-start=\"810\" data-end=\"826\">H\u00f6he: <strong data-start=\"816\" data-end=\"824\">4 cm<\/strong><\/p>\n<\/li>\n<\/ul>\n<hr data-start=\"828\" data-end=\"831\" \/>\n<p data-start=\"833\" data-end=\"953\">\u2728 <strong data-start=\"835\" data-end=\"951\">Mit dieser Halterung nutzen Sie Ihre Teleskopleiter noch komfortabler und sicherer an Wohnmobil-Aufstelld\u00e4chern.<\/strong><\/p>","protected":false},"excerpt":{"rendered":"<p>\ud83d\udee0\ufe0f Halterung f\u00fcr Wohnmobil-Aufstelld\u00e4cher Die Halterung f\u00fcr Wohnmobil-Aufstelld\u00e4cher ist die perfekte Erg\u00e4nzung f\u00fcr Ihre Teleskopleiter und sorgt f\u00fcr eine sichere und stabile Befestigung beim Auf- und Abstieg. \ud83c\udf1f Merkmale Kompatibilit\u00e4t: Passend f\u00fcr unsere Teleskopleiter 2,15 m Praktisch &amp; sicher: Gew\u00e4hrleistet eine feste Verbindung zwischen Leiter und Aufstelldach Robuste Verarbeitung: Langlebig und f\u00fcr den regelm\u00e4\u00dfigen Einsatz [&hellip;]<\/p>\n","protected":false},"featured_media":5925,"comment_status":"open","ping_status":"closed","template":"","meta":{"_et_pb_use_builder":"","_et_pb_old_content":"","_et_gb_content_width":""},"product_brand":[],"product_cat":[249,95],"product_tag":[],"class_list":{"0":"post-5924","1":"product","2":"type-product","3":"status-publish","4":"has-post-thumbnail","6":"product_cat-teleskopleiter-halterungen","7":"product_cat-zubehoer","8":"product_shipping_class-versandkostenpauschale-i","10":"first","11":"instock","12":"taxable","13":"shipping-taxable","14":"purchasable","15":"product-type-simple"},"aioseo_notices":[],"_links":{"self":[{"href":"https:\/\/kastenwagenzubehoer.de\/en\/wp-json\/wp\/v2\/product\/5924","targetHints":{"allow":["GET"]}}],"collection":[{"href":"https:\/\/kastenwagenzubehoer.de\/en\/wp-json\/wp\/v2\/product"}],"about":[{"href":"https:\/\/kastenwagenzubehoer.de\/en\/wp-json\/wp\/v2\/types\/product"}],"replies":[{"embeddable":true,"href":"https:\/\/kastenwagenzubehoer.de\/en\/wp-json\/wp\/v2\/comments?post=5924"}],"wp:featuredmedia":[{"embeddable":true,"href":"https:\/\/kastenwagenzubehoer.de\/en\/wp-json\/wp\/v2\/media\/5925"}],"wp:attachment":[{"href":"https:\/\/kastenwagenzubehoer.de\/en\/wp-json\/wp\/v2\/media?parent=5924"}],"wp:term":[{"taxonomy":"product_brand","embeddable":true,"href":"https:\/\/kastenwagenzubehoer.de\/en\/wp-json\/wp\/v2\/product_brand?post=5924"},{"taxonomy":"product_cat","embeddable":true,"href":"https:\/\/kastenwagenzubehoer.de\/en\/wp-json\/wp\/v2\/product_cat?post=5924"},{"taxonomy":"product_tag","embeddable":true,"href":"https:\/\/kastenwagenzubehoer.de\/en\/wp-json\/wp\/v2\/product_tag?post=5924"}],"curies":[{"name":"wp","href":"https:\/\/api.w.org\/{rel}","templated":true}]}}