{"id":6944,"date":"2024-12-06T13:18:34","date_gmt":"2024-12-06T13:18:34","guid":{"rendered":"https:\/\/kastenwagenzubehoer.de\/?post_type=product&#038;p=6944"},"modified":"2026-04-09T07:53:43","modified_gmt":"2026-04-09T07:53:43","slug":"schwanenhals-lampe-sh140-sh140y","status":"publish","type":"product","link":"https:\/\/kastenwagenzubehoer.de\/en\/product\/schwanenhals-lampe-sh140-sh140y\/","title":{"rendered":"LED Schwanenhals-Lampe SH140 \/ SH140Y mit USB-C-Anschluss"},"content":{"rendered":"<h1 data-start=\"161\" data-end=\"207\">\ud83d\udca1 <span style=\"color: #ffffff;\">Stilvolle Schwanenhals-Lampe in Schwarz<\/span><\/h1>\n<p data-start=\"209\" data-end=\"453\">Diese Schwanenhals-Lampe ist die perfekte Kombination aus modernem Design, hoher Funktionalit\u00e4t und Energieeffizienz. Mit ihrem minimalistischen Look f\u00fcgt sie sich nahtlos in jedes Umfeld ein \u2013 sei es zu Hause, im B\u00fcro oder in einem Fahrzeug.<\/p>\n<p data-start=\"209\" data-end=\"453\">Mit dem integriertem USB-C-Anschluss kannst du ganz einfach weitere Ger\u00e4te direkt anschlie\u00dfen und bleibst immer flexibel.<\/p>\n<p data-start=\"209\" data-end=\"453\">W\u00e4hle deinen Stil<br \/>\nSH140 mit warmwei\u00dfem und rotem Licht f\u00fcr eine angenehme Atmosph\u00e4re<br \/>\nSH140Y mit gelbem und orangem Licht f\u00fcr einen besonderen Look<\/p>\n<hr data-start=\"455\" data-end=\"458\" \/>\n<h3 data-start=\"460\" data-end=\"482\">\ud83c\udf1f<span style=\"color: #ffffff;\"> Hauptmerkmale<\/span><\/h3>\n<ul data-start=\"483\" data-end=\"877\">\n<li data-start=\"483\" data-end=\"607\">\n<p data-start=\"485\" data-end=\"607\"><strong data-start=\"485\" data-end=\"506\">Spannungseingang:<\/strong> Flexibel nutzbar im Bereich von 10\u201330 V \u2013 ideal f\u00fcr Wohnmobile, Boote oder station\u00e4re Stromquellen<\/p>\n<\/li>\n<li data-start=\"608\" data-end=\"681\">\n<p data-start=\"610\" data-end=\"681\"><strong data-start=\"610\" data-end=\"631\">Energieeffizienz:<\/strong> Nur 2 Watt Verbrauch bei optimaler Ausleuchtung<\/p>\n<\/li>\n<li data-start=\"682\" data-end=\"779\">\n<p data-start=\"684\" data-end=\"779\"><strong data-start=\"684\" data-end=\"711\">Flexibler Schwanenhals:<\/strong> Pr\u00e4zise Ausrichtung des Lichts genau dorthin, wo es ben\u00f6tigt wird<\/p>\n<\/li>\n<li data-start=\"780\" data-end=\"877\">\n<p data-start=\"782\" data-end=\"877\"><strong data-start=\"782\" data-end=\"802\">Robustes Design:<\/strong> Hochwertige schwarze Oberfl\u00e4che \u2013 modern, langlebig und widerstandsf\u00e4hig<\/p>\n<\/li>\n<\/ul>\n<hr data-start=\"879\" data-end=\"882\" \/>\n<h3 data-start=\"884\" data-end=\"925\">\ud83d\udd27 <span style=\"color: #ffffff;\">Vielseitige Einsatzm\u00f6glichkeiten<\/span><\/h3>\n<p data-start=\"926\" data-end=\"982\">Diese Schwanenhals-Lampe eignet sich hervorragend als:<\/p>\n<ul data-start=\"983\" data-end=\"1064\">\n<li data-start=\"983\" data-end=\"1004\">\n<p data-start=\"985\" data-end=\"1004\">Nachttischleuchte<\/p>\n<\/li>\n<li data-start=\"1005\" data-end=\"1021\">\n<p data-start=\"1007\" data-end=\"1021\">Arbeitslicht<\/p>\n<\/li>\n<li data-start=\"1022\" data-end=\"1045\">\n<p data-start=\"1024\" data-end=\"1045\">Fahrzeugbeleuchtung<\/p>\n<\/li>\n<li data-start=\"1046\" data-end=\"1064\">\n<p data-start=\"1048\" data-end=\"1064\">Werkstattlicht<\/p>\n<\/li>\n<\/ul>\n<p data-start=\"1066\" data-end=\"1202\">Dank ihrer hohen Anpassungsf\u00e4higkeit und robusten Verarbeitung ist sie ein langlebiger und zuverl\u00e4ssiger Begleiter in jeder Situation.<\/p>\n<hr data-start=\"1204\" data-end=\"1207\" \/>\n<p data-start=\"1209\" data-end=\"1307\">\u2728 <strong data-start=\"1211\" data-end=\"1305\">Modern, flexibel und energiesparend \u2013 diese Schwanenhals-Lampe \u00fcberzeugt auf ganzer Linie!<\/strong><\/p>","protected":false},"excerpt":{"rendered":"<p>\ud83d\udca1 Stilvolle Schwanenhals-Lampe in Schwarz Diese Schwanenhals-Lampe ist die perfekte Kombination aus modernem Design, hoher Funktionalit\u00e4t und Energieeffizienz. Mit ihrem minimalistischen Look f\u00fcgt sie sich nahtlos in jedes Umfeld ein \u2013 sei es zu Hause, im B\u00fcro oder in einem Fahrzeug. Mit dem integriertem USB-C-Anschluss kannst du ganz einfach weitere Ger\u00e4te direkt anschlie\u00dfen und bleibst [&hellip;]<\/p>\n","protected":false},"featured_media":10621,"comment_status":"open","ping_status":"closed","template":"","meta":{"_et_pb_use_builder":"","_et_pb_old_content":"","_et_gb_content_width":""},"product_brand":[],"product_cat":[148],"product_tag":[],"class_list":{"0":"post-6944","1":"product","2":"type-product","3":"status-publish","4":"has-post-thumbnail","6":"product_cat-beleuchtung","7":"product_shipping_class-versandkostenpauschale-i","9":"first","10":"instock","11":"taxable","12":"shipping-taxable","13":"purchasable","14":"product-type-variable"},"aioseo_notices":[],"_links":{"self":[{"href":"https:\/\/kastenwagenzubehoer.de\/en\/wp-json\/wp\/v2\/product\/6944","targetHints":{"allow":["GET"]}}],"collection":[{"href":"https:\/\/kastenwagenzubehoer.de\/en\/wp-json\/wp\/v2\/product"}],"about":[{"href":"https:\/\/kastenwagenzubehoer.de\/en\/wp-json\/wp\/v2\/types\/product"}],"replies":[{"embeddable":true,"href":"https:\/\/kastenwagenzubehoer.de\/en\/wp-json\/wp\/v2\/comments?post=6944"}],"wp:featuredmedia":[{"embeddable":true,"href":"https:\/\/kastenwagenzubehoer.de\/en\/wp-json\/wp\/v2\/media\/10621"}],"wp:attachment":[{"href":"https:\/\/kastenwagenzubehoer.de\/en\/wp-json\/wp\/v2\/media?parent=6944"}],"wp:term":[{"taxonomy":"product_brand","embeddable":true,"href":"https:\/\/kastenwagenzubehoer.de\/en\/wp-json\/wp\/v2\/product_brand?post=6944"},{"taxonomy":"product_cat","embeddable":true,"href":"https:\/\/kastenwagenzubehoer.de\/en\/wp-json\/wp\/v2\/product_cat?post=6944"},{"taxonomy":"product_tag","embeddable":true,"href":"https:\/\/kastenwagenzubehoer.de\/en\/wp-json\/wp\/v2\/product_tag?post=6944"}],"curies":[{"name":"wp","href":"https:\/\/api.w.org\/{rel}","templated":true}]}}