{"id":7102,"date":"2024-12-11T15:28:53","date_gmt":"2024-12-11T15:28:53","guid":{"rendered":"https:\/\/kastenwagenzubehoer.de\/?post_type=product&#038;p=7102"},"modified":"2026-03-09T15:55:16","modified_gmt":"2026-03-09T15:55:16","slug":"alpine-autoradio-und-digital-media-station-mit-7-zoll-touchscreeen-fuer-fiat-ducato-8-inkl-dab-apple-carplay-und-android-auto","status":"publish","type":"product","link":"https:\/\/kastenwagenzubehoer.de\/en\/product\/alpine-autoradio-und-digital-media-station-mit-7-zoll-touchscreeen-fuer-fiat-ducato-8-inkl-dab-apple-carplay-und-android-auto\/","title":{"rendered":"Alpine Autoradio und Digital Media Station mit 7-Zoll-Touchscreeen f\u00fcr Fiat Ducato 8 inkl. DAB+, Apple CarPlay und Android Auto"},"content":{"rendered":"<p>Die neue Digital Media Station Alpine iLX-W690DU8 verf\u00fcgt \u00fcber einen kapazitiven <strong>7-Zoll<\/strong>-Touchscreen mit hoher Aufl\u00f6sung und ist f\u00fcr eine optimale Smartphone-Anbindung, wie z.B. <strong>Apple CarPlay oder Android Auto<\/strong> entwickelt worden. So k\u00f6nnen alle Apps, die f\u00fcr die Nutzung des Smartphones w\u00e4hrend der Autofahrt zur Verf\u00fcgung stehen, genutzt werden. Die <strong>Schnell-Ladefunktion<\/strong> f\u00fcr Smartphones sorgt zus\u00e4tzlich daf\u00fcr, dass der Akku Ihres Smartphones schnell aufgeladen wird.<br \/>\nDurch die sehr<strong> geringe Einbautiefe<\/strong> von nur 6 cm wird der Einbau auch in Fahrzeugen ohne 2-DIN-Einbautiefe deutlich vereinfacht.<\/p>\n<p>Mit dem zus\u00e4tzlichen <strong>4-Kanalverst\u00e4rker KTA-450<\/strong>\u00a0 oder <strong>Monoverst\u00e4rker<\/strong> <strong>KTA-200M<\/strong> k\u00f6nnen Sie Ihren iLX-W690DU8 weiter aufr\u00fcsten und die Wiedergabeleistung um das F\u00fcnffache steigern. Beide Systeme k\u00f6nnen zu einer Einheit montiert werden. So erhalten Sie ein sehr kompaktes Paket, dass in einen normalen 2-DIN-Einbauschacht leicht Platz findet.<\/p>\n<p>Dieses Power-Stack-Design wurde mit dem<strong> \u201eBest of CES Award 2019\u201c<\/strong> ausgezeichnet.<\/p>\n<p><a href=\"https:\/\/kastenwagenzubehoer.de\/wp-content\/uploads\/2024\/12\/iLX-W690DU8_7-inch-DAB-Radio-Enjoy-Seamless-Smartphone-Connectivity.jpg\"><img loading=\"lazy\" decoding=\"async\" class=\"alignnone size-full wp-image-7103\" src=\"https:\/\/kastenwagenzubehoer.de\/wp-content\/uploads\/2024\/12\/iLX-W690DU8_7-inch-DAB-Radio-Enjoy-Seamless-Smartphone-Connectivity.jpg\" alt=\"\" width=\"1600\" height=\"560\" srcset=\"https:\/\/kastenwagenzubehoer.de\/wp-content\/uploads\/2024\/12\/iLX-W690DU8_7-inch-DAB-Radio-Enjoy-Seamless-Smartphone-Connectivity.jpg 1600w, https:\/\/kastenwagenzubehoer.de\/wp-content\/uploads\/2024\/12\/iLX-W690DU8_7-inch-DAB-Radio-Enjoy-Seamless-Smartphone-Connectivity-1280x448.jpg 1280w, https:\/\/kastenwagenzubehoer.de\/wp-content\/uploads\/2024\/12\/iLX-W690DU8_7-inch-DAB-Radio-Enjoy-Seamless-Smartphone-Connectivity-980x343.jpg 980w, https:\/\/kastenwagenzubehoer.de\/wp-content\/uploads\/2024\/12\/iLX-W690DU8_7-inch-DAB-Radio-Enjoy-Seamless-Smartphone-Connectivity-480x168.jpg 480w\" sizes=\"(min-width: 0px) and (max-width: 480px) 480px, (min-width: 481px) and (max-width: 980px) 980px, (min-width: 981px) and (max-width: 1280px) 1280px, (min-width: 1281px) 1600px, 100vw\" \/><\/a><\/p>\n<div class=\"container-full-width-bk\">\n<p><strong>Die optimale Anbindung f\u00fcr Ihr Smartphone im Fiat Ducato 8<\/strong><\/p>\n<p>Sie speichern Ihre Musik auf dem Smartphone oder m\u00f6chten Musik \u00fcber Spotify, Amazon Music oder andere Online-Plattformen streamen? Sie navigieren am liebsten mit Google Maps oder anderen Navi-Apps? Die Digital Media Station Alpine iLX-W690DU8 ist ein fantastisches Produkt, mit dem Sie Ihr Smartphone im Auto voll nutzen k\u00f6nnen. Und das alles, zu einem sehr attraktiven Preis\/Leistungsverh\u00e4ltnis.<\/p>\n<p><a href=\"https:\/\/kastenwagenzubehoer.de\/wp-content\/uploads\/2024\/12\/iLX-W690DU8_7-inch-DAB-Radio.jpg\"><img loading=\"lazy\" decoding=\"async\" class=\"alignnone size-full wp-image-7104\" src=\"https:\/\/kastenwagenzubehoer.de\/wp-content\/uploads\/2024\/12\/iLX-W690DU8_7-inch-DAB-Radio.jpg\" alt=\"\" width=\"752\" height=\"376\" srcset=\"https:\/\/kastenwagenzubehoer.de\/wp-content\/uploads\/2024\/12\/iLX-W690DU8_7-inch-DAB-Radio.jpg 752w, https:\/\/kastenwagenzubehoer.de\/wp-content\/uploads\/2024\/12\/iLX-W690DU8_7-inch-DAB-Radio-480x240.jpg 480w\" sizes=\"(min-width: 0px) and (max-width: 480px) 480px, (min-width: 481px) 752px, 100vw\" \/><\/a><\/p>\n<div class=\"container-full-width-col-left-bk\">\n<p><strong>DAB\/DAB<sup>+<\/sup> Digital Radio<\/strong><\/p>\n<p>Radioempfang mit \u00fcberragender digitaler Soundqualit\u00e4t &#8211; daf\u00fcr steht der integrierte DAB+ Tuner, der mit \u00fcberlegener Empfangstechnologie auftrumpft. Er bietet Ihnen stets einen extrem akkuraten, transparenten Sound. F\u00fcr einen unterbrechungsfreien Empfang bietet der Tuner DAB+ zu DAB+ Service Following, SLS (programmbegleitende Textinformationen), Radio VIS (Sender-Cover auf Ihrem Radiodisplay) und weitere hilfreiche Informationen.<\/p>\n<p><a href=\"https:\/\/kastenwagenzubehoer.de\/wp-content\/uploads\/2024\/12\/iLX-W690DU8_7-inch-DAB-Radio-Easy-Online-Navigation.jpg\"><img loading=\"lazy\" decoding=\"async\" class=\"alignnone size-full wp-image-7105\" src=\"https:\/\/kastenwagenzubehoer.de\/wp-content\/uploads\/2024\/12\/iLX-W690DU8_7-inch-DAB-Radio-Easy-Online-Navigation.jpg\" alt=\"\" width=\"752\" height=\"376\" srcset=\"https:\/\/kastenwagenzubehoer.de\/wp-content\/uploads\/2024\/12\/iLX-W690DU8_7-inch-DAB-Radio-Easy-Online-Navigation.jpg 752w, https:\/\/kastenwagenzubehoer.de\/wp-content\/uploads\/2024\/12\/iLX-W690DU8_7-inch-DAB-Radio-Easy-Online-Navigation-480x240.jpg 480w\" sizes=\"(min-width: 0px) and (max-width: 480px) 480px, (min-width: 481px) 752px, 100vw\" \/><\/a><\/p>\n<div class=\"container-full-width-col-right-bk\">\n<p><strong>Praktische Online Navigation<\/strong><\/p>\n<p>Verwenden Sie Ihr iLX-W690DU8 mit Apple CarPlay oder Android Auto kompatiblen Navigations-Apps, um Ihre Zeile zu finden und sicher zu erreichen. Es gibt viele hervorragende Navigations-Apps (wie Google Maps, Apple Maps, Waze usw.), die auch Live-Verkehrsinformationen und erweiterte Suchfunktionen enthalten.<\/p>\n<p><a href=\"https:\/\/kastenwagenzubehoer.de\/wp-content\/uploads\/2024\/12\/iLX-W690DU8_7-inch-DAB-Radio-Works-with-Apple-CarPlay.jpg\"><img loading=\"lazy\" decoding=\"async\" class=\"alignnone size-full wp-image-7106\" src=\"https:\/\/kastenwagenzubehoer.de\/wp-content\/uploads\/2024\/12\/iLX-W690DU8_7-inch-DAB-Radio-Works-with-Apple-CarPlay.jpg\" alt=\"\" width=\"752\" height=\"376\" srcset=\"https:\/\/kastenwagenzubehoer.de\/wp-content\/uploads\/2024\/12\/iLX-W690DU8_7-inch-DAB-Radio-Works-with-Apple-CarPlay.jpg 752w, https:\/\/kastenwagenzubehoer.de\/wp-content\/uploads\/2024\/12\/iLX-W690DU8_7-inch-DAB-Radio-Works-with-Apple-CarPlay-480x240.jpg 480w\" sizes=\"(min-width: 0px) and (max-width: 480px) 480px, (min-width: 481px) 752px, 100vw\" \/><\/a><\/p>\n<div class=\"container-full-width-col-left-bk\">\n<p><strong>Works with Apple CarPlay<\/strong><\/p>\n<p>Durch \u201eWorks with Apple CarPlay\u201c wird es iPhone-Benutzern erm\u00f6glicht, Anrufe zu t\u00e4tigen und entgegenzunehmen, Textnachrichten vorlesen zu lassen, Musik abzuspielen und Wegbeschreibungen so abzurufen, dass sie sich immer auf die Stra\u00dfe konzentrieren k\u00f6nnen. Die meisten Apps sind f\u00fcr die Sprachsteuerung von Siri optimiert. Apple CarPlay ist kompatibel ab iPhone 5S (das iPhone muss \u00fcber ein Apple Lightning-Kabel verbunden werden).<\/p>\n<p><a href=\"https:\/\/kastenwagenzubehoer.de\/wp-content\/uploads\/2024\/12\/iLX-W690DU8_7-inch-DAB-Radio-Works-with-Android-Auto.jpg\"><img loading=\"lazy\" decoding=\"async\" class=\"alignnone size-full wp-image-7107\" src=\"https:\/\/kastenwagenzubehoer.de\/wp-content\/uploads\/2024\/12\/iLX-W690DU8_7-inch-DAB-Radio-Works-with-Android-Auto.jpg\" alt=\"\" width=\"752\" height=\"376\" srcset=\"https:\/\/kastenwagenzubehoer.de\/wp-content\/uploads\/2024\/12\/iLX-W690DU8_7-inch-DAB-Radio-Works-with-Android-Auto.jpg 752w, https:\/\/kastenwagenzubehoer.de\/wp-content\/uploads\/2024\/12\/iLX-W690DU8_7-inch-DAB-Radio-Works-with-Android-Auto-480x240.jpg 480w\" sizes=\"(min-width: 0px) and (max-width: 480px) 480px, (min-width: 481px) 752px, 100vw\" \/><\/a><\/p>\n<div class=\"container-full-width-col-right-bk\">\n<p><strong>Works with Android Auto<\/strong><\/p>\n<p>Android Auto wurde vor allem in Hinblick auf mehr Sicherheit im Stra\u00dfenverkehr entworfen und arbeitet mit dem Google Assistant (USB-Kabel als auch eine Bluetooth\u00ae-Verbindung erforderlich &#8211; Android \u2122 -Smartphone mit Version 5.0 [Lollipop] oder h\u00f6her und die Android Auto-App). F\u00fcr den Zugriff auf den Google-Assistenten von Android Auto, sagen Sie einfach &#8222;OK Google&#8220; oder w\u00e4hlen Sie die Mikrofontaste. Mit dem Google Assistent in Android Auto k\u00f6nnen Nutzer ihre Lieblingsmusik abspielen, Wegbeschreibungen zu ihrem Ziel abrufen, mit Smart-Home-Ger\u00e4ten interagieren und auf Textnachrichten antworten.<\/p>\n<p><a href=\"https:\/\/kastenwagenzubehoer.de\/wp-content\/uploads\/2024\/12\/iLX-W690DU8_7-inch-DAB-Radio-High-Speed-Smartphone-Charging.jpg\"><img loading=\"lazy\" decoding=\"async\" class=\"alignnone size-full wp-image-7108\" src=\"https:\/\/kastenwagenzubehoer.de\/wp-content\/uploads\/2024\/12\/iLX-W690DU8_7-inch-DAB-Radio-High-Speed-Smartphone-Charging.jpg\" alt=\"\" width=\"752\" height=\"376\" srcset=\"https:\/\/kastenwagenzubehoer.de\/wp-content\/uploads\/2024\/12\/iLX-W690DU8_7-inch-DAB-Radio-High-Speed-Smartphone-Charging.jpg 752w, https:\/\/kastenwagenzubehoer.de\/wp-content\/uploads\/2024\/12\/iLX-W690DU8_7-inch-DAB-Radio-High-Speed-Smartphone-Charging-480x240.jpg 480w\" sizes=\"(min-width: 0px) and (max-width: 480px) 480px, (min-width: 481px) 752px, 100vw\" \/><\/a><\/p>\n<div class=\"container-full-width-col-left-bk\">\n<p><strong>Schnellladefunktion<\/strong><\/p>\n<p>Verbinden Sie Ihr Smartphone \u00fcber USB und laden Sie Ihr Telefon mit Hilfe der Schnellladefunktion. Damit wird sichergestellt, dass Ihr Smartphone w\u00e4hrend der Fahrt schnell aufgeladen wird und beim Verlassen des Autos wieder f\u00fcr lange Zeit einsatzbereit ist.<\/p>\n<p><a href=\"https:\/\/kastenwagenzubehoer.de\/wp-content\/uploads\/2024\/12\/iLX-W690DU8_7-inch-DAB-Radio-Shallow-Installation-Depth.jpg\"><img loading=\"lazy\" decoding=\"async\" class=\"alignnone size-full wp-image-7109\" src=\"https:\/\/kastenwagenzubehoer.de\/wp-content\/uploads\/2024\/12\/iLX-W690DU8_7-inch-DAB-Radio-Shallow-Installation-Depth.jpg\" alt=\"\" width=\"752\" height=\"376\" srcset=\"https:\/\/kastenwagenzubehoer.de\/wp-content\/uploads\/2024\/12\/iLX-W690DU8_7-inch-DAB-Radio-Shallow-Installation-Depth.jpg 752w, https:\/\/kastenwagenzubehoer.de\/wp-content\/uploads\/2024\/12\/iLX-W690DU8_7-inch-DAB-Radio-Shallow-Installation-Depth-480x240.jpg 480w\" sizes=\"(min-width: 0px) and (max-width: 480px) 480px, (min-width: 481px) 752px, 100vw\" \/><\/a><\/p>\n<div class=\"container-full-width-col-right-bk\">\n<p><strong>Geringe Einbautiefe<\/strong><\/p>\n<p>Die Einbautiefe des iLX-W690DU8 betr\u00e4gt nur 6 cm und kann daher auch in Fahrzeugen mit geringer 2-DIN Einbautiefe montiert werden. Aus diesem Grund ist dieses Ger\u00e4t sehr vielseitig und kann sehr leicht mit dem KTA-450 Verst\u00e4rker aufger\u00fcstet werden.<\/p>\n<p><a href=\"https:\/\/kastenwagenzubehoer.de\/wp-content\/uploads\/2024\/12\/iLX-W690DU8_7-inch-DAB-Radio-Vehicle-Data-Bus-Camera-Connectivity.jpg\"><img loading=\"lazy\" decoding=\"async\" class=\"alignnone size-full wp-image-7110\" src=\"https:\/\/kastenwagenzubehoer.de\/wp-content\/uploads\/2024\/12\/iLX-W690DU8_7-inch-DAB-Radio-Vehicle-Data-Bus-Camera-Connectivity.jpg\" alt=\"\" width=\"752\" height=\"376\" srcset=\"https:\/\/kastenwagenzubehoer.de\/wp-content\/uploads\/2024\/12\/iLX-W690DU8_7-inch-DAB-Radio-Vehicle-Data-Bus-Camera-Connectivity.jpg 752w, https:\/\/kastenwagenzubehoer.de\/wp-content\/uploads\/2024\/12\/iLX-W690DU8_7-inch-DAB-Radio-Vehicle-Data-Bus-Camera-Connectivity-480x240.jpg 480w\" sizes=\"(min-width: 0px) and (max-width: 480px) 480px, (min-width: 481px) 752px, 100vw\" \/><\/a><\/p>\n<div class=\"container-full-width-col-left-bk\">\n<p><strong>Telefonsteuerung \u00fcber die Lenkradfernbedienung<\/strong><\/p>\n<p>Das iLX-W690DU8 unterst\u00fctzt die vorhandenen Funktionen der Lenkradfernbedienung im Fiat Ducato 3. Der mitgelieferte Anschlusskabelbaum enth\u00e4lt daf\u00fcr das entsprechende Interface.<\/p>\n<p><a href=\"https:\/\/kastenwagenzubehoer.de\/wp-content\/uploads\/2024\/12\/iLX-W690DU_7-inch-DAB-Radio-Built-in-Bluetooth.jpg\"><img loading=\"lazy\" decoding=\"async\" class=\"alignnone size-full wp-image-7073\" src=\"https:\/\/kastenwagenzubehoer.de\/wp-content\/uploads\/2024\/12\/iLX-W690DU_7-inch-DAB-Radio-Built-in-Bluetooth.jpg\" alt=\"\" width=\"752\" height=\"376\" srcset=\"https:\/\/kastenwagenzubehoer.de\/wp-content\/uploads\/2024\/12\/iLX-W690DU_7-inch-DAB-Radio-Built-in-Bluetooth.jpg 752w, https:\/\/kastenwagenzubehoer.de\/wp-content\/uploads\/2024\/12\/iLX-W690DU_7-inch-DAB-Radio-Built-in-Bluetooth-480x240.jpg 480w\" sizes=\"(min-width: 0px) and (max-width: 480px) 480px, (min-width: 481px) 752px, 100vw\" \/><\/a><\/p>\n<div class=\"container-full-width-col-right-bk\">\n<p><strong>Bluetooth integriert<\/strong><\/p>\n<p>Das eingebaute Bluetooth-Modul erm\u00f6glicht den Freisprechbetrieb Ihres Mobiltelefons w\u00e4hrend der Fahrt. Sie k\u00f6nnen Ihre Musik auch \u00fcber Bluetooth auf Ihren Alpine iLX-W690DU8 streamen und den Sound \u00fcber das Audiosystem Ihres Autos genie\u00dfen.<\/p>\n<p><a href=\"https:\/\/kastenwagenzubehoer.de\/wp-content\/uploads\/2024\/12\/iLX-W690DU8_7-inch-DAB-Radio-Up-To-5x-Speaker-Power.jpg\"><img loading=\"lazy\" decoding=\"async\" class=\"alignnone size-full wp-image-7111\" src=\"https:\/\/kastenwagenzubehoer.de\/wp-content\/uploads\/2024\/12\/iLX-W690DU8_7-inch-DAB-Radio-Up-To-5x-Speaker-Power.jpg\" alt=\"\" width=\"752\" height=\"376\" srcset=\"https:\/\/kastenwagenzubehoer.de\/wp-content\/uploads\/2024\/12\/iLX-W690DU8_7-inch-DAB-Radio-Up-To-5x-Speaker-Power.jpg 752w, https:\/\/kastenwagenzubehoer.de\/wp-content\/uploads\/2024\/12\/iLX-W690DU8_7-inch-DAB-Radio-Up-To-5x-Speaker-Power-480x240.jpg 480w\" sizes=\"(min-width: 0px) and (max-width: 480px) 480px, (min-width: 481px) 752px, 100vw\" \/><\/a><\/p>\n<div class=\"container-full-width-col-left-bk\">\n<p><strong>5x mehr Leistung<\/strong><\/p>\n<p>Verleihen Sie Ihrem iLX-W690DU8 mit dem 4-Kanal-KTA-450-Power Pack und 4x 50 Watt RMS einen positiven Klangschub. Dank der exklusiven Dynamic Peak Power (DPP) -Technologie von Alpine kann diese bei dynamischen Musikpassagen, die Leistung sogar auf 100 Watt DPP pro Kanal erh\u00f6hen. Sie k\u00f6nnen den KTA-200M Monoverst\u00e4rker ebenfalls als Power-Stack verwenden und einen kompatiblen Subwoofer f\u00fcr zus\u00e4tzliche B\u00e4sse in Ihrem System anschlie\u00dfen.<\/p>\n<p><a href=\"https:\/\/kastenwagenzubehoer.de\/wp-content\/uploads\/2024\/12\/iLX-W690DU8_7-inch-DAB-Radio-Power-Stacked-To-Save-Space.jpg\"><img loading=\"lazy\" decoding=\"async\" class=\"alignnone size-full wp-image-7112\" src=\"https:\/\/kastenwagenzubehoer.de\/wp-content\/uploads\/2024\/12\/iLX-W690DU8_7-inch-DAB-Radio-Power-Stacked-To-Save-Space.jpg\" alt=\"\" width=\"752\" height=\"376\" srcset=\"https:\/\/kastenwagenzubehoer.de\/wp-content\/uploads\/2024\/12\/iLX-W690DU8_7-inch-DAB-Radio-Power-Stacked-To-Save-Space.jpg 752w, https:\/\/kastenwagenzubehoer.de\/wp-content\/uploads\/2024\/12\/iLX-W690DU8_7-inch-DAB-Radio-Power-Stacked-To-Save-Space-480x240.jpg 480w\" sizes=\"(min-width: 0px) and (max-width: 480px) 480px, (min-width: 481px) 752px, 100vw\" \/><\/a><\/p>\n<div class=\"container-full-width-col-right-bk\">\n<p><strong>Platzsparendes PowerPack-Konzept<\/strong><\/p>\n<p>Das preisgekr\u00f6nte PowerPack-System von Alpine, mit einer Einbautiefe von nur 12,7 cm kann damit in jeder 2-DIN-Einbau\u00f6ffnung eingesetzt werden. Mitgelieferte Halterungen und Kabelb\u00e4ume erm\u00f6glichen eine schnelle und einfache Installation. Genie\u00dfen Sie den zus\u00e4tzlichen Klang-Boost in Ihrem Fahrzeug mit dieser sehr einfachen und praktischen L\u00f6sung.<\/p>\n<div class=\"colL\">\n<p><strong>AUSSTATTUNG<\/strong><br \/>\n<strong>ALLGEMEIN<\/strong><\/p>\n<ul>\n<li>7-Zoll-Touchscreen mit grafischer Benutzeroberfl\u00e4che<\/li>\n<li>DAB+ Digital Radio Tuner<\/li>\n<li>UKW \/ AM (RDS) Tuner<\/li>\n<li>Stationsspeicher (UKW: 2x 6 \/ DAB: 3x 6 \/ AM: 1x 6)<\/li>\n<li>Works with Apple CarPlay<\/li>\n<li>Works with Android Auto<\/li>\n<li>5-Band grafischer EQ<\/li>\n<li>10 EQ Pre-Sets<\/li>\n<li>Digitale Frequenzweiche<\/li>\n<li>6-Kanal Laufzeitkorrektur<\/li>\n<li>MediaXpander<\/li>\n<li>Unabh\u00e4ngige Einstellung der Quelllautst\u00e4rke<\/li>\n<li>Bluetooth f\u00fcr Audio Streaming und Freisprecheinrichtung<\/li>\n<li>Mikrofone inklusive<\/li>\n<li>1 A\/V AUX-Eingang (RCA)<\/li>\n<li>1 Video-Ausgang (RCA)<\/li>\n<li>2 RCA-Kameraanschl\u00fcsse (Vorn und hinten)<\/li>\n<li>HDMI-Eingang<\/li>\n<li>3 PreOuts (4 Volt)<\/li>\n<li>KTA-450 und KTA-200M Power Pack Ready<\/li>\n<li>USB-Anschluss (inkl. 2 m Anschlusskabel)<\/li>\n<li>USB-Video, Audio und Bilder Wiedergabe<\/li>\n<li>Lenkradfernbedienung Ready<\/li>\n<li>Fernbedienung Ready (optional RUE-4360)<\/li>\n<li>Inklusive aller Einbauteile und Anschlusskabel zur Installation im Fiat Ducato 8<\/li>\n<\/ul>\n<p><strong>SPEZIFIKATIONEN<\/strong><br \/>\n<strong>BILDSCHIRM<\/strong><\/p>\n<ul>\n<li>Bildschirmgr\u00f6\u00dfe\u2028: 18 cm (7-Zoll)<\/li>\n<li>LCD-Typ: Transparent Type TN LCD<\/li>\n<li>Arbeitssystem: TFT Active Matrix<\/li>\n<li>Anzahl der Bildpunkte: 1,152,000 Pixel RGB (800 x 3 x 480)<\/li>\n<li>Effektive Anzahl der Bildelemente: 99.99% oder mehr<\/li>\n<li>Beleuchtungssystem: LED-Hintergrundbeleuchtung<\/li>\n<\/ul>\n<p><strong>TUNER<\/strong><\/p>\n<ul>\n<li>FM-Frequenzbereich\u2028: 87.5 \u2013 108.0 MHz<\/li>\n<li>AM-Frequenzbereich: 531 \u2013 1,602 kHz<\/li>\n<li>Signal-Rausch-Abstand (S\/N): 65 dB<\/li>\n<li>DAB-Frequenzbereich: 174.928 \u2013 239.2 MHz<\/li>\n<li>Eingangsempfindlichkeit: -92 dBm<\/li>\n<li>Signal-Rausch-Abstand Band III: 70 dB<\/li>\n<\/ul>\n<p><strong>USB <\/strong><\/p>\n<ul>\n<li>USB-Anforderungen: USB 2.0<\/li>\n<li>Max. Stromaufnahme: 1.500 mA (CDP Support)<\/li>\n<li>USB-Klasse: Wiedergabe vom Ger\u00e4t \/ Massenspeicher<\/li>\n<li>Dateisystem: FAT 16\/32<\/li>\n<li>Dynamikbereich (@ 1 kHz): 95 dB<\/li>\n<li>Signal-Rausch-Abstand: 100 dB<\/li>\n<li>WAV \/ FLAC \/ MP3 \/ WMA \/ AAC Audio Wiedergabe (von USB)<\/li>\n<li>MP4 \/ MOV \/ AVI \/ WMV \/ MPG Video Wiedergabe (von USB)<\/li>\n<li>JPG \/ PNG \/ BMP Bilder\u00a0 Wiedergabe\u00a0 (von USB)<\/li>\n<\/ul>\n<p><strong>HDMI <\/strong><\/p>\n<ul>\n<li>Eingangsformat: 720p\/480p\/VGA<\/li>\n<\/ul>\n<p><strong>BLUETOOTH <\/strong><\/p>\n<ul>\n<li>Bluetooth Specification: Bluetooth V4.1<\/li>\n<li>HFP (Hands-Free Profile)<\/li>\n<li>PBAP (Phone Book Access Profile)<\/li>\n<li>A2DP (Advanced Audio Distribution Profile)<\/li>\n<li>AVRCP (Audio\/Video Remote Control Profile)<\/li>\n<\/ul>\n<p><strong>ALLGEMEIN<\/strong><\/p>\n<ul>\n<li>Spannungsversorgung: 14,4 V.DC (11-16 V zul\u00e4ssig)<\/li>\n<li>Arbeistemperatur\u2028: -20\u00b0C bis + 60\u00b0C<\/li>\n<li>Ausgangsleistung: 4x 50 Watt<\/li>\n<li>Gewicht: 1,0 kg<\/li>\n<\/ul>\n<p><strong>ABMESSUNGEN<\/strong><\/p>\n<ul>\n<li>Breite: 178 mm<\/li>\n<li>H\u00f6he: 100 mm<\/li>\n<li>Tiefe: 60 mm<\/li>\n<\/ul>\n<p>Kompatible Fahrzeuge: Fiat Ducato III Version 8, Modelljahr 2022 -&gt;<\/p>\n<\/div>\n<div class=\"colR\">\n<p><strong>Hinweis: <\/strong><br \/>\nDas iLX-W690DU8 ist nur in Fahrzeugen mit Radiovorbereitung oder offenen Radioschacht kompatibel.<\/p>\n<hr \/>\n<p><strong>Support<\/strong><\/p>\n<p><a href=\"https:\/\/kastenwagenzubehoer.de\/wp-content\/uploads\/2024\/12\/OM_iLX-W690D_iLX-W690DU_iLX-W690DU8_DE-1.pdf\">OM_iLX-W690D_iLX-W690DU_iLX-W690DU8_DE<\/a><\/p>\n<p><a href=\"https:\/\/kastenwagenzubehoer.de\/wp-content\/uploads\/2024\/12\/OM_iLX-W690D_iLX-W690DU_iLX-W690DU8_EN_ALL-1.pdf\">OM_iLX-W690D_iLX-W690DU_iLX-W690DU8_EN_ALL<\/a><\/p>\n<p><a href=\"https:\/\/kastenwagenzubehoer.de\/wp-content\/uploads\/2024\/12\/IM_KIT-7FI-DU8_iLX-W690DU8_INE-W611DU8_SWRC_EN_ALL.pdf\">IM_KIT-7FI-DU8_iLX-W690DU8_INE-W611DU8_SWRC_EN_ALL<\/a><\/p>\n<p><a href=\"https:\/\/kastenwagenzubehoer.de\/wp-content\/uploads\/2024\/12\/IM_KIT-7FI-DU8_iLX-W690DU8_INE-W611DU8_FRAME_EN_ALL.pdf\">IM_KIT-7FI-DU8_iLX-W690DU8_INE-W611DU8_FRAME_EN_ALL<\/a><\/p>\n<p><a href=\"https:\/\/kastenwagenzubehoer.de\/wp-content\/uploads\/2024\/12\/QRG_iLX-W690D_iLX-W690DU_iLX-W690DU8_EN_ALL-1.pdf\">QRG_iLX-W690D_iLX-W690DU_iLX-W690DU8_EN_ALL<\/a><\/p>\n<\/div>\n<\/div>\n<\/div>\n<\/div>\n<\/div>\n<\/div>\n<\/div>\n<\/div>\n<\/div>\n<\/div>\n<\/div>\n<\/div>\n","protected":false},"excerpt":{"rendered":"<p>Die neue Digital Media Station Alpine iLX-W690DU8 verf\u00fcgt \u00fcber einen kapazitiven 7-Zoll-Touchscreen mit hoher Aufl\u00f6sung und ist f\u00fcr eine optimale Smartphone-Anbindung, wie z.B. Apple CarPlay oder Android Auto entwickelt worden. So k\u00f6nnen alle Apps, die f\u00fcr die Nutzung des Smartphones w\u00e4hrend der Autofahrt zur Verf\u00fcgung stehen, genutzt werden. Die Schnell-Ladefunktion f\u00fcr Smartphones sorgt zus\u00e4tzlich daf\u00fcr, [&hellip;]<\/p>\n","protected":false},"featured_media":7118,"comment_status":"open","ping_status":"closed","template":"","meta":{"_et_pb_use_builder":"","_et_pb_old_content":"","_et_gb_content_width":""},"product_brand":[],"product_cat":[331,277,94],"product_tag":[],"class_list":{"0":"post-7102","1":"product","2":"type-product","3":"status-publish","4":"has-post-thumbnail","6":"product_cat-autoradios","7":"product_cat-multimedia","8":"product_cat-navigationssysteme","9":"product_shipping_class-versandkostenpauschale-ii","11":"first","12":"instock","13":"taxable","14":"shipping-taxable","15":"purchasable","16":"product-type-simple"},"aioseo_notices":[],"_links":{"self":[{"href":"https:\/\/kastenwagenzubehoer.de\/en\/wp-json\/wp\/v2\/product\/7102","targetHints":{"allow":["GET"]}}],"collection":[{"href":"https:\/\/kastenwagenzubehoer.de\/en\/wp-json\/wp\/v2\/product"}],"about":[{"href":"https:\/\/kastenwagenzubehoer.de\/en\/wp-json\/wp\/v2\/types\/product"}],"replies":[{"embeddable":true,"href":"https:\/\/kastenwagenzubehoer.de\/en\/wp-json\/wp\/v2\/comments?post=7102"}],"wp:featuredmedia":[{"embeddable":true,"href":"https:\/\/kastenwagenzubehoer.de\/en\/wp-json\/wp\/v2\/media\/7118"}],"wp:attachment":[{"href":"https:\/\/kastenwagenzubehoer.de\/en\/wp-json\/wp\/v2\/media?parent=7102"}],"wp:term":[{"taxonomy":"product_brand","embeddable":true,"href":"https:\/\/kastenwagenzubehoer.de\/en\/wp-json\/wp\/v2\/product_brand?post=7102"},{"taxonomy":"product_cat","embeddable":true,"href":"https:\/\/kastenwagenzubehoer.de\/en\/wp-json\/wp\/v2\/product_cat?post=7102"},{"taxonomy":"product_tag","embeddable":true,"href":"https:\/\/kastenwagenzubehoer.de\/en\/wp-json\/wp\/v2\/product_tag?post=7102"}],"curies":[{"name":"wp","href":"https:\/\/api.w.org\/{rel}","templated":true}]}}