{"id":7413,"date":"2025-01-27T09:26:49","date_gmt":"2025-01-27T09:26:49","guid":{"rendered":"https:\/\/kastenwagenzubehoer.de\/?post_type=product&#038;p=7413"},"modified":"2026-02-12T14:02:54","modified_gmt":"2026-02-12T14:02:54","slug":"pcs-fahrerhausbeleuchtung-lite-led-b-ware","status":"publish","type":"product","link":"https:\/\/kastenwagenzubehoer.de\/en\/product\/pcs-fahrerhausbeleuchtung-lite-led-b-ware\/","title":{"rendered":"PCS Fahrerhausbeleuchtung Lite (LED) (B-Ware)"},"content":{"rendered":"<p>Die PCS Fahrerhausbeleuchtung Lite als B-Ware zum Sonderpreis!<\/p>\n<p>Hiermit erhalten Sie eine voll funktionsf\u00e4hige Fahrerhausbeleuchtung mit optischen M\u00e4ngeln wie Kratzer, Dellen o.\u00c4.<\/p>\n<p>Die PCS Fahrerhausbeleuchtung Lite ist geeignet f\u00fcr den Fiat Ducato, Peugeot Boxer und Citroen Jumper.<\/p>\n<p><strong>Vergessen Sie das schwache Licht im Fahrerhaus!<\/strong><\/p>\n<p>Die <strong>PCS Fahrerhausbeleuchtung Lite<\/strong> ist f\u00fcr Kastenwagen-Besitzer unverzichtbar. Dezent ins Design der B-S\u00e4ulenverkleidung integriert, f\u00fcgt sie sich harmonisch ins Interieur ein. Das warmwei\u00dfe Licht schafft eine angenehme Atmosph\u00e4re, gesteuert \u00fcber einen <strong>praktischen Sensorschalter<\/strong> \u2013 individuell f\u00fcr Fahrer und Beifahrer.<\/p>\n<p>Mehr Stil, mehr Komfort, mehr Licht!<\/p>\n<p><strong>Technische Daten<\/strong><\/p>\n<p>Leuchtmittel: LED<\/p>\n<p>Spannungseingang: 12V DC<\/p>\n<p>Leistungsaufnahme: 12 Watt<\/p>\n<p>Lichtfarbe: Warmwei\u00df<\/p>\n<p>Lichttemperatur: 3000 K<\/p>\n<p>Material: Aluminium<\/p>\n<p>Art der Verarbeitung: <span style=\"color: #ff0000;\">Aluminium-Hohlprofil<\/span><\/p>\n<p>Abmessungen (LxBxH): 1195x50x4 mm<\/p>\n<p>&nbsp;<\/p>\n<p><a href=\"https:\/\/kastenwagenzubehoer.de\/wp-content\/uploads\/2023\/06\/Anleitung-Fahrerhausbeleuchtung.pdf\" target=\"_blank\" rel=\"noopener\">Anleitung &#8211; Fahrerhausbeleuchtung (Deutsch)<\/a><\/p>\n<p>&nbsp;<\/p>\n<p><strong>Video zum Einbau der PCS Fahrerhausbeleuchtung:<\/strong><\/p>\n<div style=\"width: 1080px;\" class=\"wp-video\"><video class=\"wp-video-shortcode\" id=\"video-7413-1\" width=\"1080\" height=\"608\" poster=\"https:\/\/kastenwagenzubehoer.de\/wp-content\/uploads\/2024\/06\/Einbau-der-PCS-Fahrerhausbeleuchtung-scaled.jpg\" preload=\"metadata\" controls=\"controls\"><source type=\"video\/mp4\" src=\"https:\/\/kastenwagenzubehoer.de\/wp-content\/uploads\/2024\/09\/Einbau-der-PCS-Fahrerhausbeleuchtung-Variante-2.mp4?_=1\" \/><a href=\"https:\/\/kastenwagenzubehoer.de\/wp-content\/uploads\/2024\/09\/Einbau-der-PCS-Fahrerhausbeleuchtung-Variante-2.mp4\">https:\/\/kastenwagenzubehoer.de\/wp-content\/uploads\/2024\/09\/Einbau-der-PCS-Fahrerhausbeleuchtung-Variante-2.mp4<\/a><\/video><\/div>","protected":false},"excerpt":{"rendered":"<p>Die PCS Fahrerhausbeleuchtung Lite als B-Ware zum Sonderpreis! Hiermit erhalten Sie eine voll funktionsf\u00e4hige Fahrerhausbeleuchtung mit optischen M\u00e4ngeln wie Kratzer, Dellen o.\u00c4. Die PCS Fahrerhausbeleuchtung Lite ist geeignet f\u00fcr den Fiat Ducato, Peugeot Boxer und Citroen Jumper. Vergessen Sie das schwache Licht im Fahrerhaus! Die PCS Fahrerhausbeleuchtung Lite ist f\u00fcr Kastenwagen-Besitzer unverzichtbar. Dezent ins Design [&hellip;]<\/p>\n","protected":false},"featured_media":7414,"comment_status":"open","ping_status":"closed","template":"","meta":{"_et_pb_use_builder":"","_et_pb_old_content":"","_et_gb_content_width":""},"product_brand":[],"product_cat":[118],"product_tag":[],"class_list":{"0":"post-7413","1":"product","2":"type-product","3":"status-publish","4":"has-post-thumbnail","6":"product_cat-aktionen-sonderposten","7":"product_shipping_class-versandkostenpauschale-iii","9":"first","10":"instock","11":"taxable","12":"shipping-taxable","13":"purchasable","14":"product-type-simple"},"aioseo_notices":[],"_links":{"self":[{"href":"https:\/\/kastenwagenzubehoer.de\/en\/wp-json\/wp\/v2\/product\/7413","targetHints":{"allow":["GET"]}}],"collection":[{"href":"https:\/\/kastenwagenzubehoer.de\/en\/wp-json\/wp\/v2\/product"}],"about":[{"href":"https:\/\/kastenwagenzubehoer.de\/en\/wp-json\/wp\/v2\/types\/product"}],"replies":[{"embeddable":true,"href":"https:\/\/kastenwagenzubehoer.de\/en\/wp-json\/wp\/v2\/comments?post=7413"}],"wp:featuredmedia":[{"embeddable":true,"href":"https:\/\/kastenwagenzubehoer.de\/en\/wp-json\/wp\/v2\/media\/7414"}],"wp:attachment":[{"href":"https:\/\/kastenwagenzubehoer.de\/en\/wp-json\/wp\/v2\/media?parent=7413"}],"wp:term":[{"taxonomy":"product_brand","embeddable":true,"href":"https:\/\/kastenwagenzubehoer.de\/en\/wp-json\/wp\/v2\/product_brand?post=7413"},{"taxonomy":"product_cat","embeddable":true,"href":"https:\/\/kastenwagenzubehoer.de\/en\/wp-json\/wp\/v2\/product_cat?post=7413"},{"taxonomy":"product_tag","embeddable":true,"href":"https:\/\/kastenwagenzubehoer.de\/en\/wp-json\/wp\/v2\/product_tag?post=7413"}],"curies":[{"name":"wp","href":"https:\/\/api.w.org\/{rel}","templated":true}]}}