{"id":76,"date":"2021-07-20T12:50:25","date_gmt":"2021-07-20T12:50:25","guid":{"rendered":"https:\/\/kastenwagenzubehoer.de\/produkt\/produkt-50"},"modified":"2024-12-05T09:56:05","modified_gmt":"2024-12-05T09:56:05","slug":"pcs-kabeldurchfuehrung","status":"publish","type":"product","link":"https:\/\/kastenwagenzubehoer.de\/en\/product\/pcs-kabeldurchfuehrung\/","title":{"rendered":"PCS Kabeldurchf\u00fchrung"},"content":{"rendered":"<p class=\"p1\">Die PCS Kabeldurchf\u00fchrung ist eine leichte Version der Kabeldurchf\u00fchrung mit einem Eingang. Hergestellt aus festem ABS Kunststoff und ausger\u00fcstet mit einer IP68 Verschraubung. Die Durchf\u00fchrungen sind ausgelegt f\u00fcr den Einsatz im mobilen Bereich auf Autos, Wohnmobilen oder Booten. Die ideale Durchf\u00fchrung f\u00fcr Kabel, die mechanisch nicht weiter beansprucht werden und die selten entfernt werden m\u00fcssen (bei Wartung oder Reinigung etc.).<\/p>\n<p class=\"p1\">Wenn die Dachdurchf\u00fchrung fachgerecht verklebt wurde, bietet sie im Zusammenspiel mit den PEG-Verschraubungen einen soliden Schutz vor eindringender Feuchtigkeit und Staub. Die Verschraubungen entsprechen der Schutzart IP68 und sind im Lieferumfang enthalten.<\/p>\n<p class=\"p1\">Die PCS Kabeldurchf\u00fchrung wird inkl. PG25 Verschraubung und drei Montagegummis mit unterschiedlichen Bohrungen f\u00fcr mehr Flexibilit\u00e4t geliefert<\/p>\n<p>&nbsp;<\/p>\n<p class=\"p1\"><b>Lieferumfang:<\/b><\/p>\n<p class=\"p1\">1x PCS Kabeldurchf\u00fchrung mit PG 25 Verschraubung<\/p>\n<p class=\"p1\">1x \u00d824,7 Gummi mit einer \u00d8 13mm Bohrung<\/p>\n<p class=\"p1\">1x \u00d824,7 Gummi mit einer \u00d8 8mm Bohrung<\/p>\n<p class=\"p1\">1x \u00d824,7 Gummi mit einer \u00d8 8mm und \u00d8 5mm Bohrung<\/p>","protected":false},"excerpt":{"rendered":"<p>Die PCS Kabeldurchf\u00fchrung ist eine leichte Version der Kabeldurchf\u00fchrung mit einem Eingang. Hergestellt aus festem ABS Kunststoff und ausger\u00fcstet mit einer IP68 Verschraubung. Die Durchf\u00fchrungen sind ausgelegt f\u00fcr den Einsatz im mobilen Bereich auf Autos, Wohnmobilen oder Booten. Die ideale Durchf\u00fchrung f\u00fcr Kabel, die mechanisch nicht weiter beansprucht werden und die selten entfernt werden m\u00fcssen [&hellip;]<\/p>\n","protected":false},"featured_media":542,"comment_status":"open","ping_status":"closed","template":"","meta":{"_et_pb_use_builder":"","_et_pb_old_content":"","_et_gb_content_width":""},"product_brand":[],"product_cat":[227,93],"product_tag":[56,57,58,68,69,67],"class_list":{"0":"post-76","1":"product","2":"type-product","3":"status-publish","4":"has-post-thumbnail","6":"product_cat-kabeldurchfuehrungen","7":"product_cat-energie-solartechnik","8":"product_tag-fernsehen","9":"product_tag-sat-antenne","10":"product_tag-satellitenschuessel","11":"product_tag-solar","12":"product_tag-solaranlage","13":"product_tag-tv","14":"product_shipping_class-versandkostenpauschale-i","16":"first","17":"instock","18":"taxable","19":"shipping-taxable","20":"purchasable","21":"product-type-simple"},"aioseo_notices":[],"_links":{"self":[{"href":"https:\/\/kastenwagenzubehoer.de\/en\/wp-json\/wp\/v2\/product\/76","targetHints":{"allow":["GET"]}}],"collection":[{"href":"https:\/\/kastenwagenzubehoer.de\/en\/wp-json\/wp\/v2\/product"}],"about":[{"href":"https:\/\/kastenwagenzubehoer.de\/en\/wp-json\/wp\/v2\/types\/product"}],"replies":[{"embeddable":true,"href":"https:\/\/kastenwagenzubehoer.de\/en\/wp-json\/wp\/v2\/comments?post=76"}],"wp:featuredmedia":[{"embeddable":true,"href":"https:\/\/kastenwagenzubehoer.de\/en\/wp-json\/wp\/v2\/media\/542"}],"wp:attachment":[{"href":"https:\/\/kastenwagenzubehoer.de\/en\/wp-json\/wp\/v2\/media?parent=76"}],"wp:term":[{"taxonomy":"product_brand","embeddable":true,"href":"https:\/\/kastenwagenzubehoer.de\/en\/wp-json\/wp\/v2\/product_brand?post=76"},{"taxonomy":"product_cat","embeddable":true,"href":"https:\/\/kastenwagenzubehoer.de\/en\/wp-json\/wp\/v2\/product_cat?post=76"},{"taxonomy":"product_tag","embeddable":true,"href":"https:\/\/kastenwagenzubehoer.de\/en\/wp-json\/wp\/v2\/product_tag?post=76"}],"curies":[{"name":"wp","href":"https:\/\/api.w.org\/{rel}","templated":true}]}}