{"id":7854,"date":"2025-04-10T14:54:31","date_gmt":"2025-04-10T14:54:31","guid":{"rendered":"https:\/\/kastenwagenzubehoer.de\/?post_type=product&#038;p=7854"},"modified":"2026-03-02T15:59:12","modified_gmt":"2026-03-02T15:59:12","slug":"12v-20a-dc-zu-dc-batterie-ladegeraet","status":"publish","type":"product","link":"https:\/\/kastenwagenzubehoer.de\/en\/product\/12v-20a-dc-zu-dc-batterie-ladegeraet\/","title":{"rendered":"12V 20A DC zu DC Batterie Ladeger\u00e4t"},"content":{"rendered":"<div id=\"wg-feature-62b0dee5-23db-47c7-976f-0d3a6fe98f9c\">\n<ul>\n<li>\u3010Vielseitige Kompatibilit\u00e4t\u3011 Dieses Ladeger\u00e4t ist zum Laden einer Vielzahl von Batterietypen konzipiert, darunter Flut-, Gel-, AGM- und Lithiumbatterien, und erf\u00fcllt die unterschiedlichen Anforderungen Ihres Stromversorgungssystems.<\/li>\n<li>\u3010Robuster Sicherheitsschutz\u3011 Ausgestattet mit mehreren Sicherheitsfunktionen wie \u00dcberspannung, \u00dcbertemperatur, R\u00fcckstrom, Verpolung und Kurzschlussschutz, die sowohl das Ladeger\u00e4t als auch Ihre Batterie sch\u00fctzen<\/li>\n<li>\u3010Intelligentes 3 Stufen Laden\u3011Das DC-DC-Batterieladeger\u00e4t l\u00e4dt Ihre Servicebatterien aus der Starterbatterie in drei Stufen (Bulk, Boost und Float) auf, um eine optimale und automatische Ladung auf 100 % sicherzustellen.<\/li>\n<\/ul>\n<p class=\"product-custom-field-group ddd\"><span id=\"cf-Ampere\" class=\"custom-field-group-label\">Ampere:<\/span> <span id=\"vl-Ampere\" class=\"custom-field-group-value\">20A<\/span><\/p>\n<p class=\"product-custom-field-group ddd\"><span id=\"cf-Spannung\" class=\"custom-field-group-label\">Spannung:<\/span> <span id=\"vl-Spannung\" class=\"custom-field-group-value\">12V<\/span><\/p>\n<div class=\"station-title\">\n<div class=\"product-custom-field-title station\"><strong>\u00a0<\/strong><\/div>\n<div class=\"product-custom-field-title\"><strong>Renogy 20A DC zu DC Batterieladeger\u00e4t<\/strong><\/div>\n<div><\/div>\n<\/div>\n<p class=\"product-custom-field-group ddd\"><span id=\"cf-Nennspannung\" class=\"custom-field-group-label\">Nennspannung:<\/span> <span id=\"vl-Nennspannung\" class=\"custom-field-group-value\">12V<\/span><\/p>\n<p class=\"product-custom-field-group ddd\"><span id=\"cf-Nennladestrom\" class=\"custom-field-group-label\">Nennladestrom:<\/span> <span id=\"vl-Nennladestrom\" class=\"custom-field-group-value\">20A<\/span><\/p>\n<p class=\"product-custom-field-group\"><span id=\"cf-Ausgang\" class=\"custom-field-group-label\">Ausgang:<\/span> <span id=\"vl-Ausgang\" class=\"custom-field-group-value\">250W<\/span><\/p>\n<p class=\"product-custom-field-group\"><span id=\"cf-Selbstverbrauch\" class=\"custom-field-group-label\">Selbstverbrauch:<\/span> <span id=\"vl-Selbstverbrauch\" class=\"custom-field-group-value\">&lt;0,4A<\/span><\/p>\n<p class=\"product-custom-field-group ddd\"><span id=\"cf-Eingangsspannung\" class=\"custom-field-group-label\">Eingangsspannung:<\/span> <span id=\"vl-Eingangsspannung\" class=\"custom-field-group-value\">8V-16V<\/span><\/p>\n<p class=\"product-custom-field-group ddd\"><span id=\"cf-Ausgleichsspannung\" class=\"custom-field-group-label\">Ausgleichsspannung:<\/span> <span id=\"vl-Ausgleichsspannung\" class=\"custom-field-group-value\">N\/A<\/span><\/p>\n<p class=\"product-custom-field-group\"><span id=\"cf-Float-Spannung\" class=\"custom-field-group-label\">Float-Spannung:<\/span> <span id=\"vl-Float-Spannung\" class=\"custom-field-group-value\">13,2-13,8v<\/span><\/p>\n<p class=\"product-custom-field-group\"><span id=\"cf-Boost-Spannung\" class=\"custom-field-group-label\">Boost-Spannung:<\/span> <span id=\"vl-Boost-Spannung\" class=\"custom-field-group-value\">14,1-14,7v<\/span><\/p>\n<p class=\"product-custom-field-group ddd\"><span id=\"cf-Betriebstemperatur\" class=\"custom-field-group-label\">Betriebstemperatur:<\/span> <span id=\"vl-Betriebstemperatur\" class=\"custom-field-group-value\">-20\u00b0C bis +50\u00b0C<\/span><\/p>\n<p class=\"product-custom-field-group ddd\"><span id=\"cf-Dimension\" class=\"custom-field-group-label\">Dimension:<\/span> <span id=\"vl-Dimension\" class=\"custom-field-group-value\">21,1 x 17,5 x 6,8 cm<\/span><\/p>\n<p class=\"product-custom-field-group\"><span id=\"cf-Gweicht\" class=\"custom-field-group-label\">Gweicht:<\/span> <span id=\"vl-Gweicht\" class=\"custom-field-group-value\">1,33kg<\/span><\/p>\n<\/div>","protected":false},"excerpt":{"rendered":"<p>\u3010Vielseitige Kompatibilit\u00e4t\u3011 Dieses Ladeger\u00e4t ist zum Laden einer Vielzahl von Batterietypen konzipiert, darunter Flut-, Gel-, AGM- und Lithiumbatterien, und erf\u00fcllt die unterschiedlichen Anforderungen Ihres Stromversorgungssystems. \u3010Robuster Sicherheitsschutz\u3011 Ausgestattet mit mehreren Sicherheitsfunktionen wie \u00dcberspannung, \u00dcbertemperatur, R\u00fcckstrom, Verpolung und Kurzschlussschutz, die sowohl das Ladeger\u00e4t als auch Ihre Batterie sch\u00fctzen \u3010Intelligentes 3 Stufen Laden\u3011Das DC-DC-Batterieladeger\u00e4t l\u00e4dt Ihre Servicebatterien [&hellip;]<\/p>\n","protected":false},"featured_media":7855,"comment_status":"open","ping_status":"closed","template":"","meta":{"_et_pb_use_builder":"","_et_pb_old_content":"","_et_gb_content_width":""},"product_brand":[],"product_cat":[282,145,276,215],"product_tag":[],"class_list":{"0":"post-7854","1":"product","2":"type-product","3":"status-publish","4":"has-post-thumbnail","6":"product_cat-batterie-ladegeraete","7":"product_cat-batterien","8":"product_cat-energie","9":"product_cat-ladegeraete","10":"product_shipping_class-versandkostenpauschale-i","12":"first","13":"outofstock","14":"taxable","15":"shipping-taxable","16":"purchasable","17":"product-type-simple"},"aioseo_notices":[],"_links":{"self":[{"href":"https:\/\/kastenwagenzubehoer.de\/en\/wp-json\/wp\/v2\/product\/7854","targetHints":{"allow":["GET"]}}],"collection":[{"href":"https:\/\/kastenwagenzubehoer.de\/en\/wp-json\/wp\/v2\/product"}],"about":[{"href":"https:\/\/kastenwagenzubehoer.de\/en\/wp-json\/wp\/v2\/types\/product"}],"replies":[{"embeddable":true,"href":"https:\/\/kastenwagenzubehoer.de\/en\/wp-json\/wp\/v2\/comments?post=7854"}],"wp:featuredmedia":[{"embeddable":true,"href":"https:\/\/kastenwagenzubehoer.de\/en\/wp-json\/wp\/v2\/media\/7855"}],"wp:attachment":[{"href":"https:\/\/kastenwagenzubehoer.de\/en\/wp-json\/wp\/v2\/media?parent=7854"}],"wp:term":[{"taxonomy":"product_brand","embeddable":true,"href":"https:\/\/kastenwagenzubehoer.de\/en\/wp-json\/wp\/v2\/product_brand?post=7854"},{"taxonomy":"product_cat","embeddable":true,"href":"https:\/\/kastenwagenzubehoer.de\/en\/wp-json\/wp\/v2\/product_cat?post=7854"},{"taxonomy":"product_tag","embeddable":true,"href":"https:\/\/kastenwagenzubehoer.de\/en\/wp-json\/wp\/v2\/product_tag?post=7854"}],"curies":[{"name":"wp","href":"https:\/\/api.w.org\/{rel}","templated":true}]}}