{"id":787,"date":"2021-10-14T11:09:52","date_gmt":"2021-10-14T11:09:52","guid":{"rendered":"https:\/\/kastenwagenzubehoer.de\/?post_type=product&#038;p=787"},"modified":"2025-09-15T09:08:06","modified_gmt":"2025-09-15T09:08:06","slug":"vdb-gt-sat-6-8-aktion-black-and-white-editon","status":"publish","type":"product","link":"https:\/\/kastenwagenzubehoer.de\/en\/product\/vdb-gt-sat-6-8-aktion-black-and-white-editon\/","title":{"rendered":"VDB GT Sat 6.8\u00a0 &#8211; AKTION Black and White Editon"},"content":{"rendered":"<h2 data-start=\"88\" data-end=\"108\"><span style=\"color: #ffffff;\">Produkthighlights<\/span><\/h2>\n<ul data-start=\"109\" data-end=\"647\">\n<li data-start=\"109\" data-end=\"194\">\n<p data-start=\"111\" data-end=\"194\">Nahezu ausfallsichere, \u00e4u\u00dferst robuste Bauweise bei einem Gewicht von unter 10 kg<\/p>\n<\/li>\n<li data-start=\"195\" data-end=\"296\">\n<p data-start=\"197\" data-end=\"296\">65\u201368 cm gro\u00dfer <strong data-start=\"213\" data-end=\"246\">Off-Set-Spiegel aus Aluminium<\/strong> f\u00fcr starken Empfang auch bei schwachen Signalen<\/p>\n<\/li>\n<li data-start=\"297\" data-end=\"391\">\n<p data-start=\"299\" data-end=\"391\"><strong data-start=\"299\" data-end=\"314\">Steuerger\u00e4t<\/strong> mit Speicher f\u00fcr 2 Favoriten-Satelliten, einfache Bedienung per Knopfdruck<\/p>\n<\/li>\n<li data-start=\"392\" data-end=\"482\">\n<p data-start=\"394\" data-end=\"482\">Geringe Aufbauh\u00f6he von nur 19,5 cm im eingeklappten Zustand \u2013 ideal f\u00fcr hohe Fahrzeuge<\/p>\n<\/li>\n<li data-start=\"483\" data-end=\"554\">\n<p data-start=\"485\" data-end=\"554\">Grundplatte speziell f\u00fcr den <strong data-start=\"514\" data-end=\"541\">Fiat Ducato Kastenwagen<\/strong> entwickelt<\/p>\n<\/li>\n<li data-start=\"555\" data-end=\"647\">\n<p data-start=\"557\" data-end=\"647\">Optional erh\u00e4ltliche Montageplatte erm\u00f6glicht Installation auf nahezu jedem Fahrzeugdach<\/p>\n<\/li>\n<\/ul>\n<hr data-start=\"649\" data-end=\"652\" \/>\n<h2 data-start=\"654\" data-end=\"681\"><span style=\"color: #ffffff;\">Vorteile auf einen Blick<\/span><\/h2>\n<ul data-start=\"682\" data-end=\"1222\">\n<li data-start=\"682\" data-end=\"762\">\n<p data-start=\"684\" data-end=\"762\">Kugelgelagerter Vollmetall-Antrieb mit robusten Motoren aus dem Rollladenbau<\/p>\n<\/li>\n<li data-start=\"763\" data-end=\"815\">\n<p data-start=\"765\" data-end=\"815\">Keine empfindliche Elektronik in der Dacheinheit<\/p>\n<\/li>\n<li data-start=\"816\" data-end=\"865\">\n<p data-start=\"818\" data-end=\"865\">Hochwertiges LNB mit gesch\u00fctzter Kabelf\u00fchrung<\/p>\n<\/li>\n<li data-start=\"866\" data-end=\"906\">\n<p data-start=\"868\" data-end=\"906\">M\u00f6glichkeit zur <strong data-start=\"884\" data-end=\"904\">TWIN-Nachr\u00fcstung<\/strong><\/p>\n<\/li>\n<li data-start=\"907\" data-end=\"960\">\n<p data-start=\"909\" data-end=\"960\">Automatische Lasterkennung (z. B. Zweige, Schnee)<\/p>\n<\/li>\n<li data-start=\"961\" data-end=\"990\">\n<p data-start=\"963\" data-end=\"990\">Updatesichere Transponder<\/p>\n<\/li>\n<li data-start=\"991\" data-end=\"1042\">\n<p data-start=\"993\" data-end=\"1042\">Diagnosefunktion und Fehlererkennung integriert<\/p>\n<\/li>\n<li data-start=\"1043\" data-end=\"1075\">\n<p data-start=\"1045\" data-end=\"1075\">Einfache Ein-Knopf-Bedienung<\/p>\n<\/li>\n<li data-start=\"1076\" data-end=\"1128\">\n<p data-start=\"1078\" data-end=\"1128\">Europaweites Servicenetz mit 41 Servicestationen<\/p>\n<\/li>\n<li data-start=\"1129\" data-end=\"1222\">\n<p data-start=\"1131\" data-end=\"1222\">Optional: kleines Einbau-Bedienpanel (Bohrloch 16 mm) mit Zugriff auf bis zu 4 Satelliten<\/p>\n<\/li>\n<\/ul>\n<hr data-start=\"1224\" data-end=\"1227\" \/>\n<h2 data-start=\"1229\" data-end=\"1248\"><span style=\"color: #ffffff;\">Technische Daten<\/span><\/h2>\n<ul data-start=\"1249\" data-end=\"1545\">\n<li data-start=\"1249\" data-end=\"1281\">\n<p data-start=\"1251\" data-end=\"1281\">Antennentyp: Off-Set-Spiegel<\/p>\n<\/li>\n<li data-start=\"1282\" data-end=\"1301\">\n<p data-start=\"1284\" data-end=\"1301\">LNB Typ: Single<\/p>\n<\/li>\n<li data-start=\"1302\" data-end=\"1339\">\n<p data-start=\"1304\" data-end=\"1339\">Ausrichtungszeit: ca. 90 Sekunden<\/p>\n<\/li>\n<li data-start=\"1340\" data-end=\"1366\">\n<p data-start=\"1342\" data-end=\"1366\">Neigungswinkel: 0\u00b0\u201390\u00b0<\/p>\n<\/li>\n<li data-start=\"1367\" data-end=\"1396\">\n<p data-start=\"1369\" data-end=\"1396\">Suchwinkel (Azimut): 362\u00b0<\/p>\n<\/li>\n<li data-start=\"1397\" data-end=\"1439\">\n<p data-start=\"1399\" data-end=\"1439\">Motor: hochwertige 2-Achsen DC Motoren<\/p>\n<\/li>\n<li data-start=\"1440\" data-end=\"1475\">\n<p data-start=\"1442\" data-end=\"1475\">Spannungsversorgung: 12 V \/ 3 A<\/p>\n<\/li>\n<li data-start=\"1476\" data-end=\"1524\">\n<p data-start=\"1478\" data-end=\"1524\">Abmessungen (L \u00d7 B \u00d7 H): 83 \u00d7 65,8 \u00d7 19,5 cm<\/p>\n<\/li>\n<li data-start=\"1525\" data-end=\"1545\">\n<p data-start=\"1527\" data-end=\"1545\">Gewicht: &lt; 10 kg<\/p>\n<\/li>\n<\/ul>\n<hr data-start=\"1547\" data-end=\"1550\" \/>\n<h2 data-start=\"1552\" data-end=\"1585\"><span style=\"color: #ffffff;\">Satelliten-Auswahl (Beispiele)<\/span><\/h2>\n<ul data-start=\"1586\" data-end=\"1787\">\n<li data-start=\"1586\" data-end=\"1609\">\n<p data-start=\"1588\" data-end=\"1609\">Astra 1 \u2013 19,2\u00b0 Ost<\/p>\n<\/li>\n<li data-start=\"1610\" data-end=\"1633\">\n<p data-start=\"1612\" data-end=\"1633\">Astra 2 \u2013 28,0\u00b0 Ost<\/p>\n<\/li>\n<li data-start=\"1634\" data-end=\"1657\">\n<p data-start=\"1636\" data-end=\"1657\">Astra 3 \u2013 23,5\u00b0 Ost<\/p>\n<\/li>\n<li data-start=\"1658\" data-end=\"1682\">\n<p data-start=\"1660\" data-end=\"1682\">Hot-Bird \u2013 13,0\u00b0 Ost<\/p>\n<\/li>\n<li data-start=\"1683\" data-end=\"1712\">\n<p data-start=\"1685\" data-end=\"1712\">Atlantic Bird \u2013 5,0\u00b0 West<\/p>\n<\/li>\n<li data-start=\"1713\" data-end=\"1737\">\n<p data-start=\"1715\" data-end=\"1737\">Eutelsat \u2013 5,0\u00b0 West<\/p>\n<\/li>\n<li data-start=\"1738\" data-end=\"1763\">\n<p data-start=\"1740\" data-end=\"1763\">Hispasat \u2013 30,0\u00b0 West<\/p>\n<\/li>\n<li data-start=\"1764\" data-end=\"1787\">\n<p data-start=\"1766\" data-end=\"1787\">sowie viele weitere<\/p>\n<\/li>\n<\/ul>\n<hr data-start=\"1789\" data-end=\"1792\" \/>\n<h2 data-start=\"1794\" data-end=\"1809\"><span style=\"color: #ffffff;\">Lieferumfang<\/span><\/h2>\n<ul data-start=\"1810\" data-end=\"1905\">\n<li data-start=\"1810\" data-end=\"1836\">\n<p data-start=\"1812\" data-end=\"1836\">GT Sat 6.8 Dachantenne<\/p>\n<\/li>\n<li data-start=\"1837\" data-end=\"1852\">\n<p data-start=\"1839\" data-end=\"1852\">Steuerger\u00e4t<\/p>\n<\/li>\n<li data-start=\"1853\" data-end=\"1871\">\n<p data-start=\"1855\" data-end=\"1871\">Anschlusskabel<\/p>\n<\/li>\n<li data-start=\"1872\" data-end=\"1905\">\n<p data-start=\"1874\" data-end=\"1905\">Bedienungsanleitung (Deutsch)<\/p>\n<\/li>\n<\/ul>","protected":false},"excerpt":{"rendered":"<p>VDB SAT-Anlage<\/p>","protected":false},"featured_media":788,"comment_status":"open","ping_status":"closed","template":"","meta":{"_et_pb_use_builder":"","_et_pb_old_content":"","_et_gb_content_width":""},"product_brand":[],"product_cat":[146],"product_tag":[56,57,58,59],"class_list":{"0":"post-787","1":"product","2":"type-product","3":"status-publish","4":"has-post-thumbnail","6":"product_cat-fernseher-satellitenanlagen","7":"product_tag-fernsehen","8":"product_tag-sat-antenne","9":"product_tag-satellitenschuessel","10":"product_tag-vollautomatisch","11":"product_shipping_class-versandkostenpauschale-iv","13":"first","14":"instock","15":"taxable","16":"shipping-taxable","17":"purchasable","18":"product-type-simple"},"aioseo_notices":[],"_links":{"self":[{"href":"https:\/\/kastenwagenzubehoer.de\/en\/wp-json\/wp\/v2\/product\/787","targetHints":{"allow":["GET"]}}],"collection":[{"href":"https:\/\/kastenwagenzubehoer.de\/en\/wp-json\/wp\/v2\/product"}],"about":[{"href":"https:\/\/kastenwagenzubehoer.de\/en\/wp-json\/wp\/v2\/types\/product"}],"replies":[{"embeddable":true,"href":"https:\/\/kastenwagenzubehoer.de\/en\/wp-json\/wp\/v2\/comments?post=787"}],"wp:featuredmedia":[{"embeddable":true,"href":"https:\/\/kastenwagenzubehoer.de\/en\/wp-json\/wp\/v2\/media\/788"}],"wp:attachment":[{"href":"https:\/\/kastenwagenzubehoer.de\/en\/wp-json\/wp\/v2\/media?parent=787"}],"wp:term":[{"taxonomy":"product_brand","embeddable":true,"href":"https:\/\/kastenwagenzubehoer.de\/en\/wp-json\/wp\/v2\/product_brand?post=787"},{"taxonomy":"product_cat","embeddable":true,"href":"https:\/\/kastenwagenzubehoer.de\/en\/wp-json\/wp\/v2\/product_cat?post=787"},{"taxonomy":"product_tag","embeddable":true,"href":"https:\/\/kastenwagenzubehoer.de\/en\/wp-json\/wp\/v2\/product_tag?post=787"}],"curies":[{"name":"wp","href":"https:\/\/api.w.org\/{rel}","templated":true}]}}