{"id":7876,"date":"2025-04-11T08:17:00","date_gmt":"2025-04-11T08:17:00","guid":{"rendered":"https:\/\/kastenwagenzubehoer.de\/?post_type=product&#038;p=7876"},"modified":"2026-03-04T08:29:03","modified_gmt":"2026-03-04T08:29:03","slug":"renogy-rego-cable-5ft-6awg-anderson-adapter-cable-anderson-pp75-ring-lug","status":"publish","type":"product","link":"https:\/\/kastenwagenzubehoer.de\/en\/product\/renogy-rego-cable-5ft-6awg-anderson-adapter-cable-anderson-pp75-ring-lug\/","title":{"rendered":"Renogy REGO Cable &#8211; 5FT 6AWG Anderson Adapter Cable (Anderson PP75 &#8211; Ring Lug)"},"content":{"rendered":"<ul>\n<li>Entwickelt f\u00fcr die Verwendung mit Renogy REGO Produkten.<\/li>\n<li>Dieses Anderson-Adapterkabel wurde speziell entwickelt, um das Renogy REGO DC-DC Batterieladeger\u00e4t mit Ihren Batterien zu verbinden.<\/li>\n<li>Der Anderson PP75-Anschluss ist mit dem REGO-Batterieladeger\u00e4t kompatibel.<\/li>\n<li>Ein dedizierter M8-Batteriering am anderen Ende erleichtert den Anschluss an die Batterie.<\/li>\n<li>Plug &amp; Play-Betrieb.<\/li>\n<li>Mit den Anderson-Anschl\u00fcssen k\u00f6nnen Sie das REGO-Batterieladeger\u00e4t auf einfache Weise an Batterien anschlie\u00dfen und die Installationszeit um 60 % verk\u00fcrzen!<\/li>\n<li>Positive und negative Etiketten an beiden Enden der Dr\u00e4hte vereinfachen die Systeminstallation.<\/li>\n<li>Hervorragende Leistung 16mm\u00b2 hochreiner, sauerstofffreier, verzinnter Kupferdraht sorgt f\u00fcr maximale Leitf\u00e4higkeit.<\/li>\n<li>Wasserdichtes Design mit breitem Anwendungsbereich von -40 \u2103 bis 105 \u2103, erzeugt die beste Leistung bei jedem Wetter.<\/li>\n<li>Langlebiges Design sorgt f\u00fcr Sicherheit.<\/li>\n<li>Das Adapterkabel mit Schrumpfschlauch garantiert eine gute elektrische Sicherheit.<\/li>\n<li>Das Produkt hat den Vibrationstest bestanden, um die Verbindungsstabilit\u00e4t zu gew\u00e4hrleisten.<\/li>\n<li>Das Kabel ist UL1015-konform und f\u00fcr Photovoltaik-Solaranwendungen geeignet.<\/li>\n<\/ul>","protected":false},"excerpt":{"rendered":"<p>Entwickelt f\u00fcr die Verwendung mit Renogy REGO Produkten. Dieses Anderson-Adapterkabel wurde speziell entwickelt, um das Renogy REGO DC-DC Batterieladeger\u00e4t mit Ihren Batterien zu verbinden. Der Anderson PP75-Anschluss ist mit dem REGO-Batterieladeger\u00e4t kompatibel. Ein dedizierter M8-Batteriering am anderen Ende erleichtert den Anschluss an die Batterie. Plug &amp; Play-Betrieb. Mit den Anderson-Anschl\u00fcssen k\u00f6nnen Sie das REGO-Batterieladeger\u00e4t auf [&hellip;]<\/p>\n","protected":false},"featured_media":7877,"comment_status":"open","ping_status":"closed","template":"","meta":{"_et_pb_use_builder":"","_et_pb_old_content":"","_et_gb_content_width":""},"product_brand":[],"product_cat":[287,283,145,276],"product_tag":[],"class_list":{"0":"post-7876","1":"product","2":"type-product","3":"status-publish","4":"has-post-thumbnail","6":"product_cat-adapter-kabel","7":"product_cat-batterieanschluesse","8":"product_cat-batterien","9":"product_cat-energie","10":"product_shipping_class-versandkostenpauschale-i","12":"first","13":"outofstock","14":"taxable","15":"shipping-taxable","16":"purchasable","17":"product-type-simple"},"aioseo_notices":[],"_links":{"self":[{"href":"https:\/\/kastenwagenzubehoer.de\/en\/wp-json\/wp\/v2\/product\/7876","targetHints":{"allow":["GET"]}}],"collection":[{"href":"https:\/\/kastenwagenzubehoer.de\/en\/wp-json\/wp\/v2\/product"}],"about":[{"href":"https:\/\/kastenwagenzubehoer.de\/en\/wp-json\/wp\/v2\/types\/product"}],"replies":[{"embeddable":true,"href":"https:\/\/kastenwagenzubehoer.de\/en\/wp-json\/wp\/v2\/comments?post=7876"}],"wp:featuredmedia":[{"embeddable":true,"href":"https:\/\/kastenwagenzubehoer.de\/en\/wp-json\/wp\/v2\/media\/7877"}],"wp:attachment":[{"href":"https:\/\/kastenwagenzubehoer.de\/en\/wp-json\/wp\/v2\/media?parent=7876"}],"wp:term":[{"taxonomy":"product_brand","embeddable":true,"href":"https:\/\/kastenwagenzubehoer.de\/en\/wp-json\/wp\/v2\/product_brand?post=7876"},{"taxonomy":"product_cat","embeddable":true,"href":"https:\/\/kastenwagenzubehoer.de\/en\/wp-json\/wp\/v2\/product_cat?post=7876"},{"taxonomy":"product_tag","embeddable":true,"href":"https:\/\/kastenwagenzubehoer.de\/en\/wp-json\/wp\/v2\/product_tag?post=7876"}],"curies":[{"name":"wp","href":"https:\/\/api.w.org\/{rel}","templated":true}]}}