{"id":7882,"date":"2025-04-11T08:21:57","date_gmt":"2025-04-11T08:21:57","guid":{"rendered":"https:\/\/kastenwagenzubehoer.de\/?post_type=product&#038;p=7882"},"modified":"2026-03-04T08:29:12","modified_gmt":"2026-03-04T08:29:12","slug":"renogy-1524-cm-16mm%c2%b2-anderson-adapter-cable%ef%bc%88anderson-pp75-anderson-sb120","status":"publish","type":"product","link":"https:\/\/kastenwagenzubehoer.de\/en\/product\/renogy-1524-cm-16mm%c2%b2-anderson-adapter-cable%ef%bc%88anderson-pp75-anderson-sb120\/","title":{"rendered":"Renogy 152,4 CM 16mm\u00b2 Anderson Adapter Cable\uff08Anderson PP75 &#8211; Anderson SB120)"},"content":{"rendered":"<table class=\"table table-striped\">\n<thead>\n<tr>\n<th bgcolor=\"#02bee5\">Spezifikationen<\/th>\n<th bgcolor=\"#02bee5\"><\/th>\n<\/tr>\n<\/thead>\n<tbody>\n<tr>\n<td>Modell:RPC0506PS-7512<\/td>\n<td>L\u00e4nge: 152,4 CM<\/td>\n<\/tr>\n<tr>\n<td>St\u00e4rke (Drahtst\u00e4rke): 16mm\u00b2<\/td>\n<td>Terminalgr\u00f6\u00dfe: Anderson PP75 &#8211; Anderson SB120<\/td>\n<\/tr>\n<tr>\n<td>Max. Strom: 105A<\/td>\n<td>Rating Voltage: 600V<\/td>\n<\/tr>\n<tr>\n<td>Temperatur: -40\u2103-105\u2103<\/td>\n<td><\/td>\n<\/tr>\n<tr>\n<td>Zertifizierungen:<\/td>\n<td><\/td>\n<\/tr>\n<tr>\n<td>UL und RoHS konform<\/td>\n<td>Ja<\/td>\n<\/tr>\n<tr>\n<td>Hergestellt in einer nach ISO 9001 zertifizierten Einrichtung<\/td>\n<td>Ja<\/td>\n<\/tr>\n<\/tbody>\n<\/table>","protected":false},"excerpt":{"rendered":"<p>Spezifikationen Modell:RPC0506PS-7512 L\u00e4nge: 152,4 CM St\u00e4rke (Drahtst\u00e4rke): 16mm\u00b2 Terminalgr\u00f6\u00dfe: Anderson PP75 &#8211; Anderson SB120 Max. Strom: 105A Rating Voltage: 600V Temperatur: -40\u2103-105\u2103 Zertifizierungen: UL und RoHS konform Ja Hergestellt in einer nach ISO 9001 zertifizierten Einrichtung Ja<\/p>","protected":false},"featured_media":7883,"comment_status":"open","ping_status":"closed","template":"","meta":{"_et_pb_use_builder":"","_et_pb_old_content":"","_et_gb_content_width":""},"product_brand":[],"product_cat":[287,283,145,276],"product_tag":[],"class_list":{"0":"post-7882","1":"product","2":"type-product","3":"status-publish","4":"has-post-thumbnail","6":"product_cat-adapter-kabel","7":"product_cat-batterieanschluesse","8":"product_cat-batterien","9":"product_cat-energie","10":"product_shipping_class-versandkostenpauschale-i","12":"first","13":"outofstock","14":"taxable","15":"shipping-taxable","16":"purchasable","17":"product-type-simple"},"aioseo_notices":[],"_links":{"self":[{"href":"https:\/\/kastenwagenzubehoer.de\/en\/wp-json\/wp\/v2\/product\/7882","targetHints":{"allow":["GET"]}}],"collection":[{"href":"https:\/\/kastenwagenzubehoer.de\/en\/wp-json\/wp\/v2\/product"}],"about":[{"href":"https:\/\/kastenwagenzubehoer.de\/en\/wp-json\/wp\/v2\/types\/product"}],"replies":[{"embeddable":true,"href":"https:\/\/kastenwagenzubehoer.de\/en\/wp-json\/wp\/v2\/comments?post=7882"}],"wp:featuredmedia":[{"embeddable":true,"href":"https:\/\/kastenwagenzubehoer.de\/en\/wp-json\/wp\/v2\/media\/7883"}],"wp:attachment":[{"href":"https:\/\/kastenwagenzubehoer.de\/en\/wp-json\/wp\/v2\/media?parent=7882"}],"wp:term":[{"taxonomy":"product_brand","embeddable":true,"href":"https:\/\/kastenwagenzubehoer.de\/en\/wp-json\/wp\/v2\/product_brand?post=7882"},{"taxonomy":"product_cat","embeddable":true,"href":"https:\/\/kastenwagenzubehoer.de\/en\/wp-json\/wp\/v2\/product_cat?post=7882"},{"taxonomy":"product_tag","embeddable":true,"href":"https:\/\/kastenwagenzubehoer.de\/en\/wp-json\/wp\/v2\/product_tag?post=7882"}],"curies":[{"name":"wp","href":"https:\/\/api.w.org\/{rel}","templated":true}]}}