{"id":7892,"date":"2025-04-11T10:59:54","date_gmt":"2025-04-11T10:59:54","guid":{"rendered":"https:\/\/kastenwagenzubehoer.de\/?post_type=product&#038;p=7892"},"modified":"2026-03-04T08:28:04","modified_gmt":"2026-03-04T08:28:04","slug":"battery-shunt-300-with-bluetooth","status":"publish","type":"product","link":"https:\/\/kastenwagenzubehoer.de\/en\/product\/battery-shunt-300-with-bluetooth\/","title":{"rendered":"Renogy CORE 300A Batterie-Shunt mit Bluetooth"},"content":{"rendered":"<h2 data-start=\"127\" data-end=\"147\"><span style=\"color: #ffffff;\">Elektrische Daten<\/span><\/h2>\n<p data-start=\"149\" data-end=\"184\"><strong data-start=\"149\" data-end=\"163\">Modellname<\/strong><br data-start=\"163\" data-end=\"166\" \/>RSHST-B02P300-G1<\/p>\n<p data-start=\"186\" data-end=\"222\"><strong data-start=\"186\" data-end=\"205\">Stromversorgung<\/strong><br data-start=\"205\" data-end=\"208\" \/>8 \u2013 120 V DC<\/p>\n<p data-start=\"224\" data-end=\"257\"><strong data-start=\"224\" data-end=\"245\">Leistungsaufnahme<\/strong><br data-start=\"245\" data-end=\"248\" \/>&lt; 0,1 W<\/p>\n<p data-start=\"259\" data-end=\"306\"><strong data-start=\"259\" data-end=\"276\">Kommunikation<\/strong><br data-start=\"276\" data-end=\"279\" \/>Bluetooth LE und BLE Mesh<\/p>\n<p data-start=\"308\" data-end=\"342\"><strong data-start=\"308\" data-end=\"332\">Maximaler Dauerstrom<\/strong><br data-start=\"332\" data-end=\"335\" \/>300 A<\/p>\n<p data-start=\"344\" data-end=\"389\"><strong data-start=\"344\" data-end=\"370\">Maximaler Spitzenstrom<\/strong><br data-start=\"370\" data-end=\"373\" \/>500 A (&lt; 10 s)<\/p>\n<p data-start=\"391\" data-end=\"420\"><strong data-start=\"391\" data-end=\"411\">Stromgenauigkeit<\/strong><br data-start=\"411\" data-end=\"414\" \/>\u00b11 %<\/p>\n<p data-start=\"422\" data-end=\"451\"><strong data-start=\"422\" data-end=\"440\">Stromaufl\u00f6sung<\/strong><br data-start=\"440\" data-end=\"443\" \/>0,01 A<\/p>\n<p data-start=\"453\" data-end=\"490\"><strong data-start=\"453\" data-end=\"474\">Batteriekapazit\u00e4t<\/strong><br data-start=\"474\" data-end=\"477\" \/>1 \u2013 6500 Ah<\/p>\n<p data-start=\"492\" data-end=\"541\"><strong data-start=\"492\" data-end=\"520\">Spannungseingangsbereich<\/strong><br data-start=\"520\" data-end=\"523\" \/>8 V bis 120 V DC<\/p>\n<p data-start=\"543\" data-end=\"583\"><strong data-start=\"543\" data-end=\"573\">Spannungseingangsaufl\u00f6sung<\/strong><br data-start=\"573\" data-end=\"576\" \/>10 mV<\/p>\n<p data-start=\"585\" data-end=\"633\"><strong data-start=\"585\" data-end=\"612\">Temperatursensorbereich<\/strong><br data-start=\"612\" data-end=\"615\" \/>-20 \u00b0C bis 80 \u00b0C<\/p>\n<p data-start=\"635\" data-end=\"675\"><strong data-start=\"635\" data-end=\"666\">Temperatursensorgenauigkeit<\/strong><br data-start=\"666\" data-end=\"669\" \/>\u00b11 %<\/p>\n<p data-start=\"677\" data-end=\"739\"><strong data-start=\"677\" data-end=\"699\">Betriebstemperatur<\/strong><br data-start=\"699\" data-end=\"702\" \/>14 \u00b0F bis 122 \u00b0F (-10 \u00b0C bis 50 \u00b0C)<\/p>\n<p data-start=\"741\" data-end=\"808\"><strong data-start=\"741\" data-end=\"765\">Betriebsfeuchtigkeit<\/strong><br data-start=\"765\" data-end=\"768\" \/>0 % bis 95 % relative Luftfeuchtigkeit<\/p>\n<p data-start=\"810\" data-end=\"872\"><strong data-start=\"810\" data-end=\"826\">Betriebsh\u00f6he<\/strong><br data-start=\"826\" data-end=\"829\" \/>Weniger als 2000 m \u00fcber dem Meeresspiegel<\/p>\n<p data-start=\"874\" data-end=\"904\"><strong data-start=\"874\" data-end=\"885\">Montage<\/strong><br data-start=\"885\" data-end=\"888\" \/>Aufputzmontage<\/p>\n<p data-start=\"906\" data-end=\"942\"><strong data-start=\"906\" data-end=\"927\">Batterieanschluss<\/strong><br data-start=\"927\" data-end=\"930\" \/>M10-Bolzen<\/p>\n<p data-start=\"944\" data-end=\"975\"><strong data-start=\"944\" data-end=\"955\">Gewicht<\/strong><br data-start=\"955\" data-end=\"958\" \/>0,57 lb (260 g)<\/p>\n<p data-start=\"977\" data-end=\"1039\"><strong data-start=\"977\" data-end=\"992\">Abmessungen<\/strong><br data-start=\"992\" data-end=\"995\" \/>5,27 \u00d7 3,82 \u00d7 1,22 Zoll (134 \u00d7 97 \u00d7 31 mm)<\/p>\n<p data-start=\"1041\" data-end=\"1115\"><strong data-start=\"1041\" data-end=\"1061\">Zertifizierungen<\/strong><br data-start=\"1061\" data-end=\"1064\" \/>CE, FCC ID, IC ID, RCM, TSCA, RoHS, UN38.3, TELEC<\/p>\n<p data-start=\"1117\" data-end=\"1140\"><strong data-start=\"1117\" data-end=\"1129\">Garantie<\/strong><br data-start=\"1129\" data-end=\"1132\" \/>1 Jahr<\/p>\n<hr \/>\n<a href='https:\/\/kastenwagenzubehoer.de\/wp-content\/uploads\/2025\/04\/UM-Renogy-Battery-Shunt-300-A1.pdf' class='small-button smallsilver' target=\"_blank\">(Englisch) Bedienungsanleitung &#8211; RSHST-B02P300<\/a>\n<p data-start=\"1117\" data-end=\"1140\"><a href='https:\/\/kastenwagenzubehoer.de\/wp-content\/uploads\/2025\/04\/Specification_Smart-Shunt-300.pdf' class='small-button smallsilver' target=\"_blank\">(Englisch) Spezifikationen &#8211; RSHST-B02P300<\/a><\/p>","protected":false},"excerpt":{"rendered":"<p>Elektrische Daten ModellnameRSHST-B02P300-G1 Stromversorgung8 \u2013 120 V DC Leistungsaufnahme&lt; 0,1 W KommunikationBluetooth LE und BLE Mesh Maximaler Dauerstrom300 A Maximaler Spitzenstrom500 A (&lt; 10 s) Stromgenauigkeit\u00b11 % Stromaufl\u00f6sung0,01 A Batteriekapazit\u00e4t1 \u2013 6500 Ah Spannungseingangsbereich8 V bis 120 V DC Spannungseingangsaufl\u00f6sung10 mV Temperatursensorbereich-20 \u00b0C bis 80 \u00b0C Temperatursensorgenauigkeit\u00b11 % Betriebstemperatur14 \u00b0F bis 122 \u00b0F (-10 \u00b0C [&hellip;]<\/p>\n","protected":false},"featured_media":10048,"comment_status":"open","ping_status":"closed","template":"","meta":{"_et_pb_use_builder":"","_et_pb_old_content":"","_et_gb_content_width":""},"product_brand":[],"product_cat":[276,286],"product_tag":[],"class_list":{"0":"post-7892","1":"product","2":"type-product","3":"status-publish","4":"has-post-thumbnail","6":"product_cat-energie","7":"product_cat-ueberwachung","8":"product_shipping_class-versandkostenpauschale-i","10":"first","11":"instock","12":"taxable","13":"shipping-taxable","14":"purchasable","15":"product-type-simple"},"aioseo_notices":[],"_links":{"self":[{"href":"https:\/\/kastenwagenzubehoer.de\/en\/wp-json\/wp\/v2\/product\/7892","targetHints":{"allow":["GET"]}}],"collection":[{"href":"https:\/\/kastenwagenzubehoer.de\/en\/wp-json\/wp\/v2\/product"}],"about":[{"href":"https:\/\/kastenwagenzubehoer.de\/en\/wp-json\/wp\/v2\/types\/product"}],"replies":[{"embeddable":true,"href":"https:\/\/kastenwagenzubehoer.de\/en\/wp-json\/wp\/v2\/comments?post=7892"}],"wp:featuredmedia":[{"embeddable":true,"href":"https:\/\/kastenwagenzubehoer.de\/en\/wp-json\/wp\/v2\/media\/10048"}],"wp:attachment":[{"href":"https:\/\/kastenwagenzubehoer.de\/en\/wp-json\/wp\/v2\/media?parent=7892"}],"wp:term":[{"taxonomy":"product_brand","embeddable":true,"href":"https:\/\/kastenwagenzubehoer.de\/en\/wp-json\/wp\/v2\/product_brand?post=7892"},{"taxonomy":"product_cat","embeddable":true,"href":"https:\/\/kastenwagenzubehoer.de\/en\/wp-json\/wp\/v2\/product_cat?post=7892"},{"taxonomy":"product_tag","embeddable":true,"href":"https:\/\/kastenwagenzubehoer.de\/en\/wp-json\/wp\/v2\/product_tag?post=7892"}],"curies":[{"name":"wp","href":"https:\/\/api.w.org\/{rel}","templated":true}]}}