{"id":7902,"date":"2025-04-11T11:20:45","date_gmt":"2025-04-11T11:20:45","guid":{"rendered":"https:\/\/kastenwagenzubehoer.de\/?post_type=product&#038;p=7902"},"modified":"2025-12-04T13:36:47","modified_gmt":"2025-12-04T13:36:47","slug":"renogy-150w-cigs-solarpanel","status":"publish","type":"product","link":"https:\/\/kastenwagenzubehoer.de\/en\/product\/renogy-150w-cigs-solarpanel\/","title":{"rendered":"Renogy 150W CIGS Solarpanel"},"content":{"rendered":"<p>&#8211; Unglaubliche Langlebigkeit gegen\u00fcber Hurrikanen und Hagelst\u00fcrmen.<br \/>\n&#8211; Liefert au\u00dfergew\u00f6hnlichen Energieertrag auch bei teilweiser Abschattung.<br \/>\n&#8211; Nahtlose Integration mit verschiedenen Dachformen und -typen.<\/p>\n<div class=\"product-custom-field-subtitle\"><strong>MODULLEISTUNG<\/strong><\/div>\n<p class=\"product-custom-field-group ddd\"><span id=\"cf-Max. Leistung bei STC\" class=\"custom-field-group-label\">Max. Leistung bei STC:<\/span> <span id=\"vl-Max. Leistung bei STC\" class=\"custom-field-group-value\">150W<\/span><\/p>\n<p class=\"product-custom-field-group ddd\"><span id=\"cf-Modulwirkungsgrad\" class=\"custom-field-group-label\">Modulwirkungsgrad:<\/span> <span id=\"vl-Modulwirkungsgrad\" class=\"custom-field-group-value\">14%<\/span><\/p>\n<p class=\"product-custom-field-group\"><span id=\"cf-Leerlaufspannung\" class=\"custom-field-group-label\">Leerlaufspannung:<\/span> <span id=\"vl-Leerlaufspannung\" class=\"custom-field-group-value\">23,75V<\/span><\/p>\n<p class=\"product-custom-field-group\"><span id=\"cf-Kurzschlussstrom\" class=\"custom-field-group-label\">Kurzschlussstrom:<\/span> <span id=\"vl-Kurzschlussstrom\" class=\"custom-field-group-value\">9,34A<\/span><\/p>\n<p class=\"product-custom-field-group ddd\"><span id=\"cf-Optimale Betriebsspannung\" class=\"custom-field-group-label\">Optimale Betriebsspannung:<\/span> <span id=\"vl-Optimale Betriebsspannung\" class=\"custom-field-group-value\">18,66V<\/span><\/p>\n<p class=\"product-custom-field-group ddd\"><span id=\"cf-Optimaler Betriebsstrom\" class=\"custom-field-group-label\">Optimaler Betriebsstrom:<\/span> <span id=\"vl-Optimaler Betriebsstrom\" class=\"custom-field-group-value\">8,04A<\/span><\/p>\n<p class=\"product-custom-field-group\"><span id=\"cf-Max. Systemspannung\" class=\"custom-field-group-label\">Max. Systemspannung:<\/span> <span id=\"vl-Max. Systemspannung\" class=\"custom-field-group-value\">600VDC<\/span><\/p>\n<p class=\"product-custom-field-group\"><span id=\"cf-Max. Serie-Sicherungsbewertung\" class=\"custom-field-group-label\">Max. Serie-Sicherungsbewertung:<\/span> <span id=\"vl-Max. Serie-Sicherungsbewertung\" class=\"custom-field-group-value\">15A<\/span><\/p>\n<p class=\"product-custom-field-group ddd\"><span id=\"cf-Betriebstemperatur\" class=\"custom-field-group-label\">Betriebstemperatur:<\/span> <span id=\"vl-Betriebstemperatur\" class=\"custom-field-group-value\">-40\u2103~85\u2103<\/span><\/p>\n<p class=\"product-custom-field-group ddd\"><span id=\"cf-Abmessungen\" class=\"custom-field-group-label\">Abmessungen:<\/span> <span id=\"vl-Abmessungen\" class=\"custom-field-group-value\">1658*646*1,5 mm<\/span><\/p>\n<p class=\"product-custom-field-group\"><span id=\"cf-Gewicht\" class=\"custom-field-group-label\">Gewicht:<\/span> <span id=\"vl-Gewicht\" class=\"custom-field-group-value\">2,1kg<\/span><\/p>\n<p class=\"product-custom-field-group\"><span id=\"cf-Zelltyp\" class=\"custom-field-group-label\">Zelltyp:<\/span> <span id=\"vl-Zelltyp\" class=\"custom-field-group-value\">Monokristallin<\/span><\/p>\n<p class=\"product-custom-field-group ddd\"><span id=\"cf-Anschlussdose\" class=\"custom-field-group-label\">Anschlussdose:<\/span> <span id=\"vl-Anschlussdose\" class=\"custom-field-group-value\">IP68<\/span><\/p>\n<p class=\"product-custom-field-group ddd\"><span id=\"cf-MC4 Solar-Steckverbinder\" class=\"custom-field-group-label\">MC4 Solar-Steckverbinder:<\/span> <span id=\"vl-MC4 Solar-Steckverbinder\" class=\"custom-field-group-value\">IP68<\/span><\/p>\n<div class=\"station-title\">\n<div class=\"product-custom-field-title station\"><strong>\u00a0<\/strong><\/div>\n<div class=\"product-custom-field-title\"><strong>GARANTIE<\/strong><\/div>\n<\/div>\n<p class=\"product-custom-field-group ddd\"><span id=\"cf-Garantie auf Material und Verarbeitung\" class=\"custom-field-group-label\">Garantie auf Material und Verarbeitung:<\/span> <span id=\"vl-Garantie auf Material und Verarbeitung\" class=\"custom-field-group-value\">5 Jahre<\/span><\/p>\n<div class=\"station-title\">\n<div class=\"product-custom-field-title\"><strong>ZERTIFIZIERUNGEN<\/strong><\/div>\n<\/div>\n<p class=\"product-custom-field-group ddd\"><span id=\"cf-CE\" class=\"custom-field-group-label\">CE:<\/span> <span id=\"vl-CE\" class=\"custom-field-group-value\">JA<\/span><\/p>\n<p class=\"product-custom-field-group ddd\"><span id=\"cf-Hergestellt in einer nach ISO 9001 zertifizierten Einrichtung\" class=\"custom-field-group-label\">Hergestellt in einer nach ISO 9001 zertifizierten Einrichtung:<\/span> <span id=\"vl-Hergestellt in einer nach ISO 9001 zertifizierten Einrichtung\" class=\"custom-field-group-value\">JA<\/span><\/p>\n<p class=\"product-custom-field-group\"><span id=\"cf-Leistung\" class=\"custom-field-group-label\">Leistung:<\/span> <span id=\"vl-Leistung\" class=\"custom-field-group-value\">150W<\/span><\/p>","protected":false},"excerpt":{"rendered":"<p>&#8211; Unglaubliche Langlebigkeit gegen\u00fcber Hurrikanen und Hagelst\u00fcrmen. &#8211; Liefert au\u00dfergew\u00f6hnlichen Energieertrag auch bei teilweiser Abschattung. &#8211; Nahtlose Integration mit verschiedenen Dachformen und -typen. MODULLEISTUNG Max. Leistung bei STC: 150W Modulwirkungsgrad: 14% Leerlaufspannung: 23,75V Kurzschlussstrom: 9,34A Optimale Betriebsspannung: 18,66V Optimaler Betriebsstrom: 8,04A Max. Systemspannung: 600VDC Max. Serie-Sicherungsbewertung: 15A Betriebstemperatur: -40\u2103~85\u2103 Abmessungen: 1658*646*1,5 mm Gewicht: 2,1kg Zelltyp: [&hellip;]<\/p>\n","protected":false},"featured_media":7903,"comment_status":"open","ping_status":"closed","template":"","meta":{"_et_pb_use_builder":"","_et_pb_old_content":"","_et_gb_content_width":""},"product_brand":[],"product_cat":[268,218],"product_tag":[],"class_list":{"0":"post-7902","1":"product","2":"type-product","3":"status-publish","4":"has-post-thumbnail","6":"product_cat-renogy-solarpanel","7":"product_cat-solarpanele","8":"product_shipping_class-versandkostenpauschale-ii","10":"first","11":"instock","12":"taxable","13":"shipping-taxable","14":"purchasable","15":"product-type-simple"},"aioseo_notices":[],"_links":{"self":[{"href":"https:\/\/kastenwagenzubehoer.de\/en\/wp-json\/wp\/v2\/product\/7902","targetHints":{"allow":["GET"]}}],"collection":[{"href":"https:\/\/kastenwagenzubehoer.de\/en\/wp-json\/wp\/v2\/product"}],"about":[{"href":"https:\/\/kastenwagenzubehoer.de\/en\/wp-json\/wp\/v2\/types\/product"}],"replies":[{"embeddable":true,"href":"https:\/\/kastenwagenzubehoer.de\/en\/wp-json\/wp\/v2\/comments?post=7902"}],"wp:featuredmedia":[{"embeddable":true,"href":"https:\/\/kastenwagenzubehoer.de\/en\/wp-json\/wp\/v2\/media\/7903"}],"wp:attachment":[{"href":"https:\/\/kastenwagenzubehoer.de\/en\/wp-json\/wp\/v2\/media?parent=7902"}],"wp:term":[{"taxonomy":"product_brand","embeddable":true,"href":"https:\/\/kastenwagenzubehoer.de\/en\/wp-json\/wp\/v2\/product_brand?post=7902"},{"taxonomy":"product_cat","embeddable":true,"href":"https:\/\/kastenwagenzubehoer.de\/en\/wp-json\/wp\/v2\/product_cat?post=7902"},{"taxonomy":"product_tag","embeddable":true,"href":"https:\/\/kastenwagenzubehoer.de\/en\/wp-json\/wp\/v2\/product_tag?post=7902"}],"curies":[{"name":"wp","href":"https:\/\/api.w.org\/{rel}","templated":true}]}}