{"id":7911,"date":"2025-04-11T11:28:37","date_gmt":"2025-04-11T11:28:37","guid":{"rendered":"https:\/\/kastenwagenzubehoer.de\/?post_type=product&#038;p=7911"},"modified":"2026-02-26T12:10:56","modified_gmt":"2026-02-26T12:10:56","slug":"200w-shadowflux-anti-beschattung-n-typ-solarmodul","status":"publish","type":"product","link":"https:\/\/kastenwagenzubehoer.de\/en\/product\/200w-shadowflux-anti-beschattung-n-typ-solarmodul\/","title":{"rendered":"Renogy 200W ShadowFlux Anti-shading N-Type Solar Panel"},"content":{"rendered":"<div id=\"wg-feature-7b148ae3-2923-4813-81db-e145ae56ff8d\">\n<ul>\n<li>Die fortschrittliche ShadowFlux-Anti-Shading-Technologie maximiert die Leistungsabgabe bei Beschattung.<\/li>\n<li>25 % Zellwirkungsgrad und au\u00dfergew\u00f6hnliche Anti-Hotspot-Leistung.<\/li>\n<li>7 % kleiner und 10 % leichter als herk\u00f6mmliche starre Solarmodule.<\/li>\n<li>Schutzklasse \u2265 IP67 f\u00fcr Langlebigkeit unter rauen Bedingungen.<\/li>\n<li>5 Jahre Garantie auf die Verarbeitung, 25 Jahre Garantie bei 80 % der Leistung.<\/li>\n<\/ul>\n<hr \/>\n<\/div>\n<div data-widget-id=\"35649fae-7c7b-46ba-a7f9-9fa30a35f62b\" data-placement-id=\"4a47102a-762d-4a60-9239-5f746b9a28c9\" data-placement-status=\"ACTIVE\">\n<div id=\"rg-wg-35649fae-7c7b-46ba-a7f9-9fa30a35f62b\">\n<div class=\"rg-container\"><\/div>\n<\/div>\n<\/div>\n<div data-widget-id=\"99cc2cb4-15a1-4e6d-ab55-f63c51390745\" data-placement-id=\"1f64c13c-aea3-490d-a105-51063398c196\" data-placement-status=\"ACTIVE\">\n<div id=\"rg-wg-99cc2cb4-15a1-4e6d-ab55-f63c51390745\">\n<div class=\"rg-container\">\n<h3 class=\"wg-sub-title\"><span style=\"color: #ffffff;\"><strong>Elektrische Spezifikationen<\/strong><\/span><\/h3>\n<div>Maximale Leistung bei STC: 200 W<br \/>\nOptimale Betriebsspannung (Vmp): 31.30 V<br \/>\nOptimaler Betriebsstrom (Imp): 6.38 A<br \/>\nLeerlaufspannung (Voc): 36.50 V<br \/>\nKurzschlussstrom (Isc): 6.86 A<br \/>\nModuleffizienz: 20,7%<br \/>\nMaximale Systemspannung: 1000 VDC<br \/>\nMaximale Nennleistung der Seriensicherung: 15 A<\/div>\n<\/div>\n<\/div>\n<\/div>\n<div>\n<hr \/>\n<\/div>\n<h3><span style=\"color: #ffffff;\"><strong>Mechanische Daten<\/strong><\/span><\/h3>\n<p>Zelltyp N-Type: N-Type Monocrystalline<br \/>\nAnzahl der Zellen: 52 (4&#215;13)<br \/>\nAbmessungen: 1262 x 764 x 30 mm<br \/>\nGewicht: 10.81 kg<br \/>\nFrontglas: geh\u00e4rtetes Glas 3.20 mm<br \/>\nRahmen: Eloxierte Aluminiumlegierung<br \/>\nAnschl\u00fcsse: Solarsteckverbinder<\/p>\n<hr \/>\n<h3><span style=\"color: #ffffff;\"><strong>Thermische Eigenschaften<\/strong><\/span><\/h3>\n<p>Betriebstemperatur: -40\u00baC &#8211; 85\u00baC<br \/>\nNominale Betriebszellentemperatur (NOCT): 45+\/-26 \u00baC<br \/>\nTemperaturkoeffizient von Pmax: -0.29%\/\u2103<br \/>\nTemperaturkoeffizient von Voc: -0.25%\/\u2103<br \/>\nTemperaturkoeffizient von Isc: 0.05%\/\u2103<\/p>\n<hr \/>\n<h3><span style=\"color: #ffffff;\"><strong>Solarsteckverbinder<\/strong><\/span><\/h3>\n<p>Nennstrom: 30A<br \/>\nMaximale Spannung: 1000V DC<br \/>\nTemperaturbereich: -40\u00baC &#8211; 90\u00baC<br \/>\nIP-Bewertung: IP68<\/p>\n<hr \/>\n<h3><span style=\"color: #ffffff;\"><strong>Anschlusskasten<\/strong><\/span><\/h3>\n<p>IP-Bewertung: IP67<br \/>\nDiodentyp: &#8211;<br \/>\nAusgangskabell\u00e4nge: 600mm<br \/>\nZertifikate: CE<br \/>\nGew\u00e4hrleistung: 5 Jahre auf Verarbeitung &amp; 25 Jahre auf Leistung<\/p>","protected":false},"excerpt":{"rendered":"<p>Die fortschrittliche ShadowFlux-Anti-Shading-Technologie maximiert die Leistungsabgabe bei Beschattung. 25 % Zellwirkungsgrad und au\u00dfergew\u00f6hnliche Anti-Hotspot-Leistung. 7 % kleiner und 10 % leichter als herk\u00f6mmliche starre Solarmodule. Schutzklasse \u2265 IP67 f\u00fcr Langlebigkeit unter rauen Bedingungen. 5 Jahre Garantie auf die Verarbeitung, 25 Jahre Garantie bei 80 % der Leistung. Elektrische Spezifikationen Maximale Leistung bei STC: 200 W [&hellip;]<\/p>\n","protected":false},"featured_media":7913,"comment_status":"open","ping_status":"closed","template":"","meta":{"_et_pb_use_builder":"","_et_pb_old_content":"","_et_gb_content_width":""},"product_brand":[],"product_cat":[268,218,93],"product_tag":[],"class_list":{"0":"post-7911","1":"product","2":"type-product","3":"status-publish","4":"has-post-thumbnail","6":"product_cat-renogy-solarpanel","7":"product_cat-solarpanele","8":"product_cat-energie-solartechnik","9":"product_shipping_class-versandkostenpauschale-iii","11":"first","12":"instock","13":"taxable","14":"shipping-taxable","15":"purchasable","16":"product-type-simple"},"aioseo_notices":[],"_links":{"self":[{"href":"https:\/\/kastenwagenzubehoer.de\/en\/wp-json\/wp\/v2\/product\/7911","targetHints":{"allow":["GET"]}}],"collection":[{"href":"https:\/\/kastenwagenzubehoer.de\/en\/wp-json\/wp\/v2\/product"}],"about":[{"href":"https:\/\/kastenwagenzubehoer.de\/en\/wp-json\/wp\/v2\/types\/product"}],"replies":[{"embeddable":true,"href":"https:\/\/kastenwagenzubehoer.de\/en\/wp-json\/wp\/v2\/comments?post=7911"}],"wp:featuredmedia":[{"embeddable":true,"href":"https:\/\/kastenwagenzubehoer.de\/en\/wp-json\/wp\/v2\/media\/7913"}],"wp:attachment":[{"href":"https:\/\/kastenwagenzubehoer.de\/en\/wp-json\/wp\/v2\/media?parent=7911"}],"wp:term":[{"taxonomy":"product_brand","embeddable":true,"href":"https:\/\/kastenwagenzubehoer.de\/en\/wp-json\/wp\/v2\/product_brand?post=7911"},{"taxonomy":"product_cat","embeddable":true,"href":"https:\/\/kastenwagenzubehoer.de\/en\/wp-json\/wp\/v2\/product_cat?post=7911"},{"taxonomy":"product_tag","embeddable":true,"href":"https:\/\/kastenwagenzubehoer.de\/en\/wp-json\/wp\/v2\/product_tag?post=7911"}],"curies":[{"name":"wp","href":"https:\/\/api.w.org\/{rel}","templated":true}]}}