{"id":7921,"date":"2025-04-11T11:35:54","date_gmt":"2025-04-11T11:35:54","guid":{"rendered":"https:\/\/kastenwagenzubehoer.de\/?post_type=product&#038;p=7921"},"modified":"2026-03-02T15:38:24","modified_gmt":"2026-03-02T15:38:24","slug":"220w-leichte-tragbare-solartasche","status":"publish","type":"product","link":"https:\/\/kastenwagenzubehoer.de\/en\/produkt\/220w-leichte-tragbare-solartasche\/","title":{"rendered":"220W Lightweight Portable Solar Panel"},"content":{"rendered":"<div id=\"wg-feature-742c0339-87ad-45cd-ae97-e7a52fe0e09f\">\n<ul>\n<li>Tragbar mit 7,2 kg: kompakt, faltbar und leicht.<\/li>\n<li>\u00dcberlegenes Glasfasermaterial f\u00fcr jahrzehntelange Zuverl\u00e4ssigkeit.<\/li>\n<li>1-min\u00fctiger Aufbau mit IP68-Solaranschl\u00fcssen und Aluminiumst\u00fctzen.<\/li>\n<li>Unerreichte Haltbarkeit mit IP68-Schutz und ETFE-Beschichtung.<\/li>\n<li>5 Jahre Garantie f\u00fcr Material und Verarbeitung.<\/li>\n<\/ul>\n<div data-widget-id=\"6505c2b6-b9cf-496a-b621-201c96975291\" data-placement-id=\"b0cfc965-db09-4530-b6b2-43fcf1123b6b\" data-placement-status=\"ACTIVE\">\n<div id=\"rg-wg-6505c2b6-b9cf-496a-b621-201c96975291\">\n<div class=\"rg-container\">\n<div class=\"wg-key-value-container\">\n<div class=\"wg-key-value\">\n<div class=\"wg-key\">Maximale Leistung bei STC: 220W<\/div>\n<\/div>\n<div class=\"wg-key-value\">\n<div class=\"wg-key\">Leerlaufspannung: 23.6V<\/div>\n<\/div>\n<div class=\"wg-key-value\">\n<div class=\"wg-key\">Kurzschlussstrom: 12.1A<\/div>\n<\/div>\n<div class=\"wg-key-value\">\n<div class=\"wg-key\">Optimale Betriebsspannung: 20.0V<\/div>\n<\/div>\n<div class=\"wg-key-value\">\n<div class=\"wg-key\">Optimaler Betriebsstrom: 11A<\/div>\n<\/div>\n<div class=\"wg-key-value\">\n<div class=\"wg-key\">Maximale Systemspannung: 600VDC<\/div>\n<\/div>\n<div class=\"wg-key-value\">\n<div class=\"wg-key\">Maximale Serien-Sicherungsleistung: 15A<\/div>\n<\/div>\n<div class=\"wg-key-value\">\n<div class=\"wg-key\">Zell-Wirkungsgrad: 22,70%<\/div>\n<\/div>\n<div class=\"wg-key-value\">\n<div class=\"wg-key\">Modul-Wirkungsgrad: 17,3%<\/div>\n<\/div>\n<div class=\"wg-key-value\">\n<div class=\"wg-key\">Betriebstemperatur: -40\u00b0F~185\u00b0F \/ -40\u2103~85\u2103<\/div>\n<\/div>\n<div class=\"wg-key-value\">\n<div class=\"wg-key\">Abmessungen (mit Griff): 1843x730x20 mm<\/div>\n<\/div>\n<div class=\"wg-key-value\">\n<div class=\"wg-key\">Abmessungen (ohne Griff): 1843x690x20 mm<\/div>\n<\/div>\n<div class=\"wg-key-value\">\n<div class=\"wg-key\">Abmessungen (zusammengeklappt): 460*690*80mm<\/div>\n<\/div>\n<div class=\"wg-key-value\">\n<div class=\"wg-key\">Gewicht: 7.20kg\/15.87lb<\/div>\n<div><\/div>\n<\/div>\n<\/div>\n<\/div>\n<\/div>\n<\/div>\n<div data-widget-id=\"01c8f5ac-a07e-4d80-b4cc-d64ad74e6237\" data-placement-id=\"30e974bc-a07d-4263-a3c2-47cfdacfbf1b\" data-placement-status=\"ACTIVE\">\n<div id=\"rg-wg-01c8f5ac-a07e-4d80-b4cc-d64ad74e6237\">\n<div class=\"rg-container\">\n<div class=\"wg-sub-title\"><strong>Renogy 20A Voyager Laderegler<\/strong><\/div>\n<div><\/div>\n<div class=\"wg-key-value-container\">\n<div class=\"wg-key-value\">\n<div class=\"wg-key\">Nennspannung: 12 VDC<\/div>\n<\/div>\n<div class=\"wg-key-value\">\n<div class=\"wg-key\">Eigenverbrauch: \u22648mA<\/div>\n<\/div>\n<div class=\"wg-key-value\">\n<div class=\"wg-key\">Nenn-Ladestrom: 20A<\/div>\n<\/div>\n<div class=\"wg-key-value\">\n<div class=\"wg-key\">Betriebstemperatur: -40\u00b0F bis 140\u00b0F<\/div>\n<\/div>\n<div class=\"wg-key-value\">\n<div class=\"wg-key\">Max. PV-Eingangsspannung: 26 VDC<\/div>\n<\/div>\n<div class=\"wg-key-value\">\n<div class=\"wg-key\">Abmessungen: 162 x 97 x 34 mm<\/div>\n<\/div>\n<div class=\"wg-key-value\">\n<div class=\"wg-key\">Erdung: Gemeinsamer Minuspol<\/div>\n<\/div>\n<div class=\"wg-key-value\">\n<div class=\"wg-key\">Gewicht: 0,88 lbs<\/div>\n<\/div>\n<\/div>\n<\/div>\n<\/div>\n<\/div>\n<\/div>","protected":false},"excerpt":{"rendered":"<p>Tragbar mit 7,2 kg: kompakt, faltbar und leicht. \u00dcberlegenes Glasfasermaterial f\u00fcr jahrzehntelange Zuverl\u00e4ssigkeit. 1-min\u00fctiger Aufbau mit IP68-Solaranschl\u00fcssen und Aluminiumst\u00fctzen. Unerreichte Haltbarkeit mit IP68-Schutz und ETFE-Beschichtung. 5 Jahre Garantie f\u00fcr Material und Verarbeitung. Maximale Leistung bei STC: 220W Leerlaufspannung: 23.6V Kurzschlussstrom: 12.1A Optimale Betriebsspannung: 20.0V Optimaler Betriebsstrom: 11A Maximale Systemspannung: 600VDC Maximale Serien-Sicherungsleistung: 15A Zell-Wirkungsgrad: 22,70% [&hellip;]<\/p>\n","protected":false},"featured_media":7922,"comment_status":"open","ping_status":"closed","template":"","meta":{"_et_pb_use_builder":"","_et_pb_old_content":"","_et_gb_content_width":""},"product_brand":[],"product_cat":[268,218,93],"product_tag":[],"class_list":{"0":"post-7921","1":"product","2":"type-product","3":"status-publish","4":"has-post-thumbnail","6":"product_cat-renogy-solarpanel","7":"product_cat-solarpanele","8":"product_cat-energie-solartechnik","9":"product_shipping_class-versandkostenpauschale-ii","11":"first","12":"outofstock","13":"taxable","14":"shipping-taxable","15":"purchasable","16":"product-type-simple"},"aioseo_notices":[],"_links":{"self":[{"href":"https:\/\/kastenwagenzubehoer.de\/en\/wp-json\/wp\/v2\/product\/7921","targetHints":{"allow":["GET"]}}],"collection":[{"href":"https:\/\/kastenwagenzubehoer.de\/en\/wp-json\/wp\/v2\/product"}],"about":[{"href":"https:\/\/kastenwagenzubehoer.de\/en\/wp-json\/wp\/v2\/types\/product"}],"replies":[{"embeddable":true,"href":"https:\/\/kastenwagenzubehoer.de\/en\/wp-json\/wp\/v2\/comments?post=7921"}],"wp:featuredmedia":[{"embeddable":true,"href":"https:\/\/kastenwagenzubehoer.de\/en\/wp-json\/wp\/v2\/media\/7922"}],"wp:attachment":[{"href":"https:\/\/kastenwagenzubehoer.de\/en\/wp-json\/wp\/v2\/media?parent=7921"}],"wp:term":[{"taxonomy":"product_brand","embeddable":true,"href":"https:\/\/kastenwagenzubehoer.de\/en\/wp-json\/wp\/v2\/product_brand?post=7921"},{"taxonomy":"product_cat","embeddable":true,"href":"https:\/\/kastenwagenzubehoer.de\/en\/wp-json\/wp\/v2\/product_cat?post=7921"},{"taxonomy":"product_tag","embeddable":true,"href":"https:\/\/kastenwagenzubehoer.de\/en\/wp-json\/wp\/v2\/product_tag?post=7921"}],"curies":[{"name":"wp","href":"https:\/\/api.w.org\/{rel}","templated":true}]}}