{"id":7929,"date":"2025-04-11T11:40:40","date_gmt":"2025-04-11T11:40:40","guid":{"rendered":"https:\/\/kastenwagenzubehoer.de\/?post_type=product&#038;p=7929"},"modified":"2026-03-02T15:38:08","modified_gmt":"2026-03-02T15:38:08","slug":"400w-leichte-tragbare-solartasche","status":"publish","type":"product","link":"https:\/\/kastenwagenzubehoer.de\/en\/product\/400w-leichte-tragbare-solartasche\/","title":{"rendered":"400W leichte tragbare Solartasche"},"content":{"rendered":"<div id=\"wg-feature-0ac525e0-03a5-4718-8419-7d27d2059b80\">\n<ul>\n<li>Wiegt nur 13,7 kg: kompakt, faltbar und leicht<\/li>\n<li>Hochwertiges Glasfaser f\u00fcr jahrzehntelange Zuverl\u00e4ssigkeit<\/li>\n<li>Einfacher Aufbau dank MC4-Anschl\u00fcssen und Aluminiumst\u00e4ndern<\/li>\n<li>IP67-Schutz und ETFE-Beschichtung<\/li>\n<li>5 Jahre Garantie auf Material und Verarbeitung<\/li>\n<\/ul>\n<table class=\"table table-striped\">\n<thead>\n<tr>\n<th colspan=\"4\" bgcolor=\"#02BEE5\">RENOGY 400w EFLEX tragbare Solartasche<\/th>\n<\/tr>\n<\/thead>\n<tbody>\n<tr>\n<td width=\"25%\">Max Leistung STC<\/td>\n<td width=\"25%\">400 W<\/td>\n<td width=\"25%\">Leerlaufspannung<\/td>\n<td width=\"25%\">47,20V<\/td>\n<\/tr>\n<tr>\n<td>Kurzschlussspannung<\/td>\n<td>11A<\/td>\n<td>Optimale Betriebsspannung<\/td>\n<td>40V<\/td>\n<\/tr>\n<tr>\n<td>Optimaler Betriebsstrom<\/td>\n<td>10A<\/td>\n<td>Zelleffizienz<\/td>\n<td>&gt;23%<\/td>\n<\/tr>\n<tr>\n<td>Betriebstemperatur<\/td>\n<td>-40\u2103 to +85\u2103<\/td>\n<td>Ma\u00dfe<\/td>\n<td>708*855*80mm(falten), 2838*855*20 mm (entfalten)<\/td>\n<\/tr>\n<tr>\n<td>Gewicht<\/td>\n<td>13,7 kg<\/td>\n<td><\/td>\n<td><\/td>\n<\/tr>\n<tr>\n<td colspan=\"2\"><strong>Garantie<\/strong><\/td>\n<td>Garantie auf Material und Verarbeitung<\/td>\n<td>5 Jahre<\/td>\n<\/tr>\n<tr>\n<td colspan=\"2\"><strong>Zertifizierungen<\/strong><\/td>\n<td>CE- und RoHS-konform, FCC, Hergestellt in einer ISO 9001-zertifizierten Einrichtung, CA65, PES<\/td>\n<td>Ja<\/td>\n<\/tr>\n<\/tbody>\n<\/table>\n<\/div>","protected":false},"excerpt":{"rendered":"<p>Wiegt nur 13,7 kg: kompakt, faltbar und leicht Hochwertiges Glasfaser f\u00fcr jahrzehntelange Zuverl\u00e4ssigkeit Einfacher Aufbau dank MC4-Anschl\u00fcssen und Aluminiumst\u00e4ndern IP67-Schutz und ETFE-Beschichtung 5 Jahre Garantie auf Material und Verarbeitung RENOGY 400w EFLEX tragbare Solartasche Max Leistung STC 400 W Leerlaufspannung 47,20V Kurzschlussspannung 11A Optimale Betriebsspannung 40V Optimaler Betriebsstrom 10A Zelleffizienz &gt;23% Betriebstemperatur -40\u2103 to +85\u2103 [&hellip;]<\/p>\n","protected":false},"featured_media":7930,"comment_status":"open","ping_status":"closed","template":"","meta":{"_et_pb_use_builder":"","_et_pb_old_content":"","_et_gb_content_width":""},"product_brand":[],"product_cat":[268,218,93],"product_tag":[],"class_list":{"0":"post-7929","1":"product","2":"type-product","3":"status-publish","4":"has-post-thumbnail","6":"product_cat-renogy-solarpanel","7":"product_cat-solarpanele","8":"product_cat-energie-solartechnik","9":"product_shipping_class-versandkostenpauschale-ii","11":"first","12":"outofstock","13":"taxable","14":"shipping-taxable","15":"purchasable","16":"product-type-simple"},"aioseo_notices":[],"_links":{"self":[{"href":"https:\/\/kastenwagenzubehoer.de\/en\/wp-json\/wp\/v2\/product\/7929","targetHints":{"allow":["GET"]}}],"collection":[{"href":"https:\/\/kastenwagenzubehoer.de\/en\/wp-json\/wp\/v2\/product"}],"about":[{"href":"https:\/\/kastenwagenzubehoer.de\/en\/wp-json\/wp\/v2\/types\/product"}],"replies":[{"embeddable":true,"href":"https:\/\/kastenwagenzubehoer.de\/en\/wp-json\/wp\/v2\/comments?post=7929"}],"wp:featuredmedia":[{"embeddable":true,"href":"https:\/\/kastenwagenzubehoer.de\/en\/wp-json\/wp\/v2\/media\/7930"}],"wp:attachment":[{"href":"https:\/\/kastenwagenzubehoer.de\/en\/wp-json\/wp\/v2\/media?parent=7929"}],"wp:term":[{"taxonomy":"product_brand","embeddable":true,"href":"https:\/\/kastenwagenzubehoer.de\/en\/wp-json\/wp\/v2\/product_brand?post=7929"},{"taxonomy":"product_cat","embeddable":true,"href":"https:\/\/kastenwagenzubehoer.de\/en\/wp-json\/wp\/v2\/product_cat?post=7929"},{"taxonomy":"product_tag","embeddable":true,"href":"https:\/\/kastenwagenzubehoer.de\/en\/wp-json\/wp\/v2\/product_tag?post=7929"}],"curies":[{"name":"wp","href":"https:\/\/api.w.org\/{rel}","templated":true}]}}