{"id":7937,"date":"2025-04-11T11:47:05","date_gmt":"2025-04-11T11:47:05","guid":{"rendered":"https:\/\/kastenwagenzubehoer.de\/?post_type=product&#038;p=7937"},"modified":"2026-03-06T13:25:39","modified_gmt":"2026-03-06T13:25:39","slug":"total-solution-standard-kitrenogy-one-core-renogy-one-vision-control-panel-battery-shunt","status":"publish","type":"product","link":"https:\/\/kastenwagenzubehoer.de\/en\/product\/total-solution-standard-kitrenogy-one-core-renogy-one-vision-control-panel-battery-shunt\/","title":{"rendered":"Total Solution (Standard Kit: Renogy One Core, Renogy One Vision, Control Panel, Battery Shunt)"},"content":{"rendered":"<table class=\"shop_table shop_table_responsive\" style=\"width: 100%; border-collapse: collapse;\">\n<thead>\n<tr>\n<th style=\"border: 1px solid #ddd; padding: 8px; text-align: left;\">Ger\u00e4tetyp<\/th>\n<th style=\"border: 1px solid #ddd; padding: 8px; text-align: left;\">Ger\u00e4tename<\/th>\n<th style=\"border: 1px solid #ddd; padding: 8px; text-align: left;\">SKU<\/th>\n<th style=\"border: 1px solid #ddd; padding: 8px; text-align: left;\">Menge und Einheit<\/th>\n<\/tr>\n<\/thead>\n<tbody>\n<tr>\n<td style=\"border: 1px solid #ddd; padding: 8px;\">Gateway<\/td>\n<td style=\"border: 1px solid #ddd; padding: 8px;\">Renogy ONE Core<\/td>\n<td style=\"border: 1px solid #ddd; padding: 8px;\">RSHGWSN-W02W<\/td>\n<td style=\"border: 1px solid #ddd; padding: 8px;\">1 Set<\/td>\n<\/tr>\n<tr>\n<td style=\"border: 1px solid #ddd; padding: 8px;\">Bedienterminal &amp; Display<\/td>\n<td style=\"border: 1px solid #ddd; padding: 8px;\">Renogy ONE Vision<\/td>\n<td style=\"border: 1px solid #ddd; padding: 8px;\">RSHSN-W02W7<\/td>\n<td style=\"border: 1px solid #ddd; padding: 8px;\">1 Set<\/td>\n<\/tr>\n<tr>\n<td style=\"border: 1px solid #ddd; padding: 8px;\">Bedienterminal<\/td>\n<td style=\"border: 1px solid #ddd; padding: 8px;\">Bedienpanel<\/td>\n<td style=\"border: 1px solid #ddd; padding: 8px;\">RSHCP-C02W01<\/td>\n<td style=\"border: 1px solid #ddd; padding: 8px;\">1 Set<\/td>\n<\/tr>\n<tr>\n<td style=\"border: 1px solid #ddd; padding: 8px;\">Stromversorgungsger\u00e4t<\/td>\n<td style=\"border: 1px solid #ddd; padding: 8px;\">Battery Shunt 300<\/td>\n<td style=\"border: 1px solid #ddd; padding: 8px;\">RSHST-B02P300<\/td>\n<td style=\"border: 1px solid #ddd; padding: 8px;\">1 Set<\/td>\n<\/tr>\n<tr>\n<td style=\"border: 1px solid #ddd; padding: 8px;\">Stromverteilungsger\u00e4t<\/td>\n<td style=\"border: 1px solid #ddd; padding: 8px;\">Intelligente Verteilerbox<\/td>\n<td style=\"border: 1px solid #ddd; padding: 8px;\">RSHCB-C02P<\/td>\n<td style=\"border: 1px solid #ddd; padding: 8px;\">1 Set<\/td>\n<\/tr>\n<tr>\n<td style=\"border: 1px solid #ddd; padding: 8px;\">Accessories<\/td>\n<td style=\"border: 1px solid #ddd; padding: 8px;\">5 m Ethernet-Kabel<\/td>\n<td style=\"border: 1px solid #ddd; padding: 8px;\">RCA16RR-4545<\/td>\n<td style=\"border: 1px solid #ddd; padding: 8px;\">2 St\u00fcck<\/td>\n<\/tr>\n<tr>\n<td style=\"border: 1px solid #ddd; padding: 8px;\">Accessories<\/td>\n<td style=\"border: 1px solid #ddd; padding: 8px;\">Terminal-R<\/td>\n<td style=\"border: 1px solid #ddd; padding: 8px;\">RCA1TP-R45<\/td>\n<td style=\"border: 1px solid #ddd; padding: 8px;\">2 St\u00fcck<\/td>\n<\/tr>\n<tr>\n<td style=\"border: 1px solid #ddd; padding: 8px;\">Accessories<\/td>\n<td style=\"border: 1px solid #ddd; padding: 8px;\">R45-Splitter<\/td>\n<td style=\"border: 1px solid #ddd; padding: 8px;\">RCA01RR-4545<\/td>\n<td style=\"border: 1px solid #ddd; padding: 8px;\">1 St\u00fcck<\/td>\n<\/tr>\n<\/tbody>\n<\/table>","protected":false},"excerpt":{"rendered":"<p>Ger\u00e4tetyp Ger\u00e4tename SKU Menge und Einheit Gateway Renogy ONE Core RSHGWSN-W02W 1 Set Bedienterminal &amp; Display Renogy ONE Vision RSHSN-W02W7 1 Set Bedienterminal Bedienpanel RSHCP-C02W01 1 Set Stromversorgungsger\u00e4t Battery Shunt 300 RSHST-B02P300 1 Set Stromverteilungsger\u00e4t Intelligente Verteilerbox RSHCB-C02P 1 Set Zubeh\u00f6r 5 m Ethernet-Kabel RCA16RR-4545 2 St\u00fcck Zubeh\u00f6r Terminal-R RCA1TP-R45 2 St\u00fcck Zubeh\u00f6r R45-Splitter RCA01RR-4545 [&hellip;]<\/p>\n","protected":false},"featured_media":9948,"comment_status":"open","ping_status":"closed","template":"","meta":{"_et_pb_use_builder":"","_et_pb_old_content":"","_et_gb_content_width":""},"product_brand":[],"product_cat":[276,285,286],"product_tag":[],"class_list":{"0":"post-7937","1":"product","2":"type-product","3":"status-publish","4":"has-post-thumbnail","6":"product_cat-energie","7":"product_cat-energiemanagement","8":"product_cat-ueberwachung","9":"product_shipping_class-versandkostenpauschale-ii","11":"first","12":"instock","13":"taxable","14":"shipping-taxable","15":"purchasable","16":"product-type-simple"},"aioseo_notices":[],"_links":{"self":[{"href":"https:\/\/kastenwagenzubehoer.de\/en\/wp-json\/wp\/v2\/product\/7937","targetHints":{"allow":["GET"]}}],"collection":[{"href":"https:\/\/kastenwagenzubehoer.de\/en\/wp-json\/wp\/v2\/product"}],"about":[{"href":"https:\/\/kastenwagenzubehoer.de\/en\/wp-json\/wp\/v2\/types\/product"}],"replies":[{"embeddable":true,"href":"https:\/\/kastenwagenzubehoer.de\/en\/wp-json\/wp\/v2\/comments?post=7937"}],"wp:featuredmedia":[{"embeddable":true,"href":"https:\/\/kastenwagenzubehoer.de\/en\/wp-json\/wp\/v2\/media\/9948"}],"wp:attachment":[{"href":"https:\/\/kastenwagenzubehoer.de\/en\/wp-json\/wp\/v2\/media?parent=7937"}],"wp:term":[{"taxonomy":"product_brand","embeddable":true,"href":"https:\/\/kastenwagenzubehoer.de\/en\/wp-json\/wp\/v2\/product_brand?post=7937"},{"taxonomy":"product_cat","embeddable":true,"href":"https:\/\/kastenwagenzubehoer.de\/en\/wp-json\/wp\/v2\/product_cat?post=7937"},{"taxonomy":"product_tag","embeddable":true,"href":"https:\/\/kastenwagenzubehoer.de\/en\/wp-json\/wp\/v2\/product_tag?post=7937"}],"curies":[{"name":"wp","href":"https:\/\/api.w.org\/{rel}","templated":true}]}}