{"id":7938,"date":"2025-04-11T11:53:13","date_gmt":"2025-04-11T11:53:13","guid":{"rendered":"https:\/\/kastenwagenzubehoer.de\/?post_type=product&#038;p=7938"},"modified":"2026-03-02T15:37:47","modified_gmt":"2026-03-02T15:37:47","slug":"1000w-12v-auf-230v-reine-sinus-wechselrichter-mit-1-eu-steckdose-und-netzvorrangschaltung","status":"publish","type":"product","link":"https:\/\/kastenwagenzubehoer.de\/en\/product\/1000w-12v-auf-230v-reine-sinus-wechselrichter-mit-1-eu-steckdose-und-netzvorrangschaltung\/","title":{"rendered":"1000W 12V auf 230V Reine Sinus Wechselrichter mit 1 EU-Steckdose und Netzvorrangschaltung"},"content":{"rendered":"<div id=\"wg-feature-f937ae79-2fee-4ee0-83fd-33a707d05464\">\n<ul>\n<li>\u3010Hochwertiger Wechselrichter\u3011 Der Renogy 1000W Wechselrichter verwendet die fortschrittliche Sinuswellen-Technologie, die saubereren, glatteren und zuverl\u00e4ssigeren Strom erzeugen kann, um Werkzeuge, L\u00fcfter, Lichter und andere elektronische Ger\u00e4te st\u00f6rungsfrei zu betreiben. Dies sch\u00fctzt Ihre empfindliche Elektronik und verl\u00e4ngert die Lebensdauer Ihrer Ger\u00e4te.<\/li>\n<li>\u3010Hohe Leistung und Effizienz\u3011 Die Umwandlungseffizienz des Renogy 12V auf 230V, 1000W Wechselrichters betr\u00e4gt mehr als 90 %, und der einstellbare 50Hz-Ausgang bietet 1000W Dauerleistung und 2000W Sto\u00dfleistung, um Ihre t\u00e4glichen Elektroger\u00e4te problemlos mit Strom zu versorgen.<\/li>\n<li>\u3010Umfassender Schutz\u3011 Die fortschrittliche reine Sinuswellen-Technologie kann Ihre sensible Elektronik sch\u00fctzen. Die eingebaute interne Backup-DC-Sicherung bietet zus\u00e4tzliche Sicherheit. Der reine Sinuswellen-Wechselrichter bietet zudem \u00dcberlastschutz, \u00dcbertemperaturschutz, Kurzschlussschutz und Unterspannungsschutz, um die Betriebssicherheit zu gew\u00e4hrleisten.<\/li>\n<\/ul>\n<div class=\"station-title\">\n<div class=\"product-custom-field-title\"><strong>1000W 12V reiner Sinus-Wechselrichter<\/strong><\/div>\n<\/div>\n<p class=\"product-custom-field-group ddd\"><span id=\"cf-Eingangsspannung\" class=\"custom-field-group-label\">Eingangsspannung:<\/span> <span id=\"vl-Eingangsspannung\" class=\"custom-field-group-value\">12 VDC<\/span><\/p>\n<p class=\"product-custom-field-group ddd\"><span id=\"cf-Dauerleistung\" class=\"custom-field-group-label\">Dauerleistung:<\/span> <span id=\"vl-Dauerleistung\" class=\"custom-field-group-value\">1000 W<\/span><\/p>\n<p class=\"product-custom-field-group\"><span id=\"cf-Sto\u00dfleistung\" class=\"custom-field-group-label\">Sto\u00dfleistung:<\/span> <span id=\"vl-Sto\u00dfleistung\" class=\"custom-field-group-value\">2000 W<\/span><\/p>\n<p class=\"product-custom-field-group\"><span id=\"cf-Ausgangsspannung\" class=\"custom-field-group-label\">Ausgangsspannung:<\/span> <span id=\"vl-Ausgangsspannung\" class=\"custom-field-group-value\">220 VAC \u00b1 10<\/span><\/p>\n<p class=\"product-custom-field-group ddd\"><span id=\"cf-Ausgangsfrequenz (nominal)\" class=\"custom-field-group-label\">Ausgangsfrequenz (nominal):<\/span> <span id=\"vl-Ausgangsfrequenz (nominal)\" class=\"custom-field-group-value\">50 Hz \u00b1 0,3<\/span><\/p>\n<p class=\"product-custom-field-group ddd\"><span id=\"cf-Ausgangswellenform\" class=\"custom-field-group-label\">Ausgangswellenform:<\/span> <span id=\"vl-Ausgangswellenform\" class=\"custom-field-group-value\">Reine Sinuswelle<\/span><\/p>\n<p class=\"product-custom-field-group\"><span id=\"cf-Stromverbrauch im Leerlauf\" class=\"custom-field-group-label\">Stromverbrauch im Leerlauf:<\/span> <span id=\"vl-Stromverbrauch im Leerlauf\" class=\"custom-field-group-value\">&lt; 1A<\/span><\/p>\n<p class=\"product-custom-field-group\"><span id=\"cf-Eingangsspannungsbereich\" class=\"custom-field-group-label\">Eingangsspannungsbereich:<\/span> <span id=\"vl-Eingangsspannungsbereich\" class=\"custom-field-group-value\">11\u201316 VDC<\/span><\/p>\n<p class=\"product-custom-field-group ddd\"><span id=\"cf-Niederspannungsabschaltung:\" class=\"custom-field-group-label\">Niederspannungsabschaltung::<\/span> <span id=\"vl-Niederspannungsabschaltung:\" class=\"custom-field-group-value\">10 VDC<\/span><\/p>\n<p class=\"product-custom-field-group ddd\"><span id=\"cf-Sich vom Niederspannungsschutz erholen\" class=\"custom-field-group-label\">Sich vom Niederspannungsschutz erholen:<\/span> <span id=\"vl-Sich vom Niederspannungsschutz erholen\" class=\"custom-field-group-value\">Ja<\/span><\/p>\n<p class=\"product-custom-field-group\"><span id=\"cf-Batterieversorgung und AC-Haupt\u00fcbertragungszeit innerhalb von 50 ms\" class=\"custom-field-group-label\">Batterieversorgung und AC-Haupt\u00fcbertragungszeit innerhalb von 50 ms:<\/span> <span id=\"vl-Batterieversorgung und AC-Haupt\u00fcbertragungszeit innerhalb von 50 ms\" class=\"custom-field-group-value\">Ja<\/span><\/p>\n<p class=\"product-custom-field-group\"><span id=\"cf-Wirkungsgrad\" class=\"custom-field-group-label\">Wirkungsgrad:<\/span> <span id=\"vl-Wirkungsgrad\" class=\"custom-field-group-value\">&gt; 90 %<\/span><\/p>\n<p class=\"product-custom-field-group ddd\"><span id=\"cf-Gr\u00f6\u00dfe:\" class=\"custom-field-group-label\">Gr\u00f6\u00dfe::<\/span> <span id=\"vl-Gr\u00f6\u00dfe:\" class=\"custom-field-group-value\">342 x 173 x 76 mm<\/span><\/p>\n<p class=\"product-custom-field-group ddd\"><span id=\"cf-Gewicht\" class=\"custom-field-group-label\">Gewicht:<\/span> <span id=\"vl-Gewicht\" class=\"custom-field-group-value\">2,6 kg<\/span><\/p>\n<div class=\"product-custom-field-subtitle\"><strong>Zertifizierungen<\/strong><\/div>\n<p class=\"product-custom-field-group ddd\"><span id=\"cf-CE\" class=\"custom-field-group-label\">CE:<\/span> <span id=\"vl-CE\" class=\"custom-field-group-value\">Ja<\/span><\/p>\n<p class=\"product-custom-field-group ddd\"><span id=\"cf-EMC\" class=\"custom-field-group-label\">EMC:<\/span> <span id=\"vl-EMC\" class=\"custom-field-group-value\">Ja<\/span><\/p>\n<div class=\"product-custom-field-subtitle\"><strong>Garantie<\/strong><\/div>\n<p class=\"product-custom-field-group ddd\"><span id=\"cf-Sinuswechselrichter\" class=\"custom-field-group-label\">Sinuswechselrichter:<\/span> <span id=\"vl-Sinuswechselrichter\" class=\"custom-field-group-value\">1 Jahr Garantie auf Material und Verarbeitung<\/span><\/p>\n<\/div>","protected":false},"excerpt":{"rendered":"<p>\u3010Hochwertiger Wechselrichter\u3011 Der Renogy 1000W Wechselrichter verwendet die fortschrittliche Sinuswellen-Technologie, die saubereren, glatteren und zuverl\u00e4ssigeren Strom erzeugen kann, um Werkzeuge, L\u00fcfter, Lichter und andere elektronische Ger\u00e4te st\u00f6rungsfrei zu betreiben. Dies sch\u00fctzt Ihre empfindliche Elektronik und verl\u00e4ngert die Lebensdauer Ihrer Ger\u00e4te. \u3010Hohe Leistung und Effizienz\u3011 Die Umwandlungseffizienz des Renogy 12V auf 230V, 1000W Wechselrichters betr\u00e4gt mehr [&hellip;]<\/p>\n","protected":false},"featured_media":7939,"comment_status":"open","ping_status":"closed","template":"","meta":{"_et_pb_use_builder":"","_et_pb_old_content":"","_et_gb_content_width":""},"product_brand":[],"product_cat":[276,279],"product_tag":[],"class_list":{"0":"post-7938","1":"product","2":"type-product","3":"status-publish","4":"has-post-thumbnail","6":"product_cat-energie","7":"product_cat-wechselrichter-energie","8":"product_shipping_class-versandkostenpauschale-ii","10":"first","11":"instock","12":"taxable","13":"shipping-taxable","14":"purchasable","15":"product-type-simple"},"aioseo_notices":[],"_links":{"self":[{"href":"https:\/\/kastenwagenzubehoer.de\/en\/wp-json\/wp\/v2\/product\/7938","targetHints":{"allow":["GET"]}}],"collection":[{"href":"https:\/\/kastenwagenzubehoer.de\/en\/wp-json\/wp\/v2\/product"}],"about":[{"href":"https:\/\/kastenwagenzubehoer.de\/en\/wp-json\/wp\/v2\/types\/product"}],"replies":[{"embeddable":true,"href":"https:\/\/kastenwagenzubehoer.de\/en\/wp-json\/wp\/v2\/comments?post=7938"}],"wp:featuredmedia":[{"embeddable":true,"href":"https:\/\/kastenwagenzubehoer.de\/en\/wp-json\/wp\/v2\/media\/7939"}],"wp:attachment":[{"href":"https:\/\/kastenwagenzubehoer.de\/en\/wp-json\/wp\/v2\/media?parent=7938"}],"wp:term":[{"taxonomy":"product_brand","embeddable":true,"href":"https:\/\/kastenwagenzubehoer.de\/en\/wp-json\/wp\/v2\/product_brand?post=7938"},{"taxonomy":"product_cat","embeddable":true,"href":"https:\/\/kastenwagenzubehoer.de\/en\/wp-json\/wp\/v2\/product_cat?post=7938"},{"taxonomy":"product_tag","embeddable":true,"href":"https:\/\/kastenwagenzubehoer.de\/en\/wp-json\/wp\/v2\/product_tag?post=7938"}],"curies":[{"name":"wp","href":"https:\/\/api.w.org\/{rel}","templated":true}]}}