{"id":7949,"date":"2025-04-11T11:59:54","date_gmt":"2025-04-11T11:59:54","guid":{"rendered":"https:\/\/kastenwagenzubehoer.de\/?post_type=product&#038;p=7949"},"modified":"2026-02-26T12:08:15","modified_gmt":"2026-02-26T12:08:15","slug":"2000w-12v-auf-230v-reine-sinus-wechselrichter-mit-2-eu-steckdose-und-netzvorrangschaltung-fuer-wohnmobil","status":"publish","type":"product","link":"https:\/\/kastenwagenzubehoer.de\/en\/product\/2000w-12v-auf-230v-reine-sinus-wechselrichter-mit-2-eu-steckdose-und-netzvorrangschaltung-fuer-wohnmobil\/","title":{"rendered":"2000W 12V auf 230V Reine Sinus Wechselrichter mit 2 EU-Steckdose und Netzvorrangschaltung f\u00fcr Wohnmobil"},"content":{"rendered":"<div id=\"wg-feature-6f3e7129-8d68-4cdb-8965-331c7d404ea0\">\n<ul>\n<li>\u3010Hochwertiger Wechselrichter\u3011 Der Renogy 2000W Wechselrichter verwendet die fortschrittliche Sinuswellen-Technologie, die saubereren, glatteren und zuverl\u00e4ssigeren Strom erzeugen kann, um Werkzeuge, L\u00fcfter, Lichter und andere elektronische Ger\u00e4te st\u00f6rungsfrei zu betreiben. Dies sch\u00fctzt Ihre empfindliche Elektronik und verl\u00e4ngert die Lebensdauer Ihrer Ger\u00e4te.<\/li>\n<li>\u3010Hohe Leistung und Effizienz\u3011 Die Umwandlungseffizienz des Renogy 12V auf 230V, 2000W Wechselrichters betr\u00e4gt mehr als 90 %, und der einstellbare 50Hz-Ausgang bietet 2000W Dauerleistung und 4000W Sto\u00dfleistung, um Ihre t\u00e4glichen Elektroger\u00e4te problemlos mit Strom zu versorgen.<\/li>\n<li>\u3010Umfassender Schutz\u3011 Die fortschrittliche reine Sinuswellen-Technologie kann Ihre sensible Elektronik sch\u00fctzen. Die eingebaute interne Backup-DC-Sicherung bietet zus\u00e4tzliche Sicherheit. Der reine Sinuswellen-Wechselrichter bietet zudem \u00dcberlastschutz, \u00dcbertemperaturschutz, Kurzschlussschutz und Unterspannungsschutz, um die Betriebssicherheit zu gew\u00e4hrleisten.<\/li>\n<\/ul>\n<div class=\"station-title\">\n<div class=\"product-custom-field-title\"><strong>Spezifikationen<\/strong><\/div>\n<\/div>\n<\/div>\n<div><\/div>\n<div><span id=\"cf-Leistung\" class=\"custom-field-group-label\">Leistung:<\/span> <span id=\"vl-Leistung\" class=\"custom-field-group-value\">2000W<\/span><\/div>\n<div id=\"wg-feature-6f3e7129-8d68-4cdb-8965-331c7d404ea0\">\n<p class=\"product-custom-field-group ddd\"><span id=\"cf-Konstante Ausgangsleistung\" class=\"custom-field-group-label\">Konstante Ausgangsleistung:<\/span> <span id=\"vl-Konstante Ausgangsleistung\" class=\"custom-field-group-value\">2000W<\/span><\/p>\n<p class=\"product-custom-field-group ddd\"><span id=\"cf-Nenneingangspannung\" class=\"custom-field-group-label\">Nenneingangspannung:<\/span> <span id=\"vl-Nenneingangspannung\" class=\"custom-field-group-value\">12VDC<\/span><\/p>\n<p class=\"product-custom-field-group\"><span id=\"cf-Spitzenleistung\" class=\"custom-field-group-label\">Spitzenleistung:<\/span> <span id=\"vl-Spitzenleistung\" class=\"custom-field-group-value\">4000W<\/span><\/p>\n<p class=\"product-custom-field-group\"><span id=\"cf-AC-Nenneingangsspannungsbereich\" class=\"custom-field-group-label\">AC-Nenneingangsspannungsbereich:<\/span> <span id=\"vl-AC-Nenneingangsspannungsbereich\" class=\"custom-field-group-value\">200-240VAC<\/span><\/p>\n<p class=\"product-custom-field-group ddd\"><span id=\"cf-Ausgangswellenform\" class=\"custom-field-group-label\">Ausgangswellenform:<\/span> <span id=\"vl-Ausgangswellenform\" class=\"custom-field-group-value\">Reine Sine Welle<\/span><\/p>\n<p class=\"product-custom-field-group ddd\"><span id=\"cf-Ausgangsfrequenz (Nominal)\" class=\"custom-field-group-label\">Ausgangsfrequenz (Nominal):<\/span> <span id=\"vl-Ausgangsfrequenz (Nominal)\" class=\"custom-field-group-value\">50 Hz<\/span><\/p>\n<p class=\"product-custom-field-group\"><span id=\"cf-Niederspannungsabschaltung\" class=\"custom-field-group-label\">Niederspannungsabschaltung:<\/span> <span id=\"vl-Niederspannungsabschaltung\" class=\"custom-field-group-value\">10VDC<\/span><\/p>\n<p class=\"product-custom-field-group\"><span id=\"cf-Hochspannungsabschaltung\" class=\"custom-field-group-label\">Hochspannungsabschaltung:<\/span> <span id=\"vl-Hochspannungsabschaltung\" class=\"custom-field-group-value\">16,3VDC<\/span><\/p>\n<p class=\"product-custom-field-group ddd\"><span id=\"cf-wiedereinschalten von Niederspannungsschutz\" class=\"custom-field-group-label\">wiedereinschalten von Niederspannungsschutz:<\/span> <span id=\"vl-wiedereinschalten von Niederspannungsschutz\" class=\"custom-field-group-value\">12VDC<\/span><\/p>\n<p class=\"product-custom-field-group ddd\"><span id=\"cf-Ausgangsspannung\" class=\"custom-field-group-label\">Ausgangsspannung:<\/span> <span id=\"vl-Ausgangsspannung\" class=\"custom-field-group-value\">220-240VAC<\/span><\/p>\n<p class=\"product-custom-field-group\"><span id=\"cf-Statischer Strom\" class=\"custom-field-group-label\">Statischer Strom:<\/span> <span id=\"vl-Statischer Strom\" class=\"custom-field-group-value\">1,3A<\/span><\/p>\n<p class=\"product-custom-field-group\"><span id=\"cf-Umgebungstemparatur\" class=\"custom-field-group-label\">Umgebungstemparatur:<\/span> <span id=\"vl-Umgebungstemparatur\" class=\"custom-field-group-value\">0\u2103 &#8211; 40\u2103<\/span><\/p>\n<p class=\"product-custom-field-group ddd\"><span id=\"cf-Gewicht\" class=\"custom-field-group-label\">Gewicht:<\/span> <span id=\"vl-Gewicht\" class=\"custom-field-group-value\">4,8kg<\/span><\/p>\n<p class=\"product-custom-field-group ddd\"><span id=\"cf-Dimensionen\" class=\"custom-field-group-label\">Dimensionen:<\/span> <span id=\"vl-Dimensionen\" class=\"custom-field-group-value\">442 x 220x 92mm<\/span><\/p>\n<div class=\"station-title\">\n<div class=\"product-custom-field-title\"><strong>Garantie<\/strong><\/div>\n<\/div>\n<p class=\"product-custom-field-group ddd\"><span id=\"cf-12V Wechselrichter\" class=\"custom-field-group-label\">12V Wechselrichter:<\/span> <span id=\"vl-12V Wechselrichter\" class=\"custom-field-group-value\">1 Jahr Garantie auf Material und Verarbeitung<\/span><\/p>\n<\/div>","protected":false},"excerpt":{"rendered":"<p>\u3010Hochwertiger Wechselrichter\u3011 Der Renogy 2000W Wechselrichter verwendet die fortschrittliche Sinuswellen-Technologie, die saubereren, glatteren und zuverl\u00e4ssigeren Strom erzeugen kann, um Werkzeuge, L\u00fcfter, Lichter und andere elektronische Ger\u00e4te st\u00f6rungsfrei zu betreiben. Dies sch\u00fctzt Ihre empfindliche Elektronik und verl\u00e4ngert die Lebensdauer Ihrer Ger\u00e4te. \u3010Hohe Leistung und Effizienz\u3011 Die Umwandlungseffizienz des Renogy 12V auf 230V, 2000W Wechselrichters betr\u00e4gt mehr [&hellip;]<\/p>\n","protected":false},"featured_media":7960,"comment_status":"open","ping_status":"closed","template":"","meta":{"_et_pb_use_builder":"","_et_pb_old_content":"","_et_gb_content_width":""},"product_brand":[],"product_cat":[276,279],"product_tag":[],"class_list":{"0":"post-7949","1":"product","2":"type-product","3":"status-publish","4":"has-post-thumbnail","6":"product_cat-energie","7":"product_cat-wechselrichter-energie","8":"product_shipping_class-versandkostenpauschale-ii","10":"first","11":"instock","12":"taxable","13":"shipping-taxable","14":"purchasable","15":"product-type-simple"},"aioseo_notices":[],"_links":{"self":[{"href":"https:\/\/kastenwagenzubehoer.de\/en\/wp-json\/wp\/v2\/product\/7949","targetHints":{"allow":["GET"]}}],"collection":[{"href":"https:\/\/kastenwagenzubehoer.de\/en\/wp-json\/wp\/v2\/product"}],"about":[{"href":"https:\/\/kastenwagenzubehoer.de\/en\/wp-json\/wp\/v2\/types\/product"}],"replies":[{"embeddable":true,"href":"https:\/\/kastenwagenzubehoer.de\/en\/wp-json\/wp\/v2\/comments?post=7949"}],"wp:featuredmedia":[{"embeddable":true,"href":"https:\/\/kastenwagenzubehoer.de\/en\/wp-json\/wp\/v2\/media\/7960"}],"wp:attachment":[{"href":"https:\/\/kastenwagenzubehoer.de\/en\/wp-json\/wp\/v2\/media?parent=7949"}],"wp:term":[{"taxonomy":"product_brand","embeddable":true,"href":"https:\/\/kastenwagenzubehoer.de\/en\/wp-json\/wp\/v2\/product_brand?post=7949"},{"taxonomy":"product_cat","embeddable":true,"href":"https:\/\/kastenwagenzubehoer.de\/en\/wp-json\/wp\/v2\/product_cat?post=7949"},{"taxonomy":"product_tag","embeddable":true,"href":"https:\/\/kastenwagenzubehoer.de\/en\/wp-json\/wp\/v2\/product_tag?post=7949"}],"curies":[{"name":"wp","href":"https:\/\/api.w.org\/{rel}","templated":true}]}}