{"id":7995,"date":"2025-04-11T12:40:44","date_gmt":"2025-04-11T12:40:44","guid":{"rendered":"https:\/\/kastenwagenzubehoer.de\/?post_type=product&#038;p=7995"},"modified":"2026-03-02T15:36:15","modified_gmt":"2026-03-02T15:36:15","slug":"12v-50a-mppt-dc-zu-dc-batterie-ladegeraet-laderegler","status":"publish","type":"product","link":"https:\/\/kastenwagenzubehoer.de\/en\/product\/12v-50a-mppt-dc-zu-dc-batterie-ladegeraet-laderegler\/","title":{"rendered":"12V 50A MPPT DC zu DC Batterie Ladeger\u00e4t Laderegler"},"content":{"rendered":"<div id=\"wg-feature-4769a030-844c-4495-a75b-4e8e3cb18ee0\">\n<ul>\n<li>\u3010Effizientes Laden mit mehreren Eing\u00e4ngen\u3011 Das DC-DC Batterieladeger\u00e4t von Renogy mit einzigartigen Dual-Ladeoptionen. Dieses mehrstufige Batterieladeger\u00e4t mit mehreren Eing\u00e4ngen kann die Hausbatterie \u00fcber Starterbatterie oder \u00fcber direkt Solarmodule aufladen.<\/li>\n<li>\u3010Vielseitige Kompatibilit\u00e4t\u3011 Dieses Ladeger\u00e4t ist zum Laden einer Vielzahl von Batterietypen konzipiert, darunter Flut-, Gel-, AGM- und Lithiumbatterien, und erf\u00fcllt die unterschiedlichen Anforderungen Ihres Stromversorgungssystems.<\/li>\n<li>\u3010Fortschrittliche MPPT-Technologie\u3011 Maximiert die Solarenergie mit einem Wirkungsgrad von bis zu 99 %, auch bei leeren Batterien, und sorgt so f\u00fcr eine optimale Stromausbeute tags\u00fcber.<\/li>\n<li>\u3010Robuster Sicherheitsschutz\u3011 Ausgestattet mit mehreren Sicherheitsfunktionen wie Unterspannung, \u00dcberspannung, \u00dcberlast, \u00dcbertemperatur, R\u00fcckstrom, Verpolung und Kurzschlussschutz, die sowohl das Ladeger\u00e4t als auch Ihre Batterie sch\u00fctzen<\/li>\n<li>\u3010Fern\u00fcberwachung und -steuerung\u3011 Nutzen Sie den RJ45 Kommunikationsanschluss mit dem BT2 Bluetooth Modul und der Renogy DC Home App, um Ihr Ger\u00e4t in Echtzeit von Ihrem Telefon aus zu \u00fcberwachen und zu steuern und so den Komfort und die Benutzerfreundlichkeit zu erh\u00f6hen.<\/li>\n<\/ul>\n<\/div>\n<div class=\"station-title\">\n<div class=\"product-custom-field-title\"><strong>Spezifikationen<\/strong><\/div>\n<\/div>\n<p class=\"product-custom-field-group ddd\"><span id=\"cf-Systemspannung\" class=\"custom-field-group-label\">Systemspannung:<\/span> <span id=\"vl-Systemspannung\" class=\"custom-field-group-value\">12VDC<\/span><\/p>\n<p class=\"product-custom-field-group ddd\"><span id=\"cf-Batteriespannungbereich\" class=\"custom-field-group-label\">Batteriespannungbereich:<\/span> <span id=\"vl-Batteriespannungbereich\" class=\"custom-field-group-value\">9-16VDC<\/span><\/p>\n<p class=\"product-custom-field-group\"><span id=\"cf-Max. Ladestrom\" class=\"custom-field-group-label\">Max. Ladestrom:<\/span> <span id=\"vl-Max. Ladestrom\" class=\"custom-field-group-value\">50A<\/span><\/p>\n<p class=\"product-custom-field-group\"><span id=\"cf-Batterietyp\" class=\"custom-field-group-label\">Batterietyp:<\/span> <span id=\"vl-Batterietyp\" class=\"custom-field-group-value\">SLA, GEL, FLD, LI, USER<\/span><\/p>\n<p class=\"product-custom-field-group ddd\"><span id=\"cf-Service Batterielademode\" class=\"custom-field-group-label\">Service Batterielademode:<\/span> <span id=\"vl-Service Batterielademode\" class=\"custom-field-group-value\">MPPT<\/span><\/p>\n<p class=\"product-custom-field-group ddd\"><span id=\"cf-Ladeeffizenz\" class=\"custom-field-group-label\">Ladeeffizenz:<\/span> <span id=\"vl-Ladeeffizenz\" class=\"custom-field-group-value\">bis zu 97%<\/span><\/p>\n<p class=\"product-custom-field-group\"><span id=\"cf-Max. Solareingangspannung\" class=\"custom-field-group-label\">Max. Solareingangspannung:<\/span> <span id=\"vl-Max. Solareingangspannung\" class=\"custom-field-group-value\">50V<\/span><\/p>\n<p class=\"product-custom-field-group\"><span id=\"cf-Max. Solareingangsleistung\" class=\"custom-field-group-label\">Max. Solareingangsleistung:<\/span> <span id=\"vl-Max. Solareingangsleistung\" class=\"custom-field-group-value\">660W<\/span><\/p>\n<p class=\"product-custom-field-group ddd\"><span id=\"cf-Generator Eingangspannung\" class=\"custom-field-group-label\">Generator Eingangspannung:<\/span> <span id=\"vl-Generator Eingangspannung\" class=\"custom-field-group-value\">traditonell: 13.2-16VDC Smart(Euro 6): 12-16VDC<\/span><\/p>\n<p class=\"product-custom-field-group ddd\"><span id=\"cf-Max. Generator Eingangsleistung\" class=\"custom-field-group-label\">Max. Generator Eingangsleistung:<\/span> <span id=\"vl-Max. Generator Eingangsleistung\" class=\"custom-field-group-value\">660W<\/span><\/p>\n<p class=\"product-custom-field-group\"><span id=\"cf-Maximale Eingangsleistung des Generators\" class=\"custom-field-group-label\">Maximale Eingangsleistung des Generators:<\/span> <span id=\"vl-Maximale Eingangsleistung des Generators\" class=\"custom-field-group-value\">660W<\/span><\/p>\n<p class=\"product-custom-field-group\"><span id=\"cf-Selbst-Verbrauch\" class=\"custom-field-group-label\">Selbst-Verbrauch:<\/span> <span id=\"vl-Selbst-Verbrauch\" class=\"custom-field-group-value\">60mA<\/span><\/p>\n<p class=\"product-custom-field-group ddd\"><span id=\"cf-Betriebstemperatur\" class=\"custom-field-group-label\">Betriebstemperatur:<\/span> <span id=\"vl-Betriebstemperatur\" class=\"custom-field-group-value\">\ufe6335\u00b0C~65\u00b0C<\/span><\/p>\n<p class=\"product-custom-field-group ddd\"><span id=\"cf-Ma\u00dfe\" class=\"custom-field-group-label\">Ma\u00dfe:<\/span> <span id=\"vl-Ma\u00dfe\" class=\"custom-field-group-value\">244 x 146 x 96 mm<\/span><\/p>\n<p class=\"product-custom-field-group\"><span id=\"cf-Gewicht\" class=\"custom-field-group-label\">Gewicht:<\/span> <span id=\"vl-Gewicht\" class=\"custom-field-group-value\">1,42 kg<\/span><\/p>","protected":false},"excerpt":{"rendered":"<p>\u3010Effizientes Laden mit mehreren Eing\u00e4ngen\u3011 Das DC-DC Batterieladeger\u00e4t von Renogy mit einzigartigen Dual-Ladeoptionen. Dieses mehrstufige Batterieladeger\u00e4t mit mehreren Eing\u00e4ngen kann die Hausbatterie \u00fcber Starterbatterie oder \u00fcber direkt Solarmodule aufladen. \u3010Vielseitige Kompatibilit\u00e4t\u3011 Dieses Ladeger\u00e4t ist zum Laden einer Vielzahl von Batterietypen konzipiert, darunter Flut-, Gel-, AGM- und Lithiumbatterien, und erf\u00fcllt die unterschiedlichen Anforderungen Ihres Stromversorgungssystems. \u3010Fortschrittliche [&hellip;]<\/p>\n","protected":false},"featured_media":7996,"comment_status":"open","ping_status":"closed","template":"","meta":{"_et_pb_use_builder":"","_et_pb_old_content":"","_et_gb_content_width":""},"product_brand":[],"product_cat":[282,145,276,215],"product_tag":[],"class_list":{"0":"post-7995","1":"product","2":"type-product","3":"status-publish","4":"has-post-thumbnail","6":"product_cat-batterie-ladegeraete","7":"product_cat-batterien","8":"product_cat-energie","9":"product_cat-ladegeraete","10":"product_shipping_class-versandkostenpauschale-i","12":"first","13":"outofstock","14":"taxable","15":"shipping-taxable","16":"purchasable","17":"product-type-simple"},"aioseo_notices":[],"_links":{"self":[{"href":"https:\/\/kastenwagenzubehoer.de\/en\/wp-json\/wp\/v2\/product\/7995","targetHints":{"allow":["GET"]}}],"collection":[{"href":"https:\/\/kastenwagenzubehoer.de\/en\/wp-json\/wp\/v2\/product"}],"about":[{"href":"https:\/\/kastenwagenzubehoer.de\/en\/wp-json\/wp\/v2\/types\/product"}],"replies":[{"embeddable":true,"href":"https:\/\/kastenwagenzubehoer.de\/en\/wp-json\/wp\/v2\/comments?post=7995"}],"wp:featuredmedia":[{"embeddable":true,"href":"https:\/\/kastenwagenzubehoer.de\/en\/wp-json\/wp\/v2\/media\/7996"}],"wp:attachment":[{"href":"https:\/\/kastenwagenzubehoer.de\/en\/wp-json\/wp\/v2\/media?parent=7995"}],"wp:term":[{"taxonomy":"product_brand","embeddable":true,"href":"https:\/\/kastenwagenzubehoer.de\/en\/wp-json\/wp\/v2\/product_brand?post=7995"},{"taxonomy":"product_cat","embeddable":true,"href":"https:\/\/kastenwagenzubehoer.de\/en\/wp-json\/wp\/v2\/product_cat?post=7995"},{"taxonomy":"product_tag","embeddable":true,"href":"https:\/\/kastenwagenzubehoer.de\/en\/wp-json\/wp\/v2\/product_tag?post=7995"}],"curies":[{"name":"wp","href":"https:\/\/api.w.org\/{rel}","templated":true}]}}