{"id":80,"date":"2021-07-20T12:50:26","date_gmt":"2021-07-20T12:50:26","guid":{"rendered":"https:\/\/kastenwagenzubehoer.de\/produkt\/produkt-54"},"modified":"2025-09-15T10:56:40","modified_gmt":"2025-09-15T10:56:40","slug":"sat-anlage","status":"publish","type":"product","link":"https:\/\/kastenwagenzubehoer.de\/en\/product\/sat-anlage\/","title":{"rendered":"VDB GT Sat 6.8\u00a0 &#8211; Empfang vom Polarkreis bis Marokko\u2028"},"content":{"rendered":"<h2 data-start=\"88\" data-end=\"105\"><span style=\"color: #ffffff;\">Beschreibung<\/span><\/h2>\n<p data-start=\"106\" data-end=\"407\">Die <strong data-start=\"110\" data-end=\"124\">GT Sat 6.8<\/strong> ist eine vollautomatische Satellitenanlage f\u00fcr Wohnmobile und Kastenwagen. Sie ist \u00e4u\u00dferst robust, nahezu ausfallsicher und wiegt weniger als 10 kg. Mit ihrem <strong data-start=\"284\" data-end=\"328\">65\u201368 cm gro\u00dfen Off-Set-Aluminiumspiegel<\/strong> sorgt sie f\u00fcr zuverl\u00e4ssigen Empfang \u2013 auch bei schwachen Satellitensignalen.<\/p>\n<p data-start=\"409\" data-end=\"698\">Dank der <strong data-start=\"418\" data-end=\"458\">niedrigen Aufbauh\u00f6he von nur 19,5 cm<\/strong> im eingeklappten Zustand ist sie besonders f\u00fcr hohe Fahrzeuge geeignet, ohne die Durchfahrtsh\u00f6he wesentlich zu beeinflussen. Das Steuerger\u00e4t speichert bis zu zwei Lieblingssatelliten und richtet die Anlage auf Knopfdruck automatisch aus.<\/p>\n<p data-start=\"700\" data-end=\"898\">Die serienm\u00e4\u00dfige Grundplatte ist speziell f\u00fcr den Fiat Ducato Kastenwagen optimiert. Mit einer optionalen Montageplatte l\u00e4sst sich die Antenne aber auch auf nahezu jedem Fahrzeugdach installieren.<\/p>\n<hr data-start=\"900\" data-end=\"903\" \/>\n<h2 data-start=\"905\" data-end=\"932\"><span style=\"color: #ffffff;\">Vorteile auf einen Blick<\/span><\/h2>\n<ul data-start=\"933\" data-end=\"1441\">\n<li data-start=\"933\" data-end=\"1016\">\n<p data-start=\"935\" data-end=\"1016\">Kugelgelagerter Vollmetall-Antrieb mit langlebigen Motoren aus dem Rollladenbau<\/p>\n<\/li>\n<li data-start=\"1017\" data-end=\"1069\">\n<p data-start=\"1019\" data-end=\"1069\">Keine empfindliche Elektronik in der Dacheinheit<\/p>\n<\/li>\n<li data-start=\"1070\" data-end=\"1119\">\n<p data-start=\"1072\" data-end=\"1119\">Hochwertiges LNB mit gesch\u00fctzter Kabelf\u00fchrung<\/p>\n<\/li>\n<li data-start=\"1120\" data-end=\"1152\">\n<p data-start=\"1122\" data-end=\"1152\"><strong data-start=\"1122\" data-end=\"1150\">TWIN-Nachr\u00fcstung m\u00f6glich<\/strong><\/p>\n<\/li>\n<li data-start=\"1153\" data-end=\"1204\">\n<p data-start=\"1155\" data-end=\"1204\">Automatische Lasterkennung (z. B. \u00c4ste, Schnee)<\/p>\n<\/li>\n<li data-start=\"1205\" data-end=\"1234\">\n<p data-start=\"1207\" data-end=\"1234\">Updatesichere Transponder<\/p>\n<\/li>\n<li data-start=\"1235\" data-end=\"1277\">\n<p data-start=\"1237\" data-end=\"1277\">Einfache Bedienung mit nur einer Taste<\/p>\n<\/li>\n<li data-start=\"1278\" data-end=\"1320\">\n<p data-start=\"1280\" data-end=\"1320\">Diagnose- und Fehlererkennungsfunktion<\/p>\n<\/li>\n<li data-start=\"1321\" data-end=\"1354\">\n<p data-start=\"1323\" data-end=\"1354\">41 Servicestationen in Europa<\/p>\n<\/li>\n<li data-start=\"1355\" data-end=\"1441\">\n<p data-start=\"1357\" data-end=\"1441\">Optionales Einbau-Bedienpanel (Bohrloch 16 mm) f\u00fcr Zugriff auf bis zu 4 Satelliten<\/p>\n<\/li>\n<\/ul>\n<hr data-start=\"1443\" data-end=\"1446\" \/>\n<h2 data-start=\"1448\" data-end=\"1467\"><span style=\"color: #ffffff;\">Technische Daten<\/span><\/h2>\n<ul data-start=\"1468\" data-end=\"1778\">\n<li data-start=\"1468\" data-end=\"1500\">\n<p data-start=\"1470\" data-end=\"1500\">Antennentyp: Off-Set-Spiegel<\/p>\n<\/li>\n<li data-start=\"1501\" data-end=\"1520\">\n<p data-start=\"1503\" data-end=\"1520\">LNB Typ: Single<\/p>\n<\/li>\n<li data-start=\"1521\" data-end=\"1558\">\n<p data-start=\"1523\" data-end=\"1558\">Ausrichtungszeit: ca. 90 Sekunden<\/p>\n<\/li>\n<li data-start=\"1559\" data-end=\"1587\">\n<p data-start=\"1561\" data-end=\"1587\">Neigungswinkel: 0\u00b0 \u2013 90\u00b0<\/p>\n<\/li>\n<li data-start=\"1588\" data-end=\"1617\">\n<p data-start=\"1590\" data-end=\"1617\">Suchwinkel (Azimut): 362\u00b0<\/p>\n<\/li>\n<li data-start=\"1618\" data-end=\"1672\">\n<p data-start=\"1620\" data-end=\"1672\">Motor: 2-Achsen DC Motoren (hochwertig, langlebig)<\/p>\n<\/li>\n<li data-start=\"1673\" data-end=\"1708\">\n<p data-start=\"1675\" data-end=\"1708\">Spannungsversorgung: 12 V \/ 3 A<\/p>\n<\/li>\n<li data-start=\"1709\" data-end=\"1757\">\n<p data-start=\"1711\" data-end=\"1757\">Abmessungen (L \u00d7 B \u00d7 H): 83 \u00d7 65,8 \u00d7 19,5 cm<\/p>\n<\/li>\n<li data-start=\"1758\" data-end=\"1778\">\n<p data-start=\"1760\" data-end=\"1778\">Gewicht: &lt; 10 kg<\/p>\n<\/li>\n<\/ul>\n<hr data-start=\"1780\" data-end=\"1783\" \/>\n<h2 data-start=\"1785\" data-end=\"1808\"><span style=\"color: #ffffff;\">Satelliten (Auswahl)<\/span><\/h2>\n<ul data-start=\"1809\" data-end=\"2001\">\n<li data-start=\"1809\" data-end=\"1832\">\n<p data-start=\"1811\" data-end=\"1832\">Astra 1 \u2013 19,2\u00b0 Ost<\/p>\n<\/li>\n<li data-start=\"1833\" data-end=\"1856\">\n<p data-start=\"1835\" data-end=\"1856\">Astra 2 \u2013 28,0\u00b0 Ost<\/p>\n<\/li>\n<li data-start=\"1857\" data-end=\"1880\">\n<p data-start=\"1859\" data-end=\"1880\">Astra 3 \u2013 23,5\u00b0 Ost<\/p>\n<\/li>\n<li data-start=\"1881\" data-end=\"1904\">\n<p data-start=\"1883\" data-end=\"1904\">Hotbird \u2013 13,0\u00b0 Ost<\/p>\n<\/li>\n<li data-start=\"1905\" data-end=\"1934\">\n<p data-start=\"1907\" data-end=\"1934\">Atlantic Bird \u2013 5,0\u00b0 West<\/p>\n<\/li>\n<li data-start=\"1935\" data-end=\"1959\">\n<p data-start=\"1937\" data-end=\"1959\">Eutelsat \u2013 5,0\u00b0 West<\/p>\n<\/li>\n<li data-start=\"1960\" data-end=\"1985\">\n<p data-start=\"1962\" data-end=\"1985\">Hispasat \u2013 30,0\u00b0 West<\/p>\n<\/li>\n<li data-start=\"1986\" data-end=\"2001\">\n<p data-start=\"1988\" data-end=\"2001\">und weitere<\/p>\n<\/li>\n<\/ul>\n<hr data-start=\"2003\" data-end=\"2006\" \/>\n<h2 data-start=\"2008\" data-end=\"2023\"><span style=\"color: #ffffff;\">Lieferumfang<\/span><\/h2>\n<ul data-start=\"2024\" data-end=\"2119\">\n<li data-start=\"2024\" data-end=\"2050\">\n<p data-start=\"2026\" data-end=\"2050\">GT Sat 6.8 Dachantenne<\/p>\n<\/li>\n<li data-start=\"2051\" data-end=\"2066\">\n<p data-start=\"2053\" data-end=\"2066\">Steuerger\u00e4t<\/p>\n<\/li>\n<li data-start=\"2067\" data-end=\"2085\">\n<p data-start=\"2069\" data-end=\"2085\">Anschlusskabel<\/p>\n<\/li>\n<li data-start=\"2086\" data-end=\"2119\">\n<p data-start=\"2088\" data-end=\"2119\">Bedienungsanleitung (Deutsch)<\/p>\n<\/li>\n<\/ul>","protected":false},"excerpt":{"rendered":"<p>VDB SAT-Anlage<\/p>","protected":false},"featured_media":514,"comment_status":"open","ping_status":"closed","template":"","meta":{"_et_pb_use_builder":"","_et_pb_old_content":"","_et_gb_content_width":""},"product_brand":[],"product_cat":[146],"product_tag":[56,57,58,59],"class_list":{"0":"post-80","1":"product","2":"type-product","3":"status-publish","4":"has-post-thumbnail","6":"product_cat-fernseher-satellitenanlagen","7":"product_tag-fernsehen","8":"product_tag-sat-antenne","9":"product_tag-satellitenschuessel","10":"product_tag-vollautomatisch","11":"product_shipping_class-versandkostenpauschale-iv","13":"first","14":"instock","15":"taxable","16":"shipping-taxable","17":"purchasable","18":"product-type-simple"},"aioseo_notices":[],"_links":{"self":[{"href":"https:\/\/kastenwagenzubehoer.de\/en\/wp-json\/wp\/v2\/product\/80","targetHints":{"allow":["GET"]}}],"collection":[{"href":"https:\/\/kastenwagenzubehoer.de\/en\/wp-json\/wp\/v2\/product"}],"about":[{"href":"https:\/\/kastenwagenzubehoer.de\/en\/wp-json\/wp\/v2\/types\/product"}],"replies":[{"embeddable":true,"href":"https:\/\/kastenwagenzubehoer.de\/en\/wp-json\/wp\/v2\/comments?post=80"}],"wp:featuredmedia":[{"embeddable":true,"href":"https:\/\/kastenwagenzubehoer.de\/en\/wp-json\/wp\/v2\/media\/514"}],"wp:attachment":[{"href":"https:\/\/kastenwagenzubehoer.de\/en\/wp-json\/wp\/v2\/media?parent=80"}],"wp:term":[{"taxonomy":"product_brand","embeddable":true,"href":"https:\/\/kastenwagenzubehoer.de\/en\/wp-json\/wp\/v2\/product_brand?post=80"},{"taxonomy":"product_cat","embeddable":true,"href":"https:\/\/kastenwagenzubehoer.de\/en\/wp-json\/wp\/v2\/product_cat?post=80"},{"taxonomy":"product_tag","embeddable":true,"href":"https:\/\/kastenwagenzubehoer.de\/en\/wp-json\/wp\/v2\/product_tag?post=80"}],"curies":[{"name":"wp","href":"https:\/\/api.w.org\/{rel}","templated":true}]}}