{"id":8113,"date":"2025-05-19T14:28:49","date_gmt":"2025-05-19T14:28:49","guid":{"rendered":"https:\/\/kastenwagenzubehoer.de\/?post_type=product&#038;p=8113"},"modified":"2026-03-02T15:35:00","modified_gmt":"2026-03-02T15:35:00","slug":"renogy-pro-12v-3000w-inverter-charger","status":"publish","type":"product","link":"https:\/\/kastenwagenzubehoer.de\/en\/produkt\/renogy-pro-12v-3000w-inverter-charger\/","title":{"rendered":"Renogy PRO 12V 3000W Inverter Charger"},"content":{"rendered":"<p>Kompakt, leise und zuverl\u00e4ssig.<\/p>\n<p>Die Hochfrequenz-Wechselrichterladeger\u00e4te von Renogy sind f\u00fcr mobile und netzunabh\u00e4ngige Anwendungen konzipiert. Mit erweiterter Batterieunterst\u00fctzung, intelligenter \u00dcberwachung und hoher Umweltvertr\u00e4glichkeit liefert die PRO-Serie zuverl\u00e4ssigen Strom, wo immer Sie ihn ben\u00f6tigen.<\/p>\n<h3><span style=\"color: #ffffff;\"><strong>Features:<\/strong><\/span><\/h3>\n<ul>\n<li><strong>Hochfrequenzdesign<\/strong><br \/>\nKompakt und effizient mit geringem Betriebsger\u00e4usch (&lt;55 dB bei 1 m).<\/li>\n<li><strong>Gro\u00dfer Betriebstemperaturbereich<\/strong><br \/>\nFunktioniert zuverl\u00e4ssig von -20 \u00b0C bis 50 \u00b0C.<\/li>\n<li><strong>Unterst\u00fctzung bei kaltem Wetter<\/strong><br \/>\nErhitzt Lithiumbatterien unter 0 \u00b0C f\u00fcr optimale Ladeleistung.<\/li>\n<li><strong>Batterieaktivierung<\/strong><br \/>\nAktiviert automatisch Lithiumbatterien mit BMS-Schutz.<\/li>\n<li><strong>Sichere und einfache Verbindungen<\/strong><br \/>\nEnth\u00e4lt Hebelklemmen f\u00fcr eine schnelle Installation<\/li>\n<li><strong>Intelligente \u00dcberwachung<\/strong><br \/>\nKompatibel mit externem Bluetooth-Modul, mobiler App und Renogy ONE Core f\u00fcr<br \/>\nEchtzeit\u00fcberwachung und -Steuerung.<\/li>\n<li><strong>Kommunikationsschnittstellen<\/strong><br \/>\nUnterst\u00fctzt Modbus und CAN (RV-C) f\u00fcr die Systemintegration.<\/p>\n<hr \/>\n<\/li>\n<\/ul>\n<h3><span style=\"color: #ffffff;\"><strong>Wechselrichterspezifikationen<\/strong><\/span><\/h3>\n<p>Ausgangswellenform: reine Sinuswelle<br \/>\nNennausgangsleistung: 3000 W<br \/>\nSpitzenleistung: 6000 W<br \/>\nNominale Eingangsspannung: 12 V DC<br \/>\nNominale Ausgangsspannung (RMS): 230 V AC<br \/>\nAusgabefrequenz: 50\/60 Hz<br \/>\nEingangsspannungsbereich: 9 V DC \u2013 16,5 V DC<br \/>\nKurzschlussschutz: Softwareschutz und RCD<br \/>\nGesamte harmonische Verzerrung (THD): \uff1c4 %<br \/>\nNominale Effizienz: 91 %<br \/>\nLeerlaufstromverbrauch: \uff1c10W<\/p>\n<hr \/>\n<h3><span style=\"color: #ffffff;\"><strong>Ladeger\u00e4tspezifikationen<\/strong><\/span><\/h3>\n<p>Nominale Eingangsspannung: 187-265 V Wechselstrom<br \/>\nEingangsfrequenzbereich: 40-70 Hz<br \/>\nOptimale Effizienz: 85 % Spitze<br \/>\nAusgangsstrom: 5-120A<br \/>\nSpezifikationen des Transferschalters<br \/>\n\u00dcbertragungszeit: \uff1c20 ms<br \/>\nTransfer-Relay-Bewertung: 16A<\/p>\n<hr \/>\n<h3><span style=\"color: #ffffff;\"><strong>Kommunikation &amp; Steuerung<\/strong><\/span><\/h3>\n<p>Kommunikationsprotokolle: RS485\/CAN<br \/>\nFern\u00fcberwachung: APP \/ CORE<br \/>\nKabelfernbedienung: LCD ein-aus<br \/>\nAnzeigetyp: LCD<\/p>\n<hr \/>\n<h3><span style=\"color: #ffffff;\"><strong>Allgemeine Spezifikation<\/strong><\/span><\/h3>\n<p>Kompatibilit\u00e4t des Batterietyps: GEL, AGM, SLA, FLD, CAL, LI, BENUTZER<br \/>\nBetriebstemperaturbereich: -20\u00b0C bis 50\u00b0C<br \/>\nLagertemperatur: -30\u00b0C bis 70\u00b0C<br \/>\nLuftfeuchtigkeit: 0 % ~ 95 %, relative Luftfeuchtigkeit<br \/>\nGer\u00e4uschpegel: &lt;55 dB<br \/>\nK\u00fchlungsart: Thermisch gesteuerte L\u00fcfter<br \/>\nMa\u00dfe; 432,4 x 305,0 x 123,8 mm<br \/>\nGewicht: 7,9 kg<br \/>\nZertifizierungen: EG\/UKCA<br \/>\nGew\u00e4hrleistung: 2 Jahre<\/p>","protected":false},"excerpt":{"rendered":"<p>Kompakt, leise und zuverl\u00e4ssig. Die Hochfrequenz-Wechselrichterladeger\u00e4te von Renogy sind f\u00fcr mobile und netzunabh\u00e4ngige Anwendungen konzipiert. Mit erweiterter Batterieunterst\u00fctzung, intelligenter \u00dcberwachung und hoher Umweltvertr\u00e4glichkeit liefert die PRO-Serie zuverl\u00e4ssigen Strom, wo immer Sie ihn ben\u00f6tigen. Features: Hochfrequenzdesign Kompakt und effizient mit geringem Betriebsger\u00e4usch (&lt;55 dB bei 1 m). Gro\u00dfer Betriebstemperaturbereich Funktioniert zuverl\u00e4ssig von -20 \u00b0C bis 50 [&hellip;]<\/p>\n","protected":false},"featured_media":8217,"comment_status":"open","ping_status":"closed","template":"","meta":{"_et_pb_use_builder":"","_et_pb_old_content":"","_et_gb_content_width":""},"product_brand":[],"product_cat":[276,279],"product_tag":[],"class_list":{"0":"post-8113","1":"product","2":"type-product","3":"status-publish","4":"has-post-thumbnail","6":"product_cat-energie","7":"product_cat-wechselrichter-energie","8":"product_shipping_class-versandkostenpauschale-ii","10":"first","11":"outofstock","12":"taxable","13":"shipping-taxable","14":"purchasable","15":"product-type-simple"},"aioseo_notices":[],"_links":{"self":[{"href":"https:\/\/kastenwagenzubehoer.de\/en\/wp-json\/wp\/v2\/product\/8113","targetHints":{"allow":["GET"]}}],"collection":[{"href":"https:\/\/kastenwagenzubehoer.de\/en\/wp-json\/wp\/v2\/product"}],"about":[{"href":"https:\/\/kastenwagenzubehoer.de\/en\/wp-json\/wp\/v2\/types\/product"}],"replies":[{"embeddable":true,"href":"https:\/\/kastenwagenzubehoer.de\/en\/wp-json\/wp\/v2\/comments?post=8113"}],"wp:featuredmedia":[{"embeddable":true,"href":"https:\/\/kastenwagenzubehoer.de\/en\/wp-json\/wp\/v2\/media\/8217"}],"wp:attachment":[{"href":"https:\/\/kastenwagenzubehoer.de\/en\/wp-json\/wp\/v2\/media?parent=8113"}],"wp:term":[{"taxonomy":"product_brand","embeddable":true,"href":"https:\/\/kastenwagenzubehoer.de\/en\/wp-json\/wp\/v2\/product_brand?post=8113"},{"taxonomy":"product_cat","embeddable":true,"href":"https:\/\/kastenwagenzubehoer.de\/en\/wp-json\/wp\/v2\/product_cat?post=8113"},{"taxonomy":"product_tag","embeddable":true,"href":"https:\/\/kastenwagenzubehoer.de\/en\/wp-json\/wp\/v2\/product_tag?post=8113"}],"curies":[{"name":"wp","href":"https:\/\/api.w.org\/{rel}","templated":true}]}}