{"id":8269,"date":"2025-08-04T09:11:56","date_gmt":"2025-08-04T09:11:56","guid":{"rendered":"https:\/\/kastenwagenzubehoer.de\/?post_type=product&#038;p=8269"},"modified":"2026-01-27T13:23:11","modified_gmt":"2026-01-27T13:23:11","slug":"remote-controller-de80d","status":"publish","type":"product","link":"https:\/\/kastenwagenzubehoer.de\/en\/product\/remote-controller-de80d\/","title":{"rendered":"Remote Controller DE80D"},"content":{"rendered":"<h1 data-start=\"178\" data-end=\"248\">\ud83c\udf9b\ufe0f <span style=\"color: #ffffff;\">Remote Controller DE80D \u2013 Fernbedienung f\u00fcr PCS Wechselrichter<\/span><\/h1>\n<p data-start=\"250\" data-end=\"520\">Der <strong data-start=\"254\" data-end=\"281\">Remote Controller DE80D<\/strong> erweitert Ihren PCS Wechselrichter um eine komfortable Fernbedienung. Damit k\u00f6nnen Sie den Wechselrichter <strong data-start=\"388\" data-end=\"412\">ein- und ausschalten<\/strong> sowie alle wichtigen Betriebsparameter jederzeit bequem \u00fcberwachen \u2013 ohne direkt am Ger\u00e4t sein zu m\u00fcssen.<\/p>\n<p data-start=\"522\" data-end=\"603\">Auf dem \u00fcbersichtlichen Display lassen sich u. a. folgende Werte kontrollieren:<\/p>\n<ul data-start=\"604\" data-end=\"683\">\n<li data-start=\"604\" data-end=\"624\">\n<p data-start=\"606\" data-end=\"624\">Eingangsspannung<\/p>\n<\/li>\n<li data-start=\"625\" data-end=\"645\">\n<p data-start=\"627\" data-end=\"645\">Ausgangsspannung<\/p>\n<\/li>\n<li data-start=\"646\" data-end=\"666\">\n<p data-start=\"648\" data-end=\"666\">Ausgangsleistung<\/p>\n<\/li>\n<li data-start=\"667\" data-end=\"683\">\n<p data-start=\"669\" data-end=\"683\">Schutzstatus<\/p>\n<\/li>\n<\/ul>\n<p data-start=\"685\" data-end=\"862\">Dieses praktische Zubeh\u00f6r sorgt f\u00fcr <strong data-start=\"721\" data-end=\"758\">mehr Bedienkomfort und Sicherheit<\/strong> bei der Nutzung Ihrer PCS Wechselrichter, egal ob im Caravan, Boot oder bei station\u00e4ren Inselanlagen.<\/p>\n<hr data-start=\"864\" data-end=\"867\" \/>\n<h2 data-start=\"869\" data-end=\"884\">\u2705 <span style=\"color: #ffffff;\">Highlights<\/span><\/h2>\n<ul data-start=\"885\" data-end=\"1158\">\n<li data-start=\"885\" data-end=\"925\">\n<p data-start=\"887\" data-end=\"925\">Fernsteuerung f\u00fcr PCS Wechselrichter<\/p>\n<\/li>\n<li data-start=\"926\" data-end=\"998\">\n<p data-start=\"928\" data-end=\"998\">Anzeige von <strong data-start=\"940\" data-end=\"996\">Eingangs- &amp; Ausgangsspannung, Leistung, Schutzstatus<\/strong><\/p>\n<\/li>\n<li data-start=\"999\" data-end=\"1047\">\n<p data-start=\"1001\" data-end=\"1047\">Einfaches <strong data-start=\"1011\" data-end=\"1045\">Ein-\/Ausschalten aus der Ferne<\/strong><\/p>\n<\/li>\n<li data-start=\"1048\" data-end=\"1083\">\n<p data-start=\"1050\" data-end=\"1083\">Kompakt, leicht zu installieren<\/p>\n<\/li>\n<li data-start=\"1084\" data-end=\"1158\">\n<p data-start=\"1086\" data-end=\"1158\">Ideal f\u00fcr den Einsatz in <strong data-start=\"1111\" data-end=\"1156\">Wohnmobilen, Booten und Off-Grid-Systemen<\/strong><\/p>\n<\/li>\n<\/ul>\n<hr data-start=\"1160\" data-end=\"1163\" \/>\n<h2 data-start=\"1165\" data-end=\"1187\">\ud83d\udcd0 <span style=\"color: #ffffff;\">Technische Daten<\/span><\/h2>\n<div class=\"_tableContainer_sk2ct_1\">\n<div class=\"_tableWrapper_sk2ct_13 group flex w-fit flex-col-reverse\" tabindex=\"-1\">\n<table class=\"w-fit min-w-(--thread-content-width)\" data-start=\"1189\" data-end=\"1590\">\n<thead data-start=\"1189\" data-end=\"1220\">\n<tr data-start=\"1189\" data-end=\"1220\">\n<th data-start=\"1189\" data-end=\"1212\" data-col-size=\"sm\">Merkmal<\/th>\n<th data-start=\"1212\" data-end=\"1220\" data-col-size=\"md\">Wert<\/th>\n<\/tr>\n<\/thead>\n<tbody data-start=\"1254\" data-end=\"1590\">\n<tr data-start=\"1254\" data-end=\"1304\">\n<td data-start=\"1254\" data-end=\"1277\" data-col-size=\"sm\"><strong data-start=\"1256\" data-end=\"1266\">Modell<\/strong><\/td>\n<td data-col-size=\"md\" data-start=\"1277\" data-end=\"1304\">Remote Controller DE80D<\/td>\n<\/tr>\n<tr data-start=\"1305\" data-end=\"1357\">\n<td data-start=\"1305\" data-end=\"1328\" data-col-size=\"sm\"><strong data-start=\"1307\" data-end=\"1319\">Funktion<\/strong><\/td>\n<td data-col-size=\"md\" data-start=\"1328\" data-end=\"1357\">Fern-Ein\/Aus + Monitoring<\/td>\n<\/tr>\n<tr data-start=\"1358\" data-end=\"1434\">\n<td data-start=\"1358\" data-end=\"1381\" data-col-size=\"sm\"><strong data-start=\"1360\" data-end=\"1378\">Kompatibilit\u00e4t<\/strong><\/td>\n<td data-col-size=\"md\" data-start=\"1381\" data-end=\"1434\">PCS Wechselrichter 1000 W, 1500 W, 2000 W, 2500 W<\/td>\n<\/tr>\n<tr data-start=\"1435\" data-end=\"1528\">\n<td data-start=\"1435\" data-end=\"1458\" data-col-size=\"sm\"><strong data-start=\"1437\" data-end=\"1453\">Anzeigewerte<\/strong><\/td>\n<td data-col-size=\"md\" data-start=\"1458\" data-end=\"1528\">Eingangsspannung, Ausgangsspannung, Ausgangsleistung, Schutzstatus<\/td>\n<\/tr>\n<tr data-start=\"1529\" data-end=\"1590\">\n<td data-start=\"1529\" data-end=\"1552\" data-col-size=\"sm\"><strong data-start=\"1531\" data-end=\"1549\">Einsatzbereich<\/strong><\/td>\n<td data-col-size=\"md\" data-start=\"1552\" data-end=\"1590\">Caravan, Boot, Solar-\/Inselanlagen<\/td>\n<\/tr>\n<\/tbody>\n<\/table>\n<\/div>\n<\/div>\n<hr data-start=\"1592\" data-end=\"1595\" \/>\n<p data-start=\"1597\" data-end=\"1751\">\ud83d\udc49 Der <strong data-start=\"1604\" data-end=\"1631\">DE80D Remote Controller<\/strong> ist die perfekte Erg\u00e4nzung f\u00fcr PCS Wechselrichter \u2013 f\u00fcr mehr <strong data-start=\"1693\" data-end=\"1730\">Komfort, \u00dcbersicht und Sicherheit<\/strong> bei jedem Einsatz.<\/p>","protected":false},"excerpt":{"rendered":"<p>\ud83c\udf9b\ufe0f Remote Controller DE80D \u2013 Fernbedienung f\u00fcr PCS Wechselrichter Der Remote Controller DE80D erweitert Ihren PCS Wechselrichter um eine komfortable Fernbedienung. Damit k\u00f6nnen Sie den Wechselrichter ein- und ausschalten sowie alle wichtigen Betriebsparameter jederzeit bequem \u00fcberwachen \u2013 ohne direkt am Ger\u00e4t sein zu m\u00fcssen. Auf dem \u00fcbersichtlichen Display lassen sich u. a. folgende Werte kontrollieren: [&hellip;]<\/p>\n","protected":false},"featured_media":9617,"comment_status":"open","ping_status":"closed","template":"","meta":{"_et_pb_use_builder":"","_et_pb_old_content":"","_et_gb_content_width":""},"product_brand":[],"product_cat":[221,93],"product_tag":[],"class_list":{"0":"post-8269","1":"product","2":"type-product","3":"status-publish","4":"has-post-thumbnail","6":"product_cat-remote-controller","7":"product_cat-energie-solartechnik","8":"product_shipping_class-versandkostenpauschale-i","10":"first","11":"instock","12":"taxable","13":"shipping-taxable","14":"purchasable","15":"product-type-simple"},"aioseo_notices":[],"_links":{"self":[{"href":"https:\/\/kastenwagenzubehoer.de\/en\/wp-json\/wp\/v2\/product\/8269","targetHints":{"allow":["GET"]}}],"collection":[{"href":"https:\/\/kastenwagenzubehoer.de\/en\/wp-json\/wp\/v2\/product"}],"about":[{"href":"https:\/\/kastenwagenzubehoer.de\/en\/wp-json\/wp\/v2\/types\/product"}],"replies":[{"embeddable":true,"href":"https:\/\/kastenwagenzubehoer.de\/en\/wp-json\/wp\/v2\/comments?post=8269"}],"wp:featuredmedia":[{"embeddable":true,"href":"https:\/\/kastenwagenzubehoer.de\/en\/wp-json\/wp\/v2\/media\/9617"}],"wp:attachment":[{"href":"https:\/\/kastenwagenzubehoer.de\/en\/wp-json\/wp\/v2\/media?parent=8269"}],"wp:term":[{"taxonomy":"product_brand","embeddable":true,"href":"https:\/\/kastenwagenzubehoer.de\/en\/wp-json\/wp\/v2\/product_brand?post=8269"},{"taxonomy":"product_cat","embeddable":true,"href":"https:\/\/kastenwagenzubehoer.de\/en\/wp-json\/wp\/v2\/product_cat?post=8269"},{"taxonomy":"product_tag","embeddable":true,"href":"https:\/\/kastenwagenzubehoer.de\/en\/wp-json\/wp\/v2\/product_tag?post=8269"}],"curies":[{"name":"wp","href":"https:\/\/api.w.org\/{rel}","templated":true}]}}