{"id":833,"date":"2021-11-25T12:43:21","date_gmt":"2021-11-25T12:43:21","guid":{"rendered":"https:\/\/kastenwagenzubehoer.de\/?post_type=product&#038;p=833"},"modified":"2026-04-13T06:48:14","modified_gmt":"2026-04-13T06:48:14","slug":"leiter-von-elicamp","status":"publish","type":"product","link":"https:\/\/kastenwagenzubehoer.de\/en\/product\/leiter-von-elicamp\/","title":{"rendered":"Heckleiter von EliCamp (Schwarz)"},"content":{"rendered":"<h2 data-start=\"86\" data-end=\"106\"><span style=\"color: #ffffff;\">Produkthighlights<\/span><\/h2>\n<ul data-start=\"107\" data-end=\"585\">\n<li data-start=\"107\" data-end=\"202\">\n<p data-start=\"109\" data-end=\"202\">Robuste <strong data-start=\"117\" data-end=\"143\">Stahlrohr-Konstruktion<\/strong> im Offroad-Design f\u00fcr maximale Stabilit\u00e4t und Sicherheit<\/p>\n<\/li>\n<li data-start=\"203\" data-end=\"289\">\n<p data-start=\"205\" data-end=\"289\">Funktionale Integration ins Fahrzeugdesign \u2013 passt optisch perfekt zum Kastenwagen<\/p>\n<\/li>\n<li data-start=\"290\" data-end=\"376\">\n<p data-start=\"292\" data-end=\"376\">Durchdachte Bedienung: Heckt\u00fcr bleibt trotz Montage der Leiter vollst\u00e4ndig nutzbar<\/p>\n<\/li>\n<li data-start=\"377\" data-end=\"444\">\n<p data-start=\"379\" data-end=\"444\"><strong data-start=\"379\" data-end=\"400\">Geriffelte Tritte<\/strong> f\u00fcr sicheren Halt beim Auf- und Absteigen<\/p>\n<\/li>\n<li data-start=\"445\" data-end=\"510\">\n<p data-start=\"447\" data-end=\"510\">Einfache Selbstmontage dank herunterladbarer Montageanleitung<\/p>\n<\/li>\n<li data-start=\"511\" data-end=\"585\">\n<p data-start=\"513\" data-end=\"585\">T\u00fcrscharniere m\u00fcssen lediglich mit passenden Bohrungen versehen werden<\/p>\n<\/li>\n<\/ul>\n<hr data-start=\"587\" data-end=\"590\" \/>\n<h2 data-start=\"592\" data-end=\"611\"><span style=\"color: #ffffff;\">Technische Daten<\/span><\/h2>\n<ul data-start=\"612\" data-end=\"717\">\n<li data-start=\"612\" data-end=\"648\">\n<p data-start=\"614\" data-end=\"648\">Abmessungen: 1600 \u00d7 320 \u00d7 160 mm<\/p>\n<\/li>\n<li data-start=\"649\" data-end=\"666\">\n<p data-start=\"651\" data-end=\"666\">Gewicht: 7 kg<\/p>\n<\/li>\n<li data-start=\"667\" data-end=\"698\">\n<p data-start=\"669\" data-end=\"698\">Maximale Tr\u00e4gerlast: 100 kg<\/p>\n<\/li>\n<li data-start=\"699\" data-end=\"717\">\n<p data-start=\"701\" data-end=\"717\">Farbe: Schwarz<\/p>\n<\/li>\n<\/ul>\n<hr data-start=\"719\" data-end=\"722\" \/>\n<h2 data-start=\"724\" data-end=\"749\"><span style=\"color: #ffffff;\">Fahrzeugkompatibilit\u00e4t<\/span><\/h2>\n<ul data-start=\"750\" data-end=\"820\">\n<li data-start=\"750\" data-end=\"783\">\n<p data-start=\"752\" data-end=\"783\">Fiat Ducato (ab Baujahr 2006)<\/p>\n<\/li>\n<li data-start=\"784\" data-end=\"801\">\n<p data-start=\"786\" data-end=\"801\">Peugeot Boxer<\/p>\n<\/li>\n<li data-start=\"802\" data-end=\"820\">\n<p data-start=\"804\" data-end=\"820\">Citro\u00ebn Jumper<\/p>\n<\/li>\n<\/ul>\n<p>&nbsp;<\/p>\n<hr>\n<a href='https:\/\/kastenwagenzubehoer.de\/wp-content\/uploads\/2021\/11\/Montageanleitung-Heckleiter-2023.pdf' class='small-button smallsilver' target=\"_blank\">Montageanleitung &#8211; Heckleiter 2023<\/a>","protected":false},"excerpt":{"rendered":"<p>Produkthighlights Robuste Stahlrohr-Konstruktion im Offroad-Design f\u00fcr maximale Stabilit\u00e4t und Sicherheit Funktionale Integration ins Fahrzeugdesign \u2013 passt optisch perfekt zum Kastenwagen Durchdachte Bedienung: Heckt\u00fcr bleibt trotz Montage der Leiter vollst\u00e4ndig nutzbar Geriffelte Tritte f\u00fcr sicheren Halt beim Auf- und Absteigen Einfache Selbstmontage dank herunterladbarer Montageanleitung T\u00fcrscharniere m\u00fcssen lediglich mit passenden Bohrungen versehen werden Technische Daten Abmessungen: [&hellip;]<\/p>\n","protected":false},"featured_media":9619,"comment_status":"open","ping_status":"closed","template":"","meta":{"_et_pb_use_builder":"","_et_pb_old_content":"","_et_gb_content_width":""},"product_brand":[],"product_cat":[96,212,266],"product_tag":[124,123],"class_list":{"0":"post-833","1":"product","2":"type-product","3":"status-publish","4":"has-post-thumbnail","6":"product_cat-aufbau","7":"product_cat-elicamp","8":"product_cat-heckleitern","9":"product_tag-carrier","10":"product_tag-reserveradhalter","11":"product_shipping_class-versandkostenpauschale-iv","13":"first","14":"instock","15":"taxable","16":"shipping-taxable","17":"purchasable","18":"product-type-simple"},"aioseo_notices":[],"_links":{"self":[{"href":"https:\/\/kastenwagenzubehoer.de\/en\/wp-json\/wp\/v2\/product\/833","targetHints":{"allow":["GET"]}}],"collection":[{"href":"https:\/\/kastenwagenzubehoer.de\/en\/wp-json\/wp\/v2\/product"}],"about":[{"href":"https:\/\/kastenwagenzubehoer.de\/en\/wp-json\/wp\/v2\/types\/product"}],"replies":[{"embeddable":true,"href":"https:\/\/kastenwagenzubehoer.de\/en\/wp-json\/wp\/v2\/comments?post=833"}],"wp:featuredmedia":[{"embeddable":true,"href":"https:\/\/kastenwagenzubehoer.de\/en\/wp-json\/wp\/v2\/media\/9619"}],"wp:attachment":[{"href":"https:\/\/kastenwagenzubehoer.de\/en\/wp-json\/wp\/v2\/media?parent=833"}],"wp:term":[{"taxonomy":"product_brand","embeddable":true,"href":"https:\/\/kastenwagenzubehoer.de\/en\/wp-json\/wp\/v2\/product_brand?post=833"},{"taxonomy":"product_cat","embeddable":true,"href":"https:\/\/kastenwagenzubehoer.de\/en\/wp-json\/wp\/v2\/product_cat?post=833"},{"taxonomy":"product_tag","embeddable":true,"href":"https:\/\/kastenwagenzubehoer.de\/en\/wp-json\/wp\/v2\/product_tag?post=833"}],"curies":[{"name":"wp","href":"https:\/\/api.w.org\/{rel}","templated":true}]}}