{"id":87,"date":"2021-07-20T12:50:28","date_gmt":"2021-07-20T12:50:28","guid":{"rendered":"https:\/\/kastenwagenzubehoer.de\/produkt\/produkt-61"},"modified":"2026-02-27T08:20:02","modified_gmt":"2026-02-27T08:20:02","slug":"agmbatterie95ah","status":"publish","type":"product","link":"https:\/\/kastenwagenzubehoer.de\/en\/product\/agmbatterie95ah\/","title":{"rendered":"Startcraft AGM Batterie 95 AH"},"content":{"rendered":"<h2 data-start=\"98\" data-end=\"115\"><span style=\"color: #ffffff;\">Beschreibung<\/span><\/h2>\n<p data-start=\"116\" data-end=\"434\">Die <strong data-start=\"120\" data-end=\"154\">STARTCRAFT\u00ae Zusatz-Power Serie<\/strong> vereint moderne Technologie mit hoher Zuverl\u00e4ssigkeit und Langlebigkeit.<br data-start=\"227\" data-end=\"230\" \/>Dank der <strong data-start=\"239\" data-end=\"258\">AGM-Technologie<\/strong> mit in Microglasvlies gebundenem Elektrolyt ist die Batterie besonders zyklenfest, sicher und wartungsfrei \u2013 ideal f\u00fcr den Einsatz in Caravan, Wohnwagen, Booten und Yachten.<\/p>\n<hr data-start=\"436\" data-end=\"439\" \/>\n<h2 data-start=\"441\" data-end=\"463\"><span style=\"color: #ffffff;\">Produkthighlights<\/span><\/h2>\n<ul data-start=\"464\" data-end=\"783\">\n<li data-start=\"464\" data-end=\"518\">\n<p data-start=\"466\" data-end=\"518\"><strong data-start=\"466\" data-end=\"490\">VRLA\/AGM-Technologie<\/strong> mit Microvlies-Elektrolyt<\/p>\n<\/li>\n<li data-start=\"519\" data-end=\"570\">\n<p data-start=\"521\" data-end=\"570\">Hohe <strong data-start=\"526\" data-end=\"546\">Zyklenfestigkeit<\/strong> f\u00fcr lange Lebensdauer<\/p>\n<\/li>\n<li data-start=\"571\" data-end=\"598\">\n<p data-start=\"573\" data-end=\"598\">Geringe Selbstentladung<\/p>\n<\/li>\n<li data-start=\"599\" data-end=\"649\">\n<p data-start=\"601\" data-end=\"649\">Komplett verschlossen und absolut wartungsfrei<\/p>\n<\/li>\n<li data-start=\"650\" data-end=\"703\">\n<p data-start=\"652\" data-end=\"703\">Auslaufsicher und sicher in jeder Lage einsetzbar<\/p>\n<\/li>\n<li data-start=\"704\" data-end=\"783\">\n<p data-start=\"706\" data-end=\"783\">Entwickelt als <strong data-start=\"721\" data-end=\"739\">Aufbaubatterie<\/strong> f\u00fcr Caravan, Wohnmobil, Boote und Yachten<\/p>\n<\/li>\n<\/ul>\n<hr data-start=\"785\" data-end=\"788\" \/>\n<h2 data-start=\"790\" data-end=\"811\"><span style=\"color: #ffffff;\">Technische Daten<\/span><\/h2>\n<ul data-start=\"812\" data-end=\"1016\">\n<li data-start=\"812\" data-end=\"833\">\n<p data-start=\"814\" data-end=\"833\">Modell: MC AGM110<\/p>\n<\/li>\n<li data-start=\"834\" data-end=\"852\">\n<p data-start=\"836\" data-end=\"852\">Spannung: 12 V<\/p>\n<\/li>\n<li data-start=\"853\" data-end=\"879\">\n<p data-start=\"855\" data-end=\"879\">Kapazit\u00e4t C100: 110 Ah<\/p>\n<\/li>\n<li data-start=\"880\" data-end=\"904\">\n<p data-start=\"882\" data-end=\"904\">Kapazit\u00e4t C20: 95 Ah<\/p>\n<\/li>\n<li data-start=\"905\" data-end=\"952\">\n<p data-start=\"907\" data-end=\"952\">Abmessungen (L \u00d7 B \u00d7 H): 353 \u00d7 175 \u00d7 190 mm<\/p>\n<\/li>\n<li data-start=\"953\" data-end=\"969\">\n<p data-start=\"955\" data-end=\"969\">Schaltung: 0<\/p>\n<\/li>\n<li data-start=\"970\" data-end=\"990\">\n<p data-start=\"972\" data-end=\"990\">Polausf\u00fchrung: 1<\/p>\n<\/li>\n<li data-start=\"991\" data-end=\"1016\">\n<p data-start=\"993\" data-end=\"1016\">Bodenbefestigung: B13<\/p>\n<\/li>\n<\/ul>","protected":false},"excerpt":{"rendered":"<p>Beschreibung Die STARTCRAFT\u00ae Zusatz-Power Serie vereint moderne Technologie mit hoher Zuverl\u00e4ssigkeit und Langlebigkeit.Dank der AGM-Technologie mit in Microglasvlies gebundenem Elektrolyt ist die Batterie besonders zyklenfest, sicher und wartungsfrei \u2013 ideal f\u00fcr den Einsatz in Caravan, Wohnwagen, Booten und Yachten. Produkthighlights VRLA\/AGM-Technologie mit Microvlies-Elektrolyt Hohe Zyklenfestigkeit f\u00fcr lange Lebensdauer Geringe Selbstentladung Komplett verschlossen und absolut wartungsfrei [&hellip;]<\/p>\n","protected":false},"featured_media":482,"comment_status":"open","ping_status":"closed","template":"","meta":{"_et_pb_use_builder":"","_et_pb_old_content":"","_et_gb_content_width":""},"product_brand":[],"product_cat":[213,145],"product_tag":[49,50,40,44],"class_list":{"0":"post-87","1":"product","2":"type-product","3":"status-publish","4":"has-post-thumbnail","6":"product_cat-batterien-batterie","7":"product_cat-batterien","8":"product_tag-95-ah","9":"product_tag-agm","10":"product_tag-batterie","11":"product_tag-strom","12":"product_shipping_class-versandkostenpauschale-v","14":"first","15":"instock","16":"taxable","17":"shipping-taxable","18":"purchasable","19":"product-type-simple"},"aioseo_notices":[],"_links":{"self":[{"href":"https:\/\/kastenwagenzubehoer.de\/en\/wp-json\/wp\/v2\/product\/87","targetHints":{"allow":["GET"]}}],"collection":[{"href":"https:\/\/kastenwagenzubehoer.de\/en\/wp-json\/wp\/v2\/product"}],"about":[{"href":"https:\/\/kastenwagenzubehoer.de\/en\/wp-json\/wp\/v2\/types\/product"}],"replies":[{"embeddable":true,"href":"https:\/\/kastenwagenzubehoer.de\/en\/wp-json\/wp\/v2\/comments?post=87"}],"wp:featuredmedia":[{"embeddable":true,"href":"https:\/\/kastenwagenzubehoer.de\/en\/wp-json\/wp\/v2\/media\/482"}],"wp:attachment":[{"href":"https:\/\/kastenwagenzubehoer.de\/en\/wp-json\/wp\/v2\/media?parent=87"}],"wp:term":[{"taxonomy":"product_brand","embeddable":true,"href":"https:\/\/kastenwagenzubehoer.de\/en\/wp-json\/wp\/v2\/product_brand?post=87"},{"taxonomy":"product_cat","embeddable":true,"href":"https:\/\/kastenwagenzubehoer.de\/en\/wp-json\/wp\/v2\/product_cat?post=87"},{"taxonomy":"product_tag","embeddable":true,"href":"https:\/\/kastenwagenzubehoer.de\/en\/wp-json\/wp\/v2\/product_tag?post=87"}],"curies":[{"name":"wp","href":"https:\/\/api.w.org\/{rel}","templated":true}]}}