{"id":941,"date":"2022-01-28T13:57:32","date_gmt":"2022-01-28T13:57:32","guid":{"rendered":"https:\/\/kastenwagenzubehoer.de\/?post_type=product&#038;p=941"},"modified":"2025-11-12T09:01:49","modified_gmt":"2025-11-12T09:01:49","slug":"rueckfahrkamera-a809","status":"publish","type":"product","link":"https:\/\/kastenwagenzubehoer.de\/en\/product\/rueckfahrkamera-a809\/","title":{"rendered":"PCS R\u00fcckfahrkamera A809"},"content":{"rendered":"<h2 data-start=\"71\" data-end=\"91\"><span style=\"color: #ffffff;\">Produkthighlights<\/span><\/h2>\n<h2 data-start=\"71\" data-end=\"91\"><\/h2>\n<ul data-start=\"92\" data-end=\"430\">\n<li data-start=\"92\" data-end=\"181\">\n<p data-start=\"94\" data-end=\"181\">R\u00fcckfahrkamera mit klarer Bildausgabe durch <strong data-start=\"138\" data-end=\"155\">480 TV-Linien<\/strong> und <strong data-start=\"160\" data-end=\"179\">628 \u00d7 582 Pixel<\/strong><\/p>\n<\/li>\n<li data-start=\"182\" data-end=\"242\">\n<p data-start=\"184\" data-end=\"242\"><strong data-start=\"184\" data-end=\"203\">170\u00b0 Weitwinkel<\/strong> f\u00fcr eine sehr gute Sicht nach hinten<\/p>\n<\/li>\n<li data-start=\"243\" data-end=\"318\">\n<p data-start=\"245\" data-end=\"318\">Gute Erkennung auch bei schwierigen Lichtverh\u00e4ltnissen, inklusive Nebel<\/p>\n<\/li>\n<li data-start=\"319\" data-end=\"430\">\n<p data-start=\"321\" data-end=\"430\"><strong data-start=\"321\" data-end=\"342\">Schutzklasse IP67<\/strong>: zuverl\u00e4ssig gesch\u00fctzt gegen Staub und Wasser, ideal f\u00fcr den dauerhaften Au\u00dfeneinsatz<\/p>\n<\/li>\n<\/ul>\n<hr data-start=\"432\" data-end=\"435\" \/>\n<h2 data-start=\"437\" data-end=\"456\"><span style=\"color: #ffffff;\">Technische Daten<\/span><\/h2>\n<ul>\n<li style=\"list-style-type: none;\">\n<ul data-start=\"457\" data-end=\"612\">\n<li data-start=\"457\" data-end=\"473\">\n<p data-start=\"459\" data-end=\"473\">Chip: H7740H<\/p>\n<\/li>\n<li data-start=\"474\" data-end=\"504\">\n<p data-start=\"476\" data-end=\"504\">Effektive Pixel: 628 \u00d7 582<\/p>\n<\/li>\n<li data-start=\"505\" data-end=\"533\">\n<p data-start=\"507\" data-end=\"533\">Aufl\u00f6sung: 480 TV-Linien<\/p>\n<\/li>\n<li data-start=\"534\" data-end=\"555\">\n<p data-start=\"536\" data-end=\"555\">Blickwinkel: 170\u00b0<\/p>\n<\/li>\n<li data-start=\"556\" data-end=\"589\">\n<p data-start=\"558\" data-end=\"589\">Minimale Beleuchtung: 0,1 Lux<\/p>\n<\/li>\n<li data-start=\"590\" data-end=\"612\">\n<p data-start=\"592\" data-end=\"612\">Nennspannung: 12 V<\/p>\n<\/li>\n<\/ul>\n<\/li>\n<\/ul>\n<p>&nbsp;<\/p>","protected":false},"excerpt":{"rendered":"<p>Produkthighlights R\u00fcckfahrkamera mit klarer Bildausgabe durch 480 TV-Linien und 628 \u00d7 582 Pixel 170\u00b0 Weitwinkel f\u00fcr eine sehr gute Sicht nach hinten Gute Erkennung auch bei schwierigen Lichtverh\u00e4ltnissen, inklusive Nebel Schutzklasse IP67: zuverl\u00e4ssig gesch\u00fctzt gegen Staub und Wasser, ideal f\u00fcr den dauerhaften Au\u00dfeneinsatz Technische Daten Chip: H7740H Effektive Pixel: 628 \u00d7 582 Aufl\u00f6sung: 480 TV-Linien [&hellip;]<\/p>\n","protected":false},"featured_media":8344,"comment_status":"open","ping_status":"closed","template":"","meta":{"_et_pb_use_builder":"","_et_pb_old_content":"","_et_gb_content_width":""},"product_brand":[],"product_cat":[240,147],"product_tag":[136,103],"class_list":{"0":"post-941","1":"product","2":"type-product","3":"status-publish","4":"has-post-thumbnail","6":"product_cat-rueckfahrkameras-rueckfahrkamera","7":"product_cat-rueckfahrkameras","8":"product_tag-a809","9":"product_tag-rueckfahrkamera","10":"product_shipping_class-versandkostenpauschale-ii","12":"first","13":"instock","14":"taxable","15":"shipping-taxable","16":"purchasable","17":"product-type-simple"},"aioseo_notices":[],"_links":{"self":[{"href":"https:\/\/kastenwagenzubehoer.de\/en\/wp-json\/wp\/v2\/product\/941","targetHints":{"allow":["GET"]}}],"collection":[{"href":"https:\/\/kastenwagenzubehoer.de\/en\/wp-json\/wp\/v2\/product"}],"about":[{"href":"https:\/\/kastenwagenzubehoer.de\/en\/wp-json\/wp\/v2\/types\/product"}],"replies":[{"embeddable":true,"href":"https:\/\/kastenwagenzubehoer.de\/en\/wp-json\/wp\/v2\/comments?post=941"}],"wp:featuredmedia":[{"embeddable":true,"href":"https:\/\/kastenwagenzubehoer.de\/en\/wp-json\/wp\/v2\/media\/8344"}],"wp:attachment":[{"href":"https:\/\/kastenwagenzubehoer.de\/en\/wp-json\/wp\/v2\/media?parent=941"}],"wp:term":[{"taxonomy":"product_brand","embeddable":true,"href":"https:\/\/kastenwagenzubehoer.de\/en\/wp-json\/wp\/v2\/product_brand?post=941"},{"taxonomy":"product_cat","embeddable":true,"href":"https:\/\/kastenwagenzubehoer.de\/en\/wp-json\/wp\/v2\/product_cat?post=941"},{"taxonomy":"product_tag","embeddable":true,"href":"https:\/\/kastenwagenzubehoer.de\/en\/wp-json\/wp\/v2\/product_tag?post=941"}],"curies":[{"name":"wp","href":"https:\/\/api.w.org\/{rel}","templated":true}]}}