{"id":963,"date":"2022-01-17T14:55:25","date_gmt":"2022-01-17T14:55:25","guid":{"rendered":"https:\/\/kastenwagenzubehoer.de\/?post_type=product&#038;p=963"},"modified":"2026-01-30T10:37:40","modified_gmt":"2026-01-30T10:37:40","slug":"tft-rueckspiegelmonitor-5","status":"publish","type":"product","link":"https:\/\/kastenwagenzubehoer.de\/en\/product\/tft-rueckspiegelmonitor-5\/","title":{"rendered":"PCS TFT R\u00fcckspiegelmonitor 5&#8220;"},"content":{"rendered":"<h2 data-start=\"97\" data-end=\"117\"><span style=\"color: #ffffff;\">Produkthighlights<\/span><\/h2>\n<ul data-start=\"118\" data-end=\"464\">\n<li data-start=\"118\" data-end=\"176\">\n<p data-start=\"120\" data-end=\"176\">Kombination aus <strong data-start=\"136\" data-end=\"174\">R\u00fcckspiegel und Sicherheitsmonitor<\/strong><\/p>\n<\/li>\n<li data-start=\"177\" data-end=\"271\">\n<p data-start=\"179\" data-end=\"197\">2 Videoeing\u00e4nge:<\/p>\n<ul data-start=\"200\" data-end=\"271\">\n<li data-start=\"200\" data-end=\"235\">\n<p data-start=\"202\" data-end=\"235\">Wei\u00dfes Kabel f\u00fcr R\u00fcckfahrkamera<\/p>\n<\/li>\n<li data-start=\"238\" data-end=\"271\">\n<p data-start=\"240\" data-end=\"271\">Gelbes Kabel f\u00fcr DVD oder VCD<\/p>\n<\/li>\n<\/ul>\n<\/li>\n<li data-start=\"272\" data-end=\"375\">\n<p data-start=\"274\" data-end=\"375\">Einstellm\u00f6glichkeiten f\u00fcr <strong data-start=\"300\" data-end=\"343\">Helligkeit, Kontrast, Farbe und Sprache<\/strong> \u00fcber Tasten auf der R\u00fcckseite<\/p>\n<\/li>\n<li data-start=\"376\" data-end=\"464\">\n<p data-start=\"378\" data-end=\"464\">Platzsparende L\u00f6sung \u2013 Monitor ist unsichtbar integriert, wenn er nicht genutzt wird<\/p>\n<\/li>\n<\/ul>\n<hr data-start=\"466\" data-end=\"469\" \/>\n<h2 data-start=\"471\" data-end=\"490\"><span style=\"color: #ffffff;\">Technische Daten<\/span><\/h2>\n<ul data-start=\"491\" data-end=\"653\">\n<li data-start=\"491\" data-end=\"518\">\n<p data-start=\"493\" data-end=\"518\">Bildschirmgr\u00f6\u00dfe: 5 Zoll<\/p>\n<\/li>\n<li data-start=\"519\" data-end=\"550\">\n<p data-start=\"521\" data-end=\"550\">Monitoraufl\u00f6sung: 860 \u00d7 480<\/p>\n<\/li>\n<li data-start=\"551\" data-end=\"571\">\n<p data-start=\"553\" data-end=\"571\">Anschluss: Cinch<\/p>\n<\/li>\n<li data-start=\"572\" data-end=\"597\">\n<p data-start=\"574\" data-end=\"597\">Stromversorgung: 12 V<\/p>\n<\/li>\n<li data-start=\"598\" data-end=\"626\">\n<p data-start=\"600\" data-end=\"626\">Videoformate: PAL \/ NTSC<\/p>\n<\/li>\n<li data-start=\"627\" data-end=\"653\">\n<p data-start=\"629\" data-end=\"653\">Nennstromaufnahme: 3 W<\/p>\n<\/li>\n<\/ul>\n<p>&nbsp;<\/p>\n<p>Hinweis: Die im R\u00fcckspiegelmonitor dargestellte Heckansicht dient ausschlie\u00dflich der Veranschaulichung und stellt <strong data-start=\"509\" data-end=\"559\">nicht die tats\u00e4chliche Bildqualit\u00e4t der Kamera<\/strong> dar.<\/p>","protected":false},"excerpt":{"rendered":"<p>R\u00fcckspiegelmonitor<\/p>","protected":false},"featured_media":1490,"comment_status":"open","ping_status":"closed","template":"","meta":{"_et_pb_use_builder":"","_et_pb_old_content":"","_et_gb_content_width":""},"product_brand":[],"product_cat":[244,147],"product_tag":[142,141,143],"class_list":{"0":"post-963","1":"product","2":"type-product","3":"status-publish","4":"has-post-thumbnail","6":"product_cat-monitor","7":"product_cat-rueckfahrkameras","8":"product_tag-monitor","9":"product_tag-rueckspiegel","10":"product_tag-rueckspiegelmonitor","11":"product_shipping_class-versandkostenpauschale-ii","13":"first","14":"instock","15":"taxable","16":"shipping-taxable","17":"purchasable","18":"product-type-simple"},"aioseo_notices":[],"_links":{"self":[{"href":"https:\/\/kastenwagenzubehoer.de\/en\/wp-json\/wp\/v2\/product\/963","targetHints":{"allow":["GET"]}}],"collection":[{"href":"https:\/\/kastenwagenzubehoer.de\/en\/wp-json\/wp\/v2\/product"}],"about":[{"href":"https:\/\/kastenwagenzubehoer.de\/en\/wp-json\/wp\/v2\/types\/product"}],"replies":[{"embeddable":true,"href":"https:\/\/kastenwagenzubehoer.de\/en\/wp-json\/wp\/v2\/comments?post=963"}],"wp:featuredmedia":[{"embeddable":true,"href":"https:\/\/kastenwagenzubehoer.de\/en\/wp-json\/wp\/v2\/media\/1490"}],"wp:attachment":[{"href":"https:\/\/kastenwagenzubehoer.de\/en\/wp-json\/wp\/v2\/media?parent=963"}],"wp:term":[{"taxonomy":"product_brand","embeddable":true,"href":"https:\/\/kastenwagenzubehoer.de\/en\/wp-json\/wp\/v2\/product_brand?post=963"},{"taxonomy":"product_cat","embeddable":true,"href":"https:\/\/kastenwagenzubehoer.de\/en\/wp-json\/wp\/v2\/product_cat?post=963"},{"taxonomy":"product_tag","embeddable":true,"href":"https:\/\/kastenwagenzubehoer.de\/en\/wp-json\/wp\/v2\/product_tag?post=963"}],"curies":[{"name":"wp","href":"https:\/\/api.w.org\/{rel}","templated":true}]}}